{"id":4864,"date":"2019-07-14T08:07:31","date_gmt":"2019-07-14T08:07:31","guid":{"rendered":"https:\/\/apartmani-sunce.com\/kontakt\/"},"modified":"2026-04-16T17:04:33","modified_gmt":"2026-04-16T17:04:33","slug":"kontakt","status":"publish","type":"page","link":"https:\/\/apartmani-sunce.com\/hu\/kontakt\/","title":{"rendered":"Kontakt"},"content":{"rendered":"\t\t<div data-elementor-type=\"wp-post\" data-elementor-id=\"4864\" class=\"elementor elementor-4864\" data-elementor-settings=\"[]\">\n\t\t\t\t\t\t\t<div class=\"elementor-section-wrap\">\n\t\t\t\t\t\t\t<section class=\"elementor-section elementor-top-section elementor-element elementor-element-48d0d13 elementor-section-boxed elementor-section-height-default elementor-section-height-default\" data-id=\"48d0d13\" data-element_type=\"section\">\n\t\t\t\t\t\t<div class=\"elementor-container elementor-column-gap-default\">\n\t\t\t\t\t<div class=\"elementor-column elementor-col-25 elementor-top-column elementor-element elementor-element-43dc4c3\" data-id=\"43dc4c3\" data-element_type=\"column\">\n\t\t\t<div class=\"elementor-widget-wrap elementor-element-populated\">\n\t\t\t\t\t\t\t\t<div class=\"elementor-element elementor-element-c7a85be elementor-widget elementor-widget-heading\" data-id=\"c7a85be\" data-element_type=\"widget\" data-widget_type=\"heading.default\">\n\t\t\t\t<div class=\"elementor-widget-container\">\n\t\t\t<style>\/*! elementor - v3.5.4 - 23-01-2022 *\/\n.elementor-heading-title{padding:0;margin:0;line-height:1}.elementor-widget-heading .elementor-heading-title[class*=elementor-size-]>a{color:inherit;font-size:inherit;line-height:inherit}.elementor-widget-heading .elementor-heading-title.elementor-size-small{font-size:15px}.elementor-widget-heading .elementor-heading-title.elementor-size-medium{font-size:19px}.elementor-widget-heading .elementor-heading-title.elementor-size-large{font-size:29px}.elementor-widget-heading .elementor-heading-title.elementor-size-xl{font-size:39px}.elementor-widget-heading .elementor-heading-title.elementor-size-xxl{font-size:59px}<\/style><h2 class=\"elementor-heading-title elementor-size-default\">Kontakt<\/h2>\t\t<\/div>\n\t\t\t\t<\/div>\n\t\t\t\t\t<\/div>\n\t\t<\/div>\n\t\t\t\t<div class=\"elementor-column elementor-col-25 elementor-top-column elementor-element elementor-element-4bba5e3\" data-id=\"4bba5e3\" data-element_type=\"column\">\n\t\t\t<div class=\"elementor-widget-wrap elementor-element-populated\">\n\t\t\t\t\t\t\t\t<div class=\"elementor-element elementor-element-8954f1f elementor-view-default elementor-position-top elementor-vertical-align-top elementor-widget elementor-widget-icon-box\" data-id=\"8954f1f\" data-element_type=\"widget\" data-widget_type=\"icon-box.default\">\n\t\t\t\t<div class=\"elementor-widget-container\">\n\t\t\t<style>\/*! elementor - v3.5.4 - 23-01-2022 *\/\n@media (min-width:768px){.elementor-widget-icon-box.elementor-position-left .elementor-icon-box-wrapper,.elementor-widget-icon-box.elementor-position-right .elementor-icon-box-wrapper{display:-webkit-box;display:-ms-flexbox;display:flex}.elementor-widget-icon-box.elementor-position-left .elementor-icon-box-icon,.elementor-widget-icon-box.elementor-position-right .elementor-icon-box-icon{display:-webkit-inline-box;display:-ms-inline-flexbox;display:inline-flex;-webkit-box-flex:0;-ms-flex:0 0 auto;flex:0 0 auto}.elementor-widget-icon-box.elementor-position-right .elementor-icon-box-wrapper{text-align:right;-webkit-box-orient:horizontal;-webkit-box-direction:reverse;-ms-flex-direction:row-reverse;flex-direction:row-reverse}.elementor-widget-icon-box.elementor-position-left .elementor-icon-box-wrapper{text-align:left;-webkit-box-orient:horizontal;-webkit-box-direction:normal;-ms-flex-direction:row;flex-direction:row}.elementor-widget-icon-box.elementor-position-top .elementor-icon-box-img{margin:auto}.elementor-widget-icon-box.elementor-vertical-align-top .elementor-icon-box-wrapper{-webkit-box-align:start;-ms-flex-align:start;align-items:flex-start}.elementor-widget-icon-box.elementor-vertical-align-middle .elementor-icon-box-wrapper{-webkit-box-align:center;-ms-flex-align:center;align-items:center}.elementor-widget-icon-box.elementor-vertical-align-bottom .elementor-icon-box-wrapper{-webkit-box-align:end;-ms-flex-align:end;align-items:flex-end}}@media (max-width:767px){.elementor-widget-icon-box .elementor-icon-box-icon{margin-left:auto!important;margin-right:auto!important;margin-bottom:15px}}.elementor-widget-icon-box .elementor-icon-box-wrapper{text-align:center}.elementor-widget-icon-box .elementor-icon-box-title a{color:inherit}.elementor-widget-icon-box .elementor-icon-box-content{-webkit-box-flex:1;-ms-flex-positive:1;flex-grow:1}.elementor-widget-icon-box .elementor-icon-box-description{margin:0}<\/style>        <div class=\"elementor-icon-box-wrapper\">\n                    <div class=\"elementor-icon-box-icon\">\n            <span class=\"elementor-icon elementor-animation-\" >\n            <i class=\"opal-icon-mobile-alt\" aria-hidden=\"true\"><\/i>\n            <\/span>\n            <\/div>\n                <div class=\"elementor-icon-box-content\">\n            <h3 class=\"elementor-icon-box-title\">\n                <span >Telefon<\/span>\n            <\/h3>\n            <p class=\"elementor-icon-box-description\">+38761292952<br>+491729227085<br>+436608475091 Manuel<br>+385989107397 Sanja<\/p>\n            <\/div>\n        <\/div>\n        \t\t<\/div>\n\t\t\t\t<\/div>\n\t\t\t\t\t<\/div>\n\t\t<\/div>\n\t\t\t\t<div class=\"elementor-column elementor-col-25 elementor-top-column elementor-element elementor-element-691b62c\" data-id=\"691b62c\" data-element_type=\"column\">\n\t\t\t<div class=\"elementor-widget-wrap elementor-element-populated\">\n\t\t\t\t\t\t\t\t<div class=\"elementor-element elementor-element-6124cee elementor-view-default elementor-position-top elementor-vertical-align-top elementor-widget elementor-widget-icon-box\" data-id=\"6124cee\" data-element_type=\"widget\" data-widget_type=\"icon-box.default\">\n\t\t\t\t<div class=\"elementor-widget-container\">\n\t\t\t        <div class=\"elementor-icon-box-wrapper\">\n                    <div class=\"elementor-icon-box-icon\">\n            <span class=\"elementor-icon elementor-animation-\" >\n            <i class=\"opal-icon-map-marker-alt\" aria-hidden=\"true\"><\/i>\n            <\/span>\n            <\/div>\n                <div class=\"elementor-icon-box-content\">\n            <h3 class=\"elementor-icon-box-title\">\n                <span >Adresa<\/span>\n            <\/h3>\n            <p class=\"elementor-icon-box-description\">Ul. Sridnje ku\u0107ice II, br. 31<br>Vir<br><\/p>\n            <\/div>\n        <\/div>\n        \t\t<\/div>\n\t\t\t\t<\/div>\n\t\t\t\t\t<\/div>\n\t\t<\/div>\n\t\t\t\t<div class=\"elementor-column elementor-col-25 elementor-top-column elementor-element elementor-element-c9cf93d\" data-id=\"c9cf93d\" data-element_type=\"column\">\n\t\t\t<div class=\"elementor-widget-wrap elementor-element-populated\">\n\t\t\t\t\t\t\t\t<div class=\"elementor-element elementor-element-c977988 elementor-view-default elementor-position-top elementor-vertical-align-top elementor-widget elementor-widget-icon-box\" data-id=\"c977988\" data-element_type=\"widget\" data-widget_type=\"icon-box.default\">\n\t\t\t\t<div class=\"elementor-widget-container\">\n\t\t\t        <div class=\"elementor-icon-box-wrapper\">\n                    <div class=\"elementor-icon-box-icon\">\n            <span class=\"elementor-icon elementor-animation-\" >\n            <i class=\"opal-icon-envelope\" aria-hidden=\"true\"><\/i>\n            <\/span>\n            <\/div>\n                <div class=\"elementor-icon-box-content\">\n            <h3 class=\"elementor-icon-box-title\">\n                <span >Email<\/span>\n            <\/h3>\n            <p class=\"elementor-icon-box-description\"><a href=\"mailto:info@apartmani-sunce.com\">info@apartmani-sunce.com<\/a><br><a href=\"mailto:brco84@gmail.com\">brco84@gmail.com<\/a><br><a href=\"mailto:sanjaoleti7@gmail.com\">sanjaoleti7@gmail.com<\/a><\/p>\n            <\/div>\n        <\/div>\n        \t\t<\/div>\n\t\t\t\t<\/div>\n\t\t\t\t\t<\/div>\n\t\t<\/div>\n\t\t\t\t\t\t\t<\/div>\n\t\t<\/section>\n\t\t\t\t<section class=\"elementor-section elementor-top-section elementor-element elementor-element-b071e13 elementor-section-boxed elementor-section-height-default elementor-section-height-default\" data-id=\"b071e13\" data-element_type=\"section\">\n\t\t\t\t\t\t<div class=\"elementor-container elementor-column-gap-default\">\n\t\t\t\t\t<div class=\"elementor-column elementor-col-100 elementor-top-column elementor-element elementor-element-f293050\" data-id=\"f293050\" data-element_type=\"column\">\n\t\t\t<div class=\"elementor-widget-wrap elementor-element-populated\">\n\t\t\t\t\t\t\t\t<div class=\"elementor-element elementor-element-201bd4c elementor-widget elementor-widget-google_maps\" data-id=\"201bd4c\" data-element_type=\"widget\" data-widget_type=\"google_maps.default\">\n\t\t\t\t<div class=\"elementor-widget-container\">\n\t\t\t<style>\/*! elementor - v3.5.4 - 23-01-2022 *\/\n.elementor-widget-google_maps .elementor-widget-container{overflow:hidden}.elementor-widget-google_maps iframe{height:300px}<\/style>\t\t<div class=\"elementor-custom-embed\">\n\t\t\t<iframe frameborder=\"0\" scrolling=\"no\" marginheight=\"0\" marginwidth=\"0\"\n\t\t\t\t\tsrc=\"https:\/\/maps.google.com\/maps?q=44.301621%2C%2015.098488&#038;t=m&#038;z=13&#038;output=embed&#038;iwloc=near\"\n\t\t\t\t\ttitle=\"44.301621, 15.098488\"\n\t\t\t\t\taria-label=\"44.301621, 15.098488\"\n\t\t\t><\/iframe>\n\t\t<\/div>\n\t\t\t\t<\/div>\n\t\t\t\t<\/div>\n\t\t\t\t\t<\/div>\n\t\t<\/div>\n\t\t\t\t\t\t\t<\/div>\n\t\t<\/section>\n\t\t\t\t\t\t<\/div>\n\t\t\t\t\t<\/div>\n\t\t","protected":false},"excerpt":{"rendered":"<p>Kontakt Telefon +38761292952+491729227085+436608475091 Manuel+385989107397 Sanja Adresa Ul. Sridnje ku\u0107ice II, br. 31Vir Email info@apartmani-sunce.combrco84@gmail.comsanjaoleti7@gmail.com<\/p>\n","protected":false},"author":1,"featured_media":0,"parent":0,"menu_order":0,"comment_status":"closed","ping_status":"closed","template":"page-elementor.php","meta":{"footnotes":""},"class_list":["post-4864","page","type-page","status-publish","hentry"],"yoast_head":"<!-- This site is optimized with the Yoast SEO plugin v18.0 - https:\/\/yoast.com\/wordpress\/plugins\/seo\/ -->\n<title>Kontakt - Apartmani Sunce<\/title>\n<meta name=\"robots\" content=\"index, follow, max-snippet:-1, max-image-preview:large, max-video-preview:-1\" \/>\n<link rel=\"canonical\" href=\"https:\/\/apartmani-sunce.com\/hu\/kontakt\/\" \/>\n<meta property=\"og:locale\" content=\"hu_HU\" \/>\n<meta property=\"og:type\" content=\"article\" \/>\n<meta property=\"og:title\" content=\"Kontakt - Apartmani Sunce\" \/>\n<meta property=\"og:description\" content=\"Kontakt Telefon +38761292952+491729227085+436608475091 Manuel+385989107397 Sanja Adresa Ul. Sridnje ku\u0107ice II, br. 31Vir Email info@apartmani-sunce.combrco84@gmail.comsanjaoleti7@gmail.com\" \/>\n<meta property=\"og:url\" content=\"https:\/\/apartmani-sunce.com\/hu\/kontakt\/\" \/>\n<meta property=\"og:site_name\" content=\"Apartmani Sunce\" \/>\n<meta property=\"article:publisher\" content=\"https:\/\/www.facebook.com\/apartmanisuncevir\" \/>\n<meta property=\"article:modified_time\" content=\"2026-04-16T17:04:33+00:00\" \/>\n<meta property=\"og:image\" content=\"https:\/\/apartmani-sunce.com\/wp-content\/uploads\/2021\/12\/IMG-20210813-WA0026.jpg\" \/>\n\t<meta property=\"og:image:width\" content=\"1200\" \/>\n\t<meta property=\"og:image:height\" content=\"1600\" \/>\n\t<meta property=\"og:image:type\" content=\"image\/jpeg\" \/>\n<meta name=\"twitter:card\" content=\"summary_large_image\" \/>\n<meta name=\"twitter:label1\" content=\"Becs\u00fclt olvas\u00e1si id\u0151\" \/>\n\t<meta name=\"twitter:data1\" content=\"1 perc\" \/>\n<script type=\"application\/ld+json\" class=\"yoast-schema-graph\">{\"@context\":\"https:\/\/schema.org\",\"@graph\":[{\"@type\":\"Organization\",\"@id\":\"https:\/\/apartmani-sunce.com\/#organization\",\"name\":\"Apartmani Sunce\",\"url\":\"https:\/\/apartmani-sunce.com\/\",\"sameAs\":[\"https:\/\/www.facebook.com\/apartmanisuncevir\"],\"logo\":{\"@type\":\"ImageObject\",\"@id\":\"https:\/\/apartmani-sunce.com\/#logo\",\"inLanguage\":\"hu\",\"url\":\"https:\/\/apartmani-sunce.com\/wp-content\/uploads\/2021\/12\/IMG-20210808-WA0016.jpg\",\"contentUrl\":\"https:\/\/apartmani-sunce.com\/wp-content\/uploads\/2021\/12\/IMG-20210808-WA0016.jpg\",\"width\":1600,\"height\":1200,\"caption\":\"Apartmani Sunce\"},\"image\":{\"@id\":\"https:\/\/apartmani-sunce.com\/#logo\"}},{\"@type\":\"WebSite\",\"@id\":\"https:\/\/apartmani-sunce.com\/#website\",\"url\":\"https:\/\/apartmani-sunce.com\/\",\"name\":\"Apartmani Sunce\",\"description\":\"Apartmani Sunce - Otok Vir\",\"publisher\":{\"@id\":\"https:\/\/apartmani-sunce.com\/#organization\"},\"potentialAction\":[{\"@type\":\"SearchAction\",\"target\":{\"@type\":\"EntryPoint\",\"urlTemplate\":\"https:\/\/apartmani-sunce.com\/?s={search_term_string}\"},\"query-input\":\"required name=search_term_string\"}],\"inLanguage\":\"hu\"},{\"@type\":\"WebPage\",\"@id\":\"https:\/\/apartmani-sunce.com\/hu\/kontakt\/#webpage\",\"url\":\"https:\/\/apartmani-sunce.com\/hu\/kontakt\/\",\"name\":\"Kontakt - Apartmani Sunce\",\"isPartOf\":{\"@id\":\"https:\/\/apartmani-sunce.com\/#website\"},\"datePublished\":\"2019-07-14T08:07:31+00:00\",\"dateModified\":\"2026-04-16T17:04:33+00:00\",\"breadcrumb\":{\"@id\":\"https:\/\/apartmani-sunce.com\/hu\/kontakt\/#breadcrumb\"},\"inLanguage\":\"hu\",\"potentialAction\":[{\"@type\":\"ReadAction\",\"target\":[\"https:\/\/apartmani-sunce.com\/hu\/kontakt\/\"]}]},{\"@type\":\"BreadcrumbList\",\"@id\":\"https:\/\/apartmani-sunce.com\/hu\/kontakt\/#breadcrumb\",\"itemListElement\":[{\"@type\":\"ListItem\",\"position\":1,\"name\":\"Home\",\"item\":\"https:\/\/apartmani-sunce.com\/hu\/\"},{\"@type\":\"ListItem\",\"position\":2,\"name\":\"Kontakt\"}]}]}<\/script>\n<!-- \/ Yoast SEO plugin. -->","yoast_head_json":{"title":"Kontakt - Apartmani Sunce","robots":{"index":"index","follow":"follow","max-snippet":"max-snippet:-1","max-image-preview":"max-image-preview:large","max-video-preview":"max-video-preview:-1"},"canonical":"https:\/\/apartmani-sunce.com\/hu\/kontakt\/","og_locale":"hu_HU","og_type":"article","og_title":"Kontakt - Apartmani Sunce","og_description":"Kontakt Telefon +38761292952+491729227085+436608475091 Manuel+385989107397 Sanja Adresa Ul. Sridnje ku\u0107ice II, br. 31Vir Email info@apartmani-sunce.combrco84@gmail.comsanjaoleti7@gmail.com","og_url":"https:\/\/apartmani-sunce.com\/hu\/kontakt\/","og_site_name":"Apartmani Sunce","article_publisher":"https:\/\/www.facebook.com\/apartmanisuncevir","article_modified_time":"2026-04-16T17:04:33+00:00","og_image":[{"width":1200,"height":1600,"url":"https:\/\/apartmani-sunce.com\/wp-content\/uploads\/2021\/12\/IMG-20210813-WA0026.jpg","type":"image\/jpeg"}],"twitter_card":"summary_large_image","twitter_misc":{"Becs\u00fclt olvas\u00e1si id\u0151":"1 perc"},"schema":{"@context":"https:\/\/schema.org","@graph":[{"@type":"Organization","@id":"https:\/\/apartmani-sunce.com\/#organization","name":"Apartmani Sunce","url":"https:\/\/apartmani-sunce.com\/","sameAs":["https:\/\/www.facebook.com\/apartmanisuncevir"],"logo":{"@type":"ImageObject","@id":"https:\/\/apartmani-sunce.com\/#logo","inLanguage":"hu","url":"https:\/\/apartmani-sunce.com\/wp-content\/uploads\/2021\/12\/IMG-20210808-WA0016.jpg","contentUrl":"https:\/\/apartmani-sunce.com\/wp-content\/uploads\/2021\/12\/IMG-20210808-WA0016.jpg","width":1600,"height":1200,"caption":"Apartmani Sunce"},"image":{"@id":"https:\/\/apartmani-sunce.com\/#logo"}},{"@type":"WebSite","@id":"https:\/\/apartmani-sunce.com\/#website","url":"https:\/\/apartmani-sunce.com\/","name":"Apartmani Sunce","description":"Apartmani Sunce - Otok Vir","publisher":{"@id":"https:\/\/apartmani-sunce.com\/#organization"},"potentialAction":[{"@type":"SearchAction","target":{"@type":"EntryPoint","urlTemplate":"https:\/\/apartmani-sunce.com\/?s={search_term_string}"},"query-input":"required name=search_term_string"}],"inLanguage":"hu"},{"@type":"WebPage","@id":"https:\/\/apartmani-sunce.com\/hu\/kontakt\/#webpage","url":"https:\/\/apartmani-sunce.com\/hu\/kontakt\/","name":"Kontakt - Apartmani Sunce","isPartOf":{"@id":"https:\/\/apartmani-sunce.com\/#website"},"datePublished":"2019-07-14T08:07:31+00:00","dateModified":"2026-04-16T17:04:33+00:00","breadcrumb":{"@id":"https:\/\/apartmani-sunce.com\/hu\/kontakt\/#breadcrumb"},"inLanguage":"hu","potentialAction":[{"@type":"ReadAction","target":["https:\/\/apartmani-sunce.com\/hu\/kontakt\/"]}]},{"@type":"BreadcrumbList","@id":"https:\/\/apartmani-sunce.com\/hu\/kontakt\/#breadcrumb","itemListElement":[{"@type":"ListItem","position":1,"name":"Home","item":"https:\/\/apartmani-sunce.com\/hu\/"},{"@type":"ListItem","position":2,"name":"Kontakt"}]}]}},"_links":{"self":[{"href":"https:\/\/apartmani-sunce.com\/hu\/wp-json\/wp\/v2\/pages\/4864","targetHints":{"allow":["GET"]}}],"collection":[{"href":"https:\/\/apartmani-sunce.com\/hu\/wp-json\/wp\/v2\/pages"}],"about":[{"href":"https:\/\/apartmani-sunce.com\/hu\/wp-json\/wp\/v2\/types\/page"}],"author":[{"embeddable":true,"href":"https:\/\/apartmani-sunce.com\/hu\/wp-json\/wp\/v2\/users\/1"}],"replies":[{"embeddable":true,"href":"https:\/\/apartmani-sunce.com\/hu\/wp-json\/wp\/v2\/comments?post=4864"}],"version-history":[{"count":15,"href":"https:\/\/apartmani-sunce.com\/hu\/wp-json\/wp\/v2\/pages\/4864\/revisions"}],"predecessor-version":[{"id":4948,"href":"https:\/\/apartmani-sunce.com\/hu\/wp-json\/wp\/v2\/pages\/4864\/revisions\/4948"}],"wp:attachment":[{"href":"https:\/\/apartmani-sunce.com\/hu\/wp-json\/wp\/v2\/media?parent=4864"}],"curies":[{"name":"wp","href":"https:\/\/api.w.org\/{rel}","templated":true}]}}