{"id":4485,"date":"2022-01-09T23:20:20","date_gmt":"2022-01-09T23:20:20","guid":{"rendered":"https:\/\/apartmani-sunce.com\/plaze\/"},"modified":"2022-01-26T20:00:36","modified_gmt":"2022-01-26T20:00:36","slug":"plaze","status":"publish","type":"page","link":"https:\/\/apartmani-sunce.com\/hu\/plaze\/","title":{"rendered":"Pla\u017ee"},"content":{"rendered":"\t\t<div data-elementor-type=\"wp-page\" data-elementor-id=\"4485\" class=\"elementor elementor-4485\" data-elementor-settings=\"[]\">\n\t\t\t\t\t\t\t<div class=\"elementor-section-wrap\">\n\t\t\t\t\t\t\t<section class=\"elementor-section elementor-top-section elementor-element elementor-element-1c7690d elementor-section-boxed elementor-section-height-default elementor-section-height-default\" data-id=\"1c7690d\" data-element_type=\"section\">\n\t\t\t\t\t\t<div class=\"elementor-container elementor-column-gap-default\">\n\t\t\t\t\t<div class=\"elementor-column elementor-col-33 elementor-top-column elementor-element elementor-element-26ac825\" data-id=\"26ac825\" data-element_type=\"column\">\n\t\t\t<div class=\"elementor-widget-wrap elementor-element-populated\">\n\t\t\t\t\t\t\t\t<div class=\"elementor-element elementor-element-065792d elementor-position-top imagebox-svg-transform-none elementor-vertical-align-top elementor-widget elementor-widget-image-box\" data-id=\"065792d\" data-element_type=\"widget\" data-widget_type=\"image-box.default\">\n\t\t\t\t<div class=\"elementor-widget-container\">\n\t\t\t<style>\/*! elementor - v3.5.4 - 23-01-2022 *\/\n.elementor-widget-image-box .elementor-image-box-content{width:100%}@media (min-width:768px){.elementor-widget-image-box.elementor-position-left .elementor-image-box-wrapper,.elementor-widget-image-box.elementor-position-right .elementor-image-box-wrapper{display:-webkit-box;display:-ms-flexbox;display:flex}.elementor-widget-image-box.elementor-position-right .elementor-image-box-wrapper{text-align:right;-webkit-box-orient:horizontal;-webkit-box-direction:reverse;-ms-flex-direction:row-reverse;flex-direction:row-reverse}.elementor-widget-image-box.elementor-position-left .elementor-image-box-wrapper{text-align:left;-webkit-box-orient:horizontal;-webkit-box-direction:normal;-ms-flex-direction:row;flex-direction:row}.elementor-widget-image-box.elementor-position-top .elementor-image-box-img{margin:auto}.elementor-widget-image-box.elementor-vertical-align-top .elementor-image-box-wrapper{-webkit-box-align:start;-ms-flex-align:start;align-items:flex-start}.elementor-widget-image-box.elementor-vertical-align-middle .elementor-image-box-wrapper{-webkit-box-align:center;-ms-flex-align:center;align-items:center}.elementor-widget-image-box.elementor-vertical-align-bottom .elementor-image-box-wrapper{-webkit-box-align:end;-ms-flex-align:end;align-items:flex-end}}@media (max-width:767px){.elementor-widget-image-box .elementor-image-box-img{margin-left:auto!important;margin-right:auto!important;margin-bottom:15px}}.elementor-widget-image-box .elementor-image-box-img{display:inline-block}.elementor-widget-image-box .elementor-image-box-title a{color:inherit}.elementor-widget-image-box .elementor-image-box-wrapper{text-align:center}.elementor-widget-image-box .elementor-image-box-description{margin:0}<\/style><div class=\"elementor-image-box-wrapper\"><div class=\"elementor-image-framed\"><figure class=\"elementor-image-box-img\"><img loading=\"lazy\" decoding=\"async\" width=\"524\" height=\"350\" src=\"https:\/\/apartmani-sunce.com\/wp-content\/uploads\/2022\/01\/Jadro-Vir-otok-Vir_0_350.jpg\" class=\"attachment-full size-full\" alt=\"\" srcset=\"https:\/\/apartmani-sunce.com\/wp-content\/uploads\/2022\/01\/Jadro-Vir-otok-Vir_0_350.jpg 524w, https:\/\/apartmani-sunce.com\/wp-content\/uploads\/2022\/01\/Jadro-Vir-otok-Vir_0_350-300x200.jpg 300w\" sizes=\"auto, (max-width: 524px) 100vw, 524px\" \/><\/figure><\/div><div class=\"elementor-image-box-content\"><h5 class=\"elementor-image-box-title\">Jadro<\/h5><p class=\"elementor-image-box-description\">A Jadro strand Vir egyik legn\u00e9pszer\u0171bb strandja, mivel ez a sziget legnagyobb turisztikai k\u00f6zpontja. Nagyon tiszta kavicsos strand, finom homokos talajjal. A tenger itt kisebb m\u00e9lys\u00e9g\u0171, amit k\u00fcl\u00f6n\u00f6sen a gyermekes csal\u00e1dok \u00e9rt\u00e9kelnek. Emellett sport- \u00e9s szabadid\u0151s tev\u00e9kenys\u00e9gek sz\u00e9les v\u00e1laszt\u00e9ka v\u00e1rja \u00d6nt, valamint sz\u00e1mos \u00e9tterem, tengerparti b\u00e1r \u00e9s k\u00e1v\u00e9z\u00f3 teszi t\u00f6k\u00e9letess\u00e9 a turisztikai k\u00edn\u00e1latot. \nA strandon nyug\u00e1gyak \u00e9s naperny\u0151k b\u00e9relhet\u0151k.<\/p><\/div><\/div>\t\t<\/div>\n\t\t\t\t<\/div>\n\t\t\t\t<div class=\"elementor-element elementor-element-0e49775 elementor-position-top imagebox-svg-transform-none elementor-vertical-align-top elementor-widget elementor-widget-image-box\" data-id=\"0e49775\" data-element_type=\"widget\" data-widget_type=\"image-box.default\">\n\t\t\t\t<div class=\"elementor-widget-container\">\n\t\t\t<div class=\"elementor-image-box-wrapper\"><div class=\"elementor-image-framed\"><figure class=\"elementor-image-box-img\"><img loading=\"lazy\" decoding=\"async\" width=\"640\" height=\"431\" src=\"https:\/\/apartmani-sunce.com\/wp-content\/uploads\/2022\/01\/b0d5cc15-f94c-4a27-b723-b4dbd225e32e_l.jpg\" class=\"attachment-full size-full\" alt=\"\" srcset=\"https:\/\/apartmani-sunce.com\/wp-content\/uploads\/2022\/01\/b0d5cc15-f94c-4a27-b723-b4dbd225e32e_l.jpg 640w, https:\/\/apartmani-sunce.com\/wp-content\/uploads\/2022\/01\/b0d5cc15-f94c-4a27-b723-b4dbd225e32e_l-300x202.jpg 300w\" sizes=\"auto, (max-width: 640px) 100vw, 640px\" \/><\/figure><\/div><div class=\"elementor-image-box-content\"><h5 class=\"elementor-image-box-title\">\u017ditna<\/h5><p class=\"elementor-image-box-description\">Ez a gy\u00f6ny\u00f6r\u0171, hossz\u00fak\u00e1s \u00f6b\u00f6l Vir \u00e9szaki r\u00e9sz\u00e9n tal\u00e1lhat\u00f3, \u00e9s a sziget egyik f\u0151 turisztikai k\u00f6zpontja. Itt tal\u00e1lhat\u00f3 egy kavicsos strand, amely nagyon finoman lejt a tengerbe. A talaj itt r\u00e9szben homokos, amit a gyermekes csal\u00e1dok, de az id\u0151sek is nagyra \u00e9rt\u00e9kelnek. A turisztikai k\u00edn\u00e1lat kiv\u00e1l\u00f3: \u00e9ttermek, k\u00e1v\u00e9z\u00f3k \u00e9s bisztr\u00f3k, valamint v\u00edzi sportok \u00e9s szabadid\u0151s tev\u00e9kenys\u00e9gek sz\u00e9les v\u00e1laszt\u00e9ka v\u00e1rja \u00d6nt.<\/p><\/div><\/div>\t\t<\/div>\n\t\t\t\t<\/div>\n\t\t\t\t\t<\/div>\n\t\t<\/div>\n\t\t\t\t<div class=\"elementor-column elementor-col-33 elementor-top-column elementor-element elementor-element-2cd4122\" data-id=\"2cd4122\" data-element_type=\"column\">\n\t\t\t<div class=\"elementor-widget-wrap elementor-element-populated\">\n\t\t\t\t\t\t\t\t<div class=\"elementor-element elementor-element-5b2950f elementor-position-top imagebox-svg-transform-none elementor-vertical-align-top elementor-widget elementor-widget-image-box\" data-id=\"5b2950f\" data-element_type=\"widget\" data-widget_type=\"image-box.default\">\n\t\t\t\t<div class=\"elementor-widget-container\">\n\t\t\t<div class=\"elementor-image-box-wrapper\"><div class=\"elementor-image-framed\"><figure class=\"elementor-image-box-img\"><img loading=\"lazy\" decoding=\"async\" width=\"720\" height=\"480\" src=\"https:\/\/apartmani-sunce.com\/wp-content\/uploads\/2022\/01\/plaza-sapavac-7920-vir_157236586201.jpg\" class=\"attachment-full size-full\" alt=\"\" srcset=\"https:\/\/apartmani-sunce.com\/wp-content\/uploads\/2022\/01\/plaza-sapavac-7920-vir_157236586201.jpg 720w, https:\/\/apartmani-sunce.com\/wp-content\/uploads\/2022\/01\/plaza-sapavac-7920-vir_157236586201-300x200.jpg 300w, https:\/\/apartmani-sunce.com\/wp-content\/uploads\/2022\/01\/plaza-sapavac-7920-vir_157236586201-700x467.jpg 700w\" sizes=\"auto, (max-width: 720px) 100vw, 720px\" \/><\/figure><\/div><div class=\"elementor-image-box-content\"><h5 class=\"elementor-image-box-title\">Sapavac<\/h5><p class=\"elementor-image-box-description\">A Sapavac strand egy idillikus homokos strand a sziget d\u00e9li r\u00e9sz\u00e9n. Ez a csendes \u00f6b\u00f6l egy nagyon s\u00edk strand, melynek iszapja \u00e1ll\u00edt\u00f3lag gy\u00f3gy\u00edt\u00f3 hat\u00e1ssal van a reum\u00e1s betegs\u00e9gekre. K\u00f6zvetlen\u00fcl a Sapavac strand mellett tal\u00e1lhat\u00f3 a Kastelina er\u0151d, amely a sziget egyik f\u0151 l\u00e1tv\u00e1nyoss\u00e1ga.<\/p><\/div><\/div>\t\t<\/div>\n\t\t\t\t<\/div>\n\t\t\t\t<div class=\"elementor-element elementor-element-758f592 elementor-position-top imagebox-svg-transform-none elementor-vertical-align-top elementor-widget elementor-widget-image-box\" data-id=\"758f592\" data-element_type=\"widget\" data-widget_type=\"image-box.default\">\n\t\t\t\t<div class=\"elementor-widget-container\">\n\t\t\t<div class=\"elementor-image-box-wrapper\"><div class=\"elementor-image-framed\"><figure class=\"elementor-image-box-img\"><img loading=\"lazy\" decoding=\"async\" width=\"1599\" height=\"899\" src=\"https:\/\/apartmani-sunce.com\/wp-content\/uploads\/2022\/01\/IMG-20211029-WA0024.jpg\" class=\"attachment-full size-full\" alt=\"\" srcset=\"https:\/\/apartmani-sunce.com\/wp-content\/uploads\/2022\/01\/IMG-20211029-WA0024.jpg 1599w, https:\/\/apartmani-sunce.com\/wp-content\/uploads\/2022\/01\/IMG-20211029-WA0024-300x169.jpg 300w, https:\/\/apartmani-sunce.com\/wp-content\/uploads\/2022\/01\/IMG-20211029-WA0024-1024x576.jpg 1024w, https:\/\/apartmani-sunce.com\/wp-content\/uploads\/2022\/01\/IMG-20211029-WA0024-768x432.jpg 768w, https:\/\/apartmani-sunce.com\/wp-content\/uploads\/2022\/01\/IMG-20211029-WA0024-1536x864.jpg 1536w, https:\/\/apartmani-sunce.com\/wp-content\/uploads\/2022\/01\/IMG-20211029-WA0024-700x394.jpg 700w\" sizes=\"auto, (max-width: 1599px) 100vw, 1599px\" \/><\/figure><\/div><div class=\"elementor-image-box-content\"><h5 class=\"elementor-image-box-title\">Stra\u017ea<\/h5><p class=\"elementor-image-box-description\">A Straza strand egy gy\u00f6ny\u00f6r\u0171 \u00e9s kiv\u00e1l\u00f3 strand, amely b\u00e9k\u00e9s nyaral\u00e1st k\u00edn\u00e1l Viren. Ez a kavicsos strand igaz\u00e1n idillikus hangulattal, gy\u00f6ny\u00f6r\u0171 krist\u00e1lytiszta v\u00edzzel \u00e9s a Pag-sziget hegyeire ny\u00edl\u00f3 fantasztikus kil\u00e1t\u00e1ssal gy\u00f6ny\u00f6rk\u00f6dtet. A l\u00e1togat\u00f3kat igaz\u00e1n elragadtatja a rendk\u00edv\u00fcl nyugodt hangulat \u00e9s a gy\u00f6ny\u00f6r\u0171 t\u00e1j.<\/p><\/div><\/div>\t\t<\/div>\n\t\t\t\t<\/div>\n\t\t\t\t\t<\/div>\n\t\t<\/div>\n\t\t\t\t<div class=\"elementor-column elementor-col-33 elementor-top-column elementor-element elementor-element-fa7d9fe\" data-id=\"fa7d9fe\" data-element_type=\"column\">\n\t\t\t<div class=\"elementor-widget-wrap elementor-element-populated\">\n\t\t\t\t\t\t\t\t<div class=\"elementor-element elementor-element-f495f57 elementor-position-top imagebox-svg-transform-none elementor-vertical-align-top elementor-widget elementor-widget-image-box\" data-id=\"f495f57\" data-element_type=\"widget\" data-widget_type=\"image-box.default\">\n\t\t\t\t<div class=\"elementor-widget-container\">\n\t\t\t<div class=\"elementor-image-box-wrapper\"><div class=\"elementor-image-framed\"><figure class=\"elementor-image-box-img\"><img loading=\"lazy\" decoding=\"async\" width=\"467\" height=\"467\" src=\"https:\/\/apartmani-sunce.com\/wp-content\/uploads\/2022\/01\/lifestyleputovanjaplaza-duboka-draga-nesto-je-sto-ovoga-ljeta-morate-637596160694776295_467_467.jpeg\" class=\"attachment-full size-full\" alt=\"\" srcset=\"https:\/\/apartmani-sunce.com\/wp-content\/uploads\/2022\/01\/lifestyleputovanjaplaza-duboka-draga-nesto-je-sto-ovoga-ljeta-morate-637596160694776295_467_467.jpeg 467w, https:\/\/apartmani-sunce.com\/wp-content\/uploads\/2022\/01\/lifestyleputovanjaplaza-duboka-draga-nesto-je-sto-ovoga-ljeta-morate-637596160694776295_467_467-300x300.jpeg 300w, https:\/\/apartmani-sunce.com\/wp-content\/uploads\/2022\/01\/lifestyleputovanjaplaza-duboka-draga-nesto-je-sto-ovoga-ljeta-morate-637596160694776295_467_467-150x150.jpeg 150w, https:\/\/apartmani-sunce.com\/wp-content\/uploads\/2022\/01\/lifestyleputovanjaplaza-duboka-draga-nesto-je-sto-ovoga-ljeta-morate-637596160694776295_467_467-400x400.jpeg 400w, https:\/\/apartmani-sunce.com\/wp-content\/uploads\/2022\/01\/lifestyleputovanjaplaza-duboka-draga-nesto-je-sto-ovoga-ljeta-morate-637596160694776295_467_467-100x100.jpeg 100w\" sizes=\"auto, (max-width: 467px) 100vw, 467px\" \/><\/figure><\/div><div class=\"elementor-image-box-content\"><h5 class=\"elementor-image-box-title\">Duboka Draga<\/h5><p class=\"elementor-image-box-description\">Sok l\u00e1togat\u00f3 sz\u00e1m\u00e1ra a fest\u0151i Duboka Draga strand Vir legszebb strandja. Ez a gy\u00f6ny\u00f6r\u0171 term\u00e9szetes \u00f6b\u00f6l a sziget \u00e9szaki r\u00e9sz\u00e9n tal\u00e1lhat\u00f3, amely leny\u0171g\u00f6z v\u00f6r\u00f6s szikl\u00e1ival \u00e9s gy\u00f6ny\u00f6r\u0171, finom term\u00e9szetes homokos strandj\u00e1val. A tenger sz\u00ednei itt is fantasztikusak, \u00e9s l\u00e1tv\u00e1nyos kontrasztot adnak a v\u00f6r\u00f6s szikl\u00e1knak.<\/p><\/div><\/div>\t\t<\/div>\n\t\t\t\t<\/div>\n\t\t\t\t\t<\/div>\n\t\t<\/div>\n\t\t\t\t\t\t\t<\/div>\n\t\t<\/section>\n\t\t\t\t\t\t<\/div>\n\t\t\t\t\t<\/div>\n\t\t","protected":false},"excerpt":{"rendered":"<p>Jadro A Jadro strand Vir egyik legn\u00e9pszer\u0171bb strandja, mivel ez a sziget legnagyobb turisztikai k\u00f6zpontja. Nagyon tiszta kavicsos strand, finom homokos talajjal. A tenger itt kisebb m\u00e9lys\u00e9g\u0171, amit k\u00fcl\u00f6n\u00f6sen a gyermekes csal\u00e1dok \u00e9rt\u00e9kelnek. Emellett sport- \u00e9s szabadid\u0151s tev\u00e9kenys\u00e9gek sz\u00e9les v\u00e1laszt\u00e9ka v\u00e1rja \u00d6nt, valamint sz\u00e1mos \u00e9tterem, tengerparti b\u00e1r \u00e9s k\u00e1v\u00e9z\u00f3 teszi t\u00f6k\u00e9letess\u00e9 a turisztikai k\u00edn\u00e1latot. A &hellip; <span class=\"more-link-wrap\"><a href=\"https:\/\/apartmani-sunce.com\/hu\/plaze\/\" class=\"more-link\">Read More <span class=\"screen-reader-text\"> &#8222;Pla\u017ee&#8221;<\/span><\/a><\/span><\/p>\n","protected":false},"author":1,"featured_media":0,"parent":0,"menu_order":0,"comment_status":"closed","ping_status":"closed","template":"","meta":{"footnotes":""},"class_list":["post-4485","page","type-page","status-publish","hentry"],"yoast_head":"<!-- This site is optimized with the Yoast SEO plugin v18.0 - https:\/\/yoast.com\/wordpress\/plugins\/seo\/ -->\n<title>Pla\u017ee - Apartmani Sunce<\/title>\n<meta name=\"robots\" content=\"index, follow, max-snippet:-1, max-image-preview:large, max-video-preview:-1\" \/>\n<link rel=\"canonical\" href=\"https:\/\/apartmani-sunce.com\/hu\/plaze\/\" \/>\n<meta property=\"og:locale\" content=\"hu_HU\" \/>\n<meta property=\"og:type\" content=\"article\" \/>\n<meta property=\"og:title\" content=\"Pla\u017ee - Apartmani Sunce\" \/>\n<meta property=\"og:description\" content=\"Jadro A Jadro strand Vir egyik legn\u00e9pszer\u0171bb strandja, mivel ez a sziget legnagyobb turisztikai k\u00f6zpontja. Nagyon tiszta kavicsos strand, finom homokos talajjal. A tenger itt kisebb m\u00e9lys\u00e9g\u0171, amit k\u00fcl\u00f6n\u00f6sen a gyermekes csal\u00e1dok \u00e9rt\u00e9kelnek. Emellett sport- \u00e9s szabadid\u0151s tev\u00e9kenys\u00e9gek sz\u00e9les v\u00e1laszt\u00e9ka v\u00e1rja \u00d6nt, valamint sz\u00e1mos \u00e9tterem, tengerparti b\u00e1r \u00e9s k\u00e1v\u00e9z\u00f3 teszi t\u00f6k\u00e9letess\u00e9 a turisztikai k\u00edn\u00e1latot. A &hellip; Read More &quot;Pla\u017ee&quot;\" \/>\n<meta property=\"og:url\" content=\"https:\/\/apartmani-sunce.com\/hu\/plaze\/\" \/>\n<meta property=\"og:site_name\" content=\"Apartmani Sunce\" \/>\n<meta property=\"article:publisher\" content=\"https:\/\/www.facebook.com\/apartmanisuncevir\" \/>\n<meta property=\"article:modified_time\" content=\"2022-01-26T20:00:36+00:00\" \/>\n<meta property=\"og:image\" content=\"https:\/\/apartmani-sunce.com\/wp-content\/uploads\/2022\/01\/Jadro-Vir-otok-Vir_0_350.jpg\" \/>\n<meta name=\"twitter:card\" content=\"summary_large_image\" \/>\n<meta name=\"twitter:label1\" content=\"Becs\u00fclt olvas\u00e1si id\u0151\" \/>\n\t<meta name=\"twitter:data1\" content=\"2 perc\" \/>\n<script type=\"application\/ld+json\" class=\"yoast-schema-graph\">{\"@context\":\"https:\/\/schema.org\",\"@graph\":[{\"@type\":\"Organization\",\"@id\":\"https:\/\/apartmani-sunce.com\/#organization\",\"name\":\"Apartmani Sunce\",\"url\":\"https:\/\/apartmani-sunce.com\/\",\"sameAs\":[\"https:\/\/www.facebook.com\/apartmanisuncevir\"],\"logo\":{\"@type\":\"ImageObject\",\"@id\":\"https:\/\/apartmani-sunce.com\/#logo\",\"inLanguage\":\"hu\",\"url\":\"https:\/\/apartmani-sunce.com\/wp-content\/uploads\/2021\/12\/IMG-20210808-WA0016.jpg\",\"contentUrl\":\"https:\/\/apartmani-sunce.com\/wp-content\/uploads\/2021\/12\/IMG-20210808-WA0016.jpg\",\"width\":1600,\"height\":1200,\"caption\":\"Apartmani Sunce\"},\"image\":{\"@id\":\"https:\/\/apartmani-sunce.com\/#logo\"}},{\"@type\":\"WebSite\",\"@id\":\"https:\/\/apartmani-sunce.com\/#website\",\"url\":\"https:\/\/apartmani-sunce.com\/\",\"name\":\"Apartmani Sunce\",\"description\":\"Apartmani Sunce - Otok Vir\",\"publisher\":{\"@id\":\"https:\/\/apartmani-sunce.com\/#organization\"},\"potentialAction\":[{\"@type\":\"SearchAction\",\"target\":{\"@type\":\"EntryPoint\",\"urlTemplate\":\"https:\/\/apartmani-sunce.com\/?s={search_term_string}\"},\"query-input\":\"required name=search_term_string\"}],\"inLanguage\":\"hu\"},{\"@type\":\"ImageObject\",\"@id\":\"https:\/\/apartmani-sunce.com\/hu\/plaze\/#primaryimage\",\"inLanguage\":\"hu\",\"url\":\"https:\/\/apartmani-sunce.com\/wp-content\/uploads\/2022\/01\/Jadro-Vir-otok-Vir_0_350.jpg\",\"contentUrl\":\"https:\/\/apartmani-sunce.com\/wp-content\/uploads\/2022\/01\/Jadro-Vir-otok-Vir_0_350.jpg\",\"width\":524,\"height\":350},{\"@type\":\"WebPage\",\"@id\":\"https:\/\/apartmani-sunce.com\/hu\/plaze\/#webpage\",\"url\":\"https:\/\/apartmani-sunce.com\/hu\/plaze\/\",\"name\":\"Pla\u017ee - Apartmani Sunce\",\"isPartOf\":{\"@id\":\"https:\/\/apartmani-sunce.com\/#website\"},\"primaryImageOfPage\":{\"@id\":\"https:\/\/apartmani-sunce.com\/hu\/plaze\/#primaryimage\"},\"datePublished\":\"2022-01-09T23:20:20+00:00\",\"dateModified\":\"2022-01-26T20:00:36+00:00\",\"breadcrumb\":{\"@id\":\"https:\/\/apartmani-sunce.com\/hu\/plaze\/#breadcrumb\"},\"inLanguage\":\"hu\",\"potentialAction\":[{\"@type\":\"ReadAction\",\"target\":[\"https:\/\/apartmani-sunce.com\/hu\/plaze\/\"]}]},{\"@type\":\"BreadcrumbList\",\"@id\":\"https:\/\/apartmani-sunce.com\/hu\/plaze\/#breadcrumb\",\"itemListElement\":[{\"@type\":\"ListItem\",\"position\":1,\"name\":\"Home\",\"item\":\"https:\/\/apartmani-sunce.com\/hu\/\"},{\"@type\":\"ListItem\",\"position\":2,\"name\":\"Pla\u017ee\"}]}]}<\/script>\n<!-- \/ Yoast SEO plugin. -->","yoast_head_json":{"title":"Pla\u017ee - Apartmani Sunce","robots":{"index":"index","follow":"follow","max-snippet":"max-snippet:-1","max-image-preview":"max-image-preview:large","max-video-preview":"max-video-preview:-1"},"canonical":"https:\/\/apartmani-sunce.com\/hu\/plaze\/","og_locale":"hu_HU","og_type":"article","og_title":"Pla\u017ee - Apartmani Sunce","og_description":"Jadro A Jadro strand Vir egyik legn\u00e9pszer\u0171bb strandja, mivel ez a sziget legnagyobb turisztikai k\u00f6zpontja. Nagyon tiszta kavicsos strand, finom homokos talajjal. A tenger itt kisebb m\u00e9lys\u00e9g\u0171, amit k\u00fcl\u00f6n\u00f6sen a gyermekes csal\u00e1dok \u00e9rt\u00e9kelnek. Emellett sport- \u00e9s szabadid\u0151s tev\u00e9kenys\u00e9gek sz\u00e9les v\u00e1laszt\u00e9ka v\u00e1rja \u00d6nt, valamint sz\u00e1mos \u00e9tterem, tengerparti b\u00e1r \u00e9s k\u00e1v\u00e9z\u00f3 teszi t\u00f6k\u00e9letess\u00e9 a turisztikai k\u00edn\u00e1latot. A &hellip; Read More \"Pla\u017ee\"","og_url":"https:\/\/apartmani-sunce.com\/hu\/plaze\/","og_site_name":"Apartmani Sunce","article_publisher":"https:\/\/www.facebook.com\/apartmanisuncevir","article_modified_time":"2022-01-26T20:00:36+00:00","og_image":[{"url":"https:\/\/apartmani-sunce.com\/wp-content\/uploads\/2022\/01\/Jadro-Vir-otok-Vir_0_350.jpg"}],"twitter_card":"summary_large_image","twitter_misc":{"Becs\u00fclt olvas\u00e1si id\u0151":"2 perc"},"schema":{"@context":"https:\/\/schema.org","@graph":[{"@type":"Organization","@id":"https:\/\/apartmani-sunce.com\/#organization","name":"Apartmani Sunce","url":"https:\/\/apartmani-sunce.com\/","sameAs":["https:\/\/www.facebook.com\/apartmanisuncevir"],"logo":{"@type":"ImageObject","@id":"https:\/\/apartmani-sunce.com\/#logo","inLanguage":"hu","url":"https:\/\/apartmani-sunce.com\/wp-content\/uploads\/2021\/12\/IMG-20210808-WA0016.jpg","contentUrl":"https:\/\/apartmani-sunce.com\/wp-content\/uploads\/2021\/12\/IMG-20210808-WA0016.jpg","width":1600,"height":1200,"caption":"Apartmani Sunce"},"image":{"@id":"https:\/\/apartmani-sunce.com\/#logo"}},{"@type":"WebSite","@id":"https:\/\/apartmani-sunce.com\/#website","url":"https:\/\/apartmani-sunce.com\/","name":"Apartmani Sunce","description":"Apartmani Sunce - Otok Vir","publisher":{"@id":"https:\/\/apartmani-sunce.com\/#organization"},"potentialAction":[{"@type":"SearchAction","target":{"@type":"EntryPoint","urlTemplate":"https:\/\/apartmani-sunce.com\/?s={search_term_string}"},"query-input":"required name=search_term_string"}],"inLanguage":"hu"},{"@type":"ImageObject","@id":"https:\/\/apartmani-sunce.com\/hu\/plaze\/#primaryimage","inLanguage":"hu","url":"https:\/\/apartmani-sunce.com\/wp-content\/uploads\/2022\/01\/Jadro-Vir-otok-Vir_0_350.jpg","contentUrl":"https:\/\/apartmani-sunce.com\/wp-content\/uploads\/2022\/01\/Jadro-Vir-otok-Vir_0_350.jpg","width":524,"height":350},{"@type":"WebPage","@id":"https:\/\/apartmani-sunce.com\/hu\/plaze\/#webpage","url":"https:\/\/apartmani-sunce.com\/hu\/plaze\/","name":"Pla\u017ee - Apartmani Sunce","isPartOf":{"@id":"https:\/\/apartmani-sunce.com\/#website"},"primaryImageOfPage":{"@id":"https:\/\/apartmani-sunce.com\/hu\/plaze\/#primaryimage"},"datePublished":"2022-01-09T23:20:20+00:00","dateModified":"2022-01-26T20:00:36+00:00","breadcrumb":{"@id":"https:\/\/apartmani-sunce.com\/hu\/plaze\/#breadcrumb"},"inLanguage":"hu","potentialAction":[{"@type":"ReadAction","target":["https:\/\/apartmani-sunce.com\/hu\/plaze\/"]}]},{"@type":"BreadcrumbList","@id":"https:\/\/apartmani-sunce.com\/hu\/plaze\/#breadcrumb","itemListElement":[{"@type":"ListItem","position":1,"name":"Home","item":"https:\/\/apartmani-sunce.com\/hu\/"},{"@type":"ListItem","position":2,"name":"Pla\u017ee"}]}]}},"_links":{"self":[{"href":"https:\/\/apartmani-sunce.com\/hu\/wp-json\/wp\/v2\/pages\/4485","targetHints":{"allow":["GET"]}}],"collection":[{"href":"https:\/\/apartmani-sunce.com\/hu\/wp-json\/wp\/v2\/pages"}],"about":[{"href":"https:\/\/apartmani-sunce.com\/hu\/wp-json\/wp\/v2\/types\/page"}],"author":[{"embeddable":true,"href":"https:\/\/apartmani-sunce.com\/hu\/wp-json\/wp\/v2\/users\/1"}],"replies":[{"embeddable":true,"href":"https:\/\/apartmani-sunce.com\/hu\/wp-json\/wp\/v2\/comments?post=4485"}],"version-history":[{"count":3,"href":"https:\/\/apartmani-sunce.com\/hu\/wp-json\/wp\/v2\/pages\/4485\/revisions"}],"predecessor-version":[{"id":4735,"href":"https:\/\/apartmani-sunce.com\/hu\/wp-json\/wp\/v2\/pages\/4485\/revisions\/4735"}],"wp:attachment":[{"href":"https:\/\/apartmani-sunce.com\/hu\/wp-json\/wp\/v2\/media?parent=4485"}],"curies":[{"name":"wp","href":"https:\/\/api.w.org\/{rel}","templated":true}]}}