{"id":4482,"date":"2019-07-22T03:19:06","date_gmt":"2019-07-22T03:19:06","guid":{"rendered":"https:\/\/apartmani-sunce.com\/o-nama\/"},"modified":"2022-02-13T17:29:13","modified_gmt":"2022-02-13T17:29:13","slug":"o-nama","status":"publish","type":"page","link":"https:\/\/apartmani-sunce.com\/hu\/o-nama\/","title":{"rendered":"O nama"},"content":{"rendered":"\t\t<div data-elementor-type=\"wp-post\" data-elementor-id=\"4482\" class=\"elementor elementor-4482\" data-elementor-settings=\"[]\">\n\t\t\t\t\t\t\t<div class=\"elementor-section-wrap\">\n\t\t\t\t\t\t\t<div class=\"elementor-section elementor-top-section elementor-element elementor-element-5d05bbe elementor-section-stretched elementor-section-boxed elementor-section-height-default elementor-section-height-default\" data-id=\"5d05bbe\" data-element_type=\"section\" data-settings=\"{&quot;stretch_section&quot;:&quot;section-stretched&quot;}\">\n\t\t\t\t\t\t<div class=\"elementor-container elementor-column-gap-no\">\n\t\t\t\t\t<div class=\"elementor-column elementor-col-100 elementor-top-column elementor-element elementor-element-42cf64b\" data-id=\"42cf64b\" data-element_type=\"column\">\n\t\t\t<div class=\"elementor-widget-wrap elementor-element-populated\">\n\t\t\t\t\t\t\t\t<div class=\"elementor-element elementor-element-28d1f86 elementor-align-center animated-fast elementor-invisible elementor-widget elementor-widget-heading\" data-id=\"28d1f86\" data-element_type=\"widget\" data-settings=\"{&quot;_animation&quot;:&quot;opal-move-up&quot;}\" data-widget_type=\"heading.default\">\n\t\t\t\t<div class=\"elementor-widget-container\">\n\t\t\t<style>\/*! elementor - v3.5.4 - 23-01-2022 *\/\n.elementor-heading-title{padding:0;margin:0;line-height:1}.elementor-widget-heading .elementor-heading-title[class*=elementor-size-]>a{color:inherit;font-size:inherit;line-height:inherit}.elementor-widget-heading .elementor-heading-title.elementor-size-small{font-size:15px}.elementor-widget-heading .elementor-heading-title.elementor-size-medium{font-size:19px}.elementor-widget-heading .elementor-heading-title.elementor-size-large{font-size:29px}.elementor-widget-heading .elementor-heading-title.elementor-size-xl{font-size:39px}.elementor-widget-heading .elementor-heading-title.elementor-size-xxl{font-size:59px}<\/style><h2 class=\"elementor-heading-title elementor-size-default\">L\u00e1togass meg minket<\/h2>\t\t<\/div>\n\t\t\t\t<\/div>\n\t\t\t\t\t<\/div>\n\t\t<\/div>\n\t\t\t\t\t\t\t<\/div>\n\t\t<\/div>\n\t\t\t\t<div class=\"elementor-section elementor-top-section elementor-element elementor-element-e7aaa30 elementor-section-stretched elementor-section-boxed elementor-section-height-default elementor-section-height-default\" data-id=\"e7aaa30\" data-element_type=\"section\" data-settings=\"{&quot;stretch_section&quot;:&quot;section-stretched&quot;}\">\n\t\t\t\t\t\t<div class=\"elementor-container elementor-column-gap-no\">\n\t\t\t\t\t<div class=\"elementor-column elementor-col-50 elementor-top-column elementor-element elementor-element-5f6ccc7\" data-id=\"5f6ccc7\" data-element_type=\"column\">\n\t\t\t<div class=\"elementor-widget-wrap elementor-element-populated\">\n\t\t\t\t\t\t\t\t<div class=\"elementor-element elementor-element-71ca3b5 animated-fast elementor-invisible elementor-widget elementor-widget-text-editor\" data-id=\"71ca3b5\" data-element_type=\"widget\" data-settings=\"{&quot;_animation&quot;:&quot;opal-move-up&quot;}\" data-widget_type=\"text-editor.default\">\n\t\t\t\t<div class=\"elementor-widget-container\">\n\t\t\t<style>\/*! elementor - v3.5.4 - 23-01-2022 *\/\n.elementor-widget-text-editor.elementor-drop-cap-view-stacked .elementor-drop-cap{background-color:#818a91;color:#fff}.elementor-widget-text-editor.elementor-drop-cap-view-framed .elementor-drop-cap{color:#818a91;border:3px solid;background-color:transparent}.elementor-widget-text-editor:not(.elementor-drop-cap-view-default) .elementor-drop-cap{margin-top:8px}.elementor-widget-text-editor:not(.elementor-drop-cap-view-default) .elementor-drop-cap-letter{width:1em;height:1em}.elementor-widget-text-editor .elementor-drop-cap{float:left;text-align:center;line-height:1;font-size:50px}.elementor-widget-text-editor .elementor-drop-cap-letter{display:inline-block}<\/style>        <div class=\"elementor-text-editor elementor-clearfix\">A Sunce apartmanok Vir sziget\u00e9n tal\u00e1lhat\u00f3ak, Horv\u00e1torsz\u00e1g egyik legszebb \u00e9s legidillikusabb nyaral\u00f3hely\u00e9n. Itt a meleg mediterr\u00e1n nap, a tiszta tenger \u00e9s otthonos l\u00e9gk\u00f6r v\u00e1rja \u00d6nt. A f\u0151\u00fat el\u0151l elrejtett apartmanjaink egy csendes utc\u00e1ban tal\u00e1lhat\u00f3ak, de m\u00e9gis k\u00f6zel vannak Vir k\u00f6zpontj\u00e1hoz. Mind\u00f6ssze 350 m\u00e9ter v\u00e1laszt el minket a strandt\u00f3l, \u00e9s az apartman elhelyezked\u00e9se olyan, hogy a sziget d\u00e9li \u00e9s \u00e9szaki oldal\u00e1n is lehet\u0151s\u00e9get k\u00edn\u00e1l a strandok haszn\u00e1lat\u00e1ra. Minden fontos l\u00e9tes\u00edtm\u00e9ny a k\u00f6zvetlen k\u00f6zelben tal\u00e1lhat\u00f3. A v\u00e1rosk\u00f6zpontba 10 perces k\u00f6nny\u0171 s\u00e9t\u00e1val lehet eljutni, a Vir f\u0151s\u00e9t\u00e1ny ment\u00e9n.\n<\/div>\n        \t\t<\/div>\n\t\t\t\t<\/div>\n\t\t\t\t\t<\/div>\n\t\t<\/div>\n\t\t\t\t<div class=\"elementor-column elementor-col-50 elementor-top-column elementor-element elementor-element-3ee12a5\" data-id=\"3ee12a5\" data-element_type=\"column\">\n\t\t\t<div class=\"elementor-widget-wrap elementor-element-populated\">\n\t\t\t\t\t\t\t\t<div class=\"elementor-element elementor-element-712b381 animated-fast elementor-invisible elementor-widget elementor-widget-text-editor\" data-id=\"712b381\" data-element_type=\"widget\" data-settings=\"{&quot;_animation&quot;:&quot;opal-move-up&quot;,&quot;_animation_delay&quot;:200}\" data-widget_type=\"text-editor.default\">\n\t\t\t\t<div class=\"elementor-widget-container\">\n\t\t\t        <div class=\"elementor-text-editor elementor-clearfix\">A Sunce apartmanok Zadar v\u00e1ros\u00e1t\u00f3l \u00e9szakra, 25 km \u2013 re tal\u00e1lhat\u00f3ak, mind\u00f6ssze 35 km-re a rep\u00fcl\u0151t\u00e9rt\u0151l.\n5 apartmant k\u00edn\u00e1lunk \u00d6nnek, aut\u00f3inak pedig parkol\u00f3helyet biztos\u00edtunk. Az apartmanok felszerelts\u00e9ge: h\u00e1l\u00f3szob\u00e1k, nappalik konyh\u00e1val, f\u00fcrd\u0151szoba zuhanyz\u00f3val, WI-FI, kl\u00edma, m\u0171holdas TV, terasz \u00e9s parkol\u00f3hely. A grillez\u0151 is haszn\u00e1lhat\u00f3. El tudunk j\u00f6nni \u00d6n\u00e9rt a rep\u00fcl\u0151t\u00e9rre is.\n<\/div>\n        \t\t<\/div>\n\t\t\t\t<\/div>\n\t\t\t\t\t<\/div>\n\t\t<\/div>\n\t\t\t\t\t\t\t<\/div>\n\t\t<\/div>\n\t\t\t\t<div class=\"elementor-section elementor-top-section elementor-element elementor-element-f039763 elementor-section-stretched animated-fast elementor-section-boxed elementor-section-height-default elementor-section-height-default elementor-invisible\" data-id=\"f039763\" data-element_type=\"section\" data-settings=\"{&quot;stretch_section&quot;:&quot;section-stretched&quot;,&quot;animation&quot;:&quot;opal-move-up&quot;}\">\n\t\t\t\t\t\t<div class=\"elementor-container elementor-column-gap-no\">\n\t\t\t\t\t<div class=\"elementor-column elementor-col-100 elementor-top-column elementor-element elementor-element-63be7f1\" data-id=\"63be7f1\" data-element_type=\"column\">\n\t\t\t<div class=\"elementor-widget-wrap elementor-element-populated\">\n\t\t\t\t\t\t\t\t<div class=\"elementor-element elementor-element-129ec90 elementor-align-center elementor-widget__width-auto elementor-widget elementor-widget-heading\" data-id=\"129ec90\" data-element_type=\"widget\" data-widget_type=\"heading.default\">\n\t\t\t\t<div class=\"elementor-widget-container\">\n\t\t\t<h2 class=\"elementor-heading-title elementor-size-default\">Szolg\u00e1ltat\u00e1sok<\/h2>\t\t<\/div>\n\t\t\t\t<\/div>\n\t\t\t\t\t<\/div>\n\t\t<\/div>\n\t\t\t\t\t\t\t<\/div>\n\t\t<\/div>\n\t\t\t\t<div class=\"elementor-section elementor-top-section elementor-element elementor-element-ebdce4f elementor-section-stretched elementor-section-boxed elementor-section-height-default elementor-section-height-default\" data-id=\"ebdce4f\" data-element_type=\"section\" data-settings=\"{&quot;stretch_section&quot;:&quot;section-stretched&quot;}\">\n\t\t\t\t\t\t<div class=\"elementor-container elementor-column-gap-no\">\n\t\t\t\t\t<div class=\"elementor-column elementor-col-33 elementor-top-column elementor-element elementor-element-c780fe9\" data-id=\"c780fe9\" data-element_type=\"column\">\n\t\t\t<div class=\"elementor-widget-wrap elementor-element-populated\">\n\t\t\t\t\t\t\t\t<div class=\"elementor-element elementor-element-e29c8fd elementor-featured-box-style-2 animated-fast elementor-button-default elementor-invisible elementor-widget elementor-widget-featured-box\" data-id=\"e29c8fd\" data-element_type=\"widget\" data-settings=\"{&quot;_animation&quot;:&quot;opal-move-up&quot;}\" data-widget_type=\"featured-box.default\">\n\t\t\t\t<div class=\"elementor-widget-container\">\n\t\t\t<div class=\"elementor-featured-box-wrapper\"><div class=\"elementor-featured-box-top\"><div class=\"elementor-featured-box-icon\"><i class=\"opal-icon-plane\" aria-hidden=\"true\" ><\/i><\/div><\/div><div class=\"elementor-featured-box-bottom\"><h3 class=\"elementor-featured-box-title typo-heading\">Sz\u00e1ll\u00edt\u00e1s a rep\u00fcl\u0151t\u00e9rre<\/h3><p class=\"elementor-featured-box-description\">El tudunk j\u00f6nni \u00d6n\u00e9rt a rep\u00fcl\u0151t\u00e9rre is<\/p><\/div><\/div>\t\t<\/div>\n\t\t\t\t<\/div>\n\t\t\t\t\t<\/div>\n\t\t<\/div>\n\t\t\t\t<div class=\"elementor-column elementor-col-33 elementor-top-column elementor-element elementor-element-7debcc4\" data-id=\"7debcc4\" data-element_type=\"column\">\n\t\t\t<div class=\"elementor-widget-wrap elementor-element-populated\">\n\t\t\t\t\t\t\t\t<div class=\"elementor-element elementor-element-3b1d20e elementor-featured-box-style-2 animated-fast elementor-button-default elementor-invisible elementor-widget elementor-widget-featured-box\" data-id=\"3b1d20e\" data-element_type=\"widget\" data-settings=\"{&quot;_animation&quot;:&quot;opal-move-up&quot;}\" data-widget_type=\"featured-box.default\">\n\t\t\t\t<div class=\"elementor-widget-container\">\n\t\t\t<div class=\"elementor-featured-box-wrapper\"><div class=\"elementor-featured-box-top\"><div class=\"elementor-featured-box-icon\"><i class=\"opal-icon-car-alt\" aria-hidden=\"true\" ><\/i><\/div><\/div><div class=\"elementor-featured-box-bottom\"><h3 class=\"elementor-featured-box-title typo-heading\">Parkol\u00f3<\/h3><p class=\"elementor-featured-box-description\">Vend\u00e9geink sz\u00e1m\u00e1ra parkol\u00e1si lehet\u0151s\u00e9g biztos\u00edtott<\/p><\/div><\/div>\t\t<\/div>\n\t\t\t\t<\/div>\n\t\t\t\t\t<\/div>\n\t\t<\/div>\n\t\t\t\t<div class=\"elementor-column elementor-col-33 elementor-top-column elementor-element elementor-element-ee6384a\" data-id=\"ee6384a\" data-element_type=\"column\">\n\t\t\t<div class=\"elementor-widget-wrap elementor-element-populated\">\n\t\t\t\t\t\t\t\t<div class=\"elementor-element elementor-element-b9c3682 elementor-featured-box-style-2 animated-fast elementor-button-default elementor-invisible elementor-widget elementor-widget-featured-box\" data-id=\"b9c3682\" data-element_type=\"widget\" data-settings=\"{&quot;_animation&quot;:&quot;opal-move-up&quot;}\" data-widget_type=\"featured-box.default\">\n\t\t\t\t<div class=\"elementor-widget-container\">\n\t\t\t<div class=\"elementor-featured-box-wrapper\"><div class=\"elementor-featured-box-top\"><div class=\"elementor-featured-box-icon\"><i class=\"opal-icon-bed\" aria-hidden=\"true\" ><\/i><\/div><\/div><div class=\"elementor-featured-box-bottom\"><h3 class=\"elementor-featured-box-title typo-heading\">Lakoszt\u00e1lyok<\/h3><p class=\"elementor-featured-box-description\">5 Lakoszt\u00e1ly k\u00edn\u00e1lunk \u00d6nnek<\/p><\/div><\/div>\t\t<\/div>\n\t\t\t\t<\/div>\n\t\t\t\t\t<\/div>\n\t\t<\/div>\n\t\t\t\t\t\t\t<\/div>\n\t\t<\/div>\n\t\t\t\t<div class=\"elementor-section elementor-top-section elementor-element elementor-element-5bd5049 elementor-section-stretched elementor-section-boxed elementor-section-height-default elementor-section-height-default\" data-id=\"5bd5049\" data-element_type=\"section\" data-settings=\"{&quot;stretch_section&quot;:&quot;section-stretched&quot;}\">\n\t\t\t\t\t\t<div class=\"elementor-container elementor-column-gap-no\">\n\t\t\t\t\t<div class=\"elementor-column elementor-col-33 elementor-top-column elementor-element elementor-element-0bded33\" data-id=\"0bded33\" data-element_type=\"column\">\n\t\t\t<div class=\"elementor-widget-wrap\">\n\t\t\t\t\t\t\t\t\t<\/div>\n\t\t<\/div>\n\t\t\t\t<div class=\"elementor-column elementor-col-33 elementor-top-column elementor-element elementor-element-714eb08\" data-id=\"714eb08\" data-element_type=\"column\">\n\t\t\t<div class=\"elementor-widget-wrap elementor-element-populated\">\n\t\t\t\t\t\t\t\t<div class=\"elementor-element elementor-element-d0115cb elementor-featured-box-style-2 animated-fast elementor-button-default elementor-invisible elementor-widget elementor-widget-featured-box\" data-id=\"d0115cb\" data-element_type=\"widget\" data-settings=\"{&quot;_animation&quot;:&quot;opal-move-up&quot;}\" data-widget_type=\"featured-box.default\">\n\t\t\t\t<div class=\"elementor-widget-container\">\n\t\t\t<div class=\"elementor-featured-box-wrapper\"><div class=\"elementor-featured-box-top\"><div class=\"elementor-featured-box-icon\"><i class=\"opal-icon-wifi\" aria-hidden=\"true\" ><\/i><\/div><\/div><div class=\"elementor-featured-box-bottom\"><h3 class=\"elementor-featured-box-title typo-heading\">Wifi<\/h3><p class=\"elementor-featured-box-description\">Ingyenes Wifi \u00e9s SAT TV<\/p><\/div><\/div>\t\t<\/div>\n\t\t\t\t<\/div>\n\t\t\t\t\t<\/div>\n\t\t<\/div>\n\t\t\t\t<div class=\"elementor-column elementor-col-33 elementor-top-column elementor-element elementor-element-c14ba26\" data-id=\"c14ba26\" data-element_type=\"column\">\n\t\t\t<div class=\"elementor-widget-wrap\">\n\t\t\t\t\t\t\t\t\t<\/div>\n\t\t<\/div>\n\t\t\t\t\t\t\t<\/div>\n\t\t<\/div>\n\t\t\t\t\t\t<\/div>\n\t\t\t\t\t<\/div>\n\t\t","protected":false},"excerpt":{"rendered":"<p>L\u00e1togass meg minket A Sunce apartmanok Vir sziget\u00e9n tal\u00e1lhat\u00f3ak, Horv\u00e1torsz\u00e1g egyik legszebb \u00e9s legidillikusabb nyaral\u00f3hely\u00e9n. Itt a meleg mediterr\u00e1n nap, a tiszta tenger \u00e9s otthonos l\u00e9gk\u00f6r v\u00e1rja \u00d6nt. A f\u0151\u00fat el\u0151l elrejtett apartmanjaink egy csendes utc\u00e1ban tal\u00e1lhat\u00f3ak, de m\u00e9gis k\u00f6zel vannak Vir k\u00f6zpontj\u00e1hoz. Mind\u00f6ssze 350 m\u00e9ter v\u00e1laszt el minket a strandt\u00f3l, \u00e9s az apartman elhelyezked\u00e9se &hellip; <span class=\"more-link-wrap\"><a href=\"https:\/\/apartmani-sunce.com\/hu\/o-nama\/\" class=\"more-link\">Read More <span class=\"screen-reader-text\"> &#8222;O nama&#8221;<\/span><\/a><\/span><\/p>\n","protected":false},"author":1,"featured_media":0,"parent":0,"menu_order":0,"comment_status":"closed","ping_status":"closed","template":"page-elementor.php","meta":{"footnotes":""},"class_list":["post-4482","page","type-page","status-publish","hentry"],"yoast_head":"<!-- This site is optimized with the Yoast SEO plugin v18.0 - https:\/\/yoast.com\/wordpress\/plugins\/seo\/ -->\n<title>O nama - Apartmani Sunce<\/title>\n<meta name=\"robots\" content=\"index, follow, max-snippet:-1, max-image-preview:large, max-video-preview:-1\" \/>\n<link rel=\"canonical\" href=\"https:\/\/apartmani-sunce.com\/de\/o-nama\/\" \/>\n<meta property=\"og:locale\" content=\"hu_HU\" \/>\n<meta property=\"og:type\" content=\"article\" \/>\n<meta property=\"og:title\" content=\"O nama - Apartmani Sunce\" \/>\n<meta property=\"og:description\" content=\"L\u00e1togass meg minket A Sunce apartmanok Vir sziget\u00e9n tal\u00e1lhat\u00f3ak, Horv\u00e1torsz\u00e1g egyik legszebb \u00e9s legidillikusabb nyaral\u00f3hely\u00e9n. Itt a meleg mediterr\u00e1n nap, a tiszta tenger \u00e9s otthonos l\u00e9gk\u00f6r v\u00e1rja \u00d6nt. A f\u0151\u00fat el\u0151l elrejtett apartmanjaink egy csendes utc\u00e1ban tal\u00e1lhat\u00f3ak, de m\u00e9gis k\u00f6zel vannak Vir k\u00f6zpontj\u00e1hoz. Mind\u00f6ssze 350 m\u00e9ter v\u00e1laszt el minket a strandt\u00f3l, \u00e9s az apartman elhelyezked\u00e9se &hellip; Read More &quot;O nama&quot;\" \/>\n<meta property=\"og:url\" content=\"https:\/\/apartmani-sunce.com\/de\/o-nama\/\" \/>\n<meta property=\"og:site_name\" content=\"Apartmani Sunce\" \/>\n<meta property=\"article:publisher\" content=\"https:\/\/www.facebook.com\/apartmanisuncevir\" \/>\n<meta property=\"article:modified_time\" content=\"2022-02-13T17:29:13+00:00\" \/>\n<meta property=\"og:image\" content=\"https:\/\/apartmani-sunce.com\/wp-content\/uploads\/2021\/12\/IMG-20210813-WA0026.jpg\" \/>\n\t<meta property=\"og:image:width\" content=\"1200\" \/>\n\t<meta property=\"og:image:height\" content=\"1600\" \/>\n\t<meta property=\"og:image:type\" content=\"image\/jpeg\" \/>\n<meta name=\"twitter:card\" content=\"summary_large_image\" \/>\n<meta name=\"twitter:label1\" content=\"Becs\u00fclt olvas\u00e1si id\u0151\" \/>\n\t<meta name=\"twitter:data1\" content=\"1 perc\" \/>\n<script type=\"application\/ld+json\" class=\"yoast-schema-graph\">{\"@context\":\"https:\/\/schema.org\",\"@graph\":[{\"@type\":\"Organization\",\"@id\":\"https:\/\/apartmani-sunce.com\/#organization\",\"name\":\"Apartmani Sunce\",\"url\":\"https:\/\/apartmani-sunce.com\/\",\"sameAs\":[\"https:\/\/www.facebook.com\/apartmanisuncevir\"],\"logo\":{\"@type\":\"ImageObject\",\"@id\":\"https:\/\/apartmani-sunce.com\/#logo\",\"inLanguage\":\"hu\",\"url\":\"https:\/\/apartmani-sunce.com\/wp-content\/uploads\/2021\/12\/IMG-20210808-WA0016.jpg\",\"contentUrl\":\"https:\/\/apartmani-sunce.com\/wp-content\/uploads\/2021\/12\/IMG-20210808-WA0016.jpg\",\"width\":1600,\"height\":1200,\"caption\":\"Apartmani Sunce\"},\"image\":{\"@id\":\"https:\/\/apartmani-sunce.com\/#logo\"}},{\"@type\":\"WebSite\",\"@id\":\"https:\/\/apartmani-sunce.com\/#website\",\"url\":\"https:\/\/apartmani-sunce.com\/\",\"name\":\"Apartmani Sunce\",\"description\":\"Apartmani Sunce - Otok Vir\",\"publisher\":{\"@id\":\"https:\/\/apartmani-sunce.com\/#organization\"},\"potentialAction\":[{\"@type\":\"SearchAction\",\"target\":{\"@type\":\"EntryPoint\",\"urlTemplate\":\"https:\/\/apartmani-sunce.com\/?s={search_term_string}\"},\"query-input\":\"required name=search_term_string\"}],\"inLanguage\":\"hu\"},{\"@type\":\"WebPage\",\"@id\":\"https:\/\/apartmani-sunce.com\/de\/o-nama\/#webpage\",\"url\":\"https:\/\/apartmani-sunce.com\/de\/o-nama\/\",\"name\":\"O nama - Apartmani Sunce\",\"isPartOf\":{\"@id\":\"https:\/\/apartmani-sunce.com\/#website\"},\"datePublished\":\"2019-07-22T03:19:06+00:00\",\"dateModified\":\"2022-02-13T17:29:13+00:00\",\"breadcrumb\":{\"@id\":\"https:\/\/apartmani-sunce.com\/de\/o-nama\/#breadcrumb\"},\"inLanguage\":\"hu\",\"potentialAction\":[{\"@type\":\"ReadAction\",\"target\":[\"https:\/\/apartmani-sunce.com\/de\/o-nama\/\"]}]},{\"@type\":\"BreadcrumbList\",\"@id\":\"https:\/\/apartmani-sunce.com\/de\/o-nama\/#breadcrumb\",\"itemListElement\":[{\"@type\":\"ListItem\",\"position\":1,\"name\":\"Home\",\"item\":\"https:\/\/apartmani-sunce.com\/hu\/\"},{\"@type\":\"ListItem\",\"position\":2,\"name\":\"O nama\"}]}]}<\/script>\n<!-- \/ Yoast SEO plugin. -->","yoast_head_json":{"title":"O nama - Apartmani Sunce","robots":{"index":"index","follow":"follow","max-snippet":"max-snippet:-1","max-image-preview":"max-image-preview:large","max-video-preview":"max-video-preview:-1"},"canonical":"https:\/\/apartmani-sunce.com\/de\/o-nama\/","og_locale":"hu_HU","og_type":"article","og_title":"O nama - Apartmani Sunce","og_description":"L\u00e1togass meg minket A Sunce apartmanok Vir sziget\u00e9n tal\u00e1lhat\u00f3ak, Horv\u00e1torsz\u00e1g egyik legszebb \u00e9s legidillikusabb nyaral\u00f3hely\u00e9n. Itt a meleg mediterr\u00e1n nap, a tiszta tenger \u00e9s otthonos l\u00e9gk\u00f6r v\u00e1rja \u00d6nt. A f\u0151\u00fat el\u0151l elrejtett apartmanjaink egy csendes utc\u00e1ban tal\u00e1lhat\u00f3ak, de m\u00e9gis k\u00f6zel vannak Vir k\u00f6zpontj\u00e1hoz. Mind\u00f6ssze 350 m\u00e9ter v\u00e1laszt el minket a strandt\u00f3l, \u00e9s az apartman elhelyezked\u00e9se &hellip; Read More \"O nama\"","og_url":"https:\/\/apartmani-sunce.com\/de\/o-nama\/","og_site_name":"Apartmani Sunce","article_publisher":"https:\/\/www.facebook.com\/apartmanisuncevir","article_modified_time":"2022-02-13T17:29:13+00:00","og_image":[{"width":1200,"height":1600,"url":"https:\/\/apartmani-sunce.com\/wp-content\/uploads\/2021\/12\/IMG-20210813-WA0026.jpg","type":"image\/jpeg"}],"twitter_card":"summary_large_image","twitter_misc":{"Becs\u00fclt olvas\u00e1si id\u0151":"1 perc"},"schema":{"@context":"https:\/\/schema.org","@graph":[{"@type":"Organization","@id":"https:\/\/apartmani-sunce.com\/#organization","name":"Apartmani Sunce","url":"https:\/\/apartmani-sunce.com\/","sameAs":["https:\/\/www.facebook.com\/apartmanisuncevir"],"logo":{"@type":"ImageObject","@id":"https:\/\/apartmani-sunce.com\/#logo","inLanguage":"hu","url":"https:\/\/apartmani-sunce.com\/wp-content\/uploads\/2021\/12\/IMG-20210808-WA0016.jpg","contentUrl":"https:\/\/apartmani-sunce.com\/wp-content\/uploads\/2021\/12\/IMG-20210808-WA0016.jpg","width":1600,"height":1200,"caption":"Apartmani Sunce"},"image":{"@id":"https:\/\/apartmani-sunce.com\/#logo"}},{"@type":"WebSite","@id":"https:\/\/apartmani-sunce.com\/#website","url":"https:\/\/apartmani-sunce.com\/","name":"Apartmani Sunce","description":"Apartmani Sunce - Otok Vir","publisher":{"@id":"https:\/\/apartmani-sunce.com\/#organization"},"potentialAction":[{"@type":"SearchAction","target":{"@type":"EntryPoint","urlTemplate":"https:\/\/apartmani-sunce.com\/?s={search_term_string}"},"query-input":"required name=search_term_string"}],"inLanguage":"hu"},{"@type":"WebPage","@id":"https:\/\/apartmani-sunce.com\/de\/o-nama\/#webpage","url":"https:\/\/apartmani-sunce.com\/de\/o-nama\/","name":"O nama - Apartmani Sunce","isPartOf":{"@id":"https:\/\/apartmani-sunce.com\/#website"},"datePublished":"2019-07-22T03:19:06+00:00","dateModified":"2022-02-13T17:29:13+00:00","breadcrumb":{"@id":"https:\/\/apartmani-sunce.com\/de\/o-nama\/#breadcrumb"},"inLanguage":"hu","potentialAction":[{"@type":"ReadAction","target":["https:\/\/apartmani-sunce.com\/de\/o-nama\/"]}]},{"@type":"BreadcrumbList","@id":"https:\/\/apartmani-sunce.com\/de\/o-nama\/#breadcrumb","itemListElement":[{"@type":"ListItem","position":1,"name":"Home","item":"https:\/\/apartmani-sunce.com\/hu\/"},{"@type":"ListItem","position":2,"name":"O nama"}]}]}},"_links":{"self":[{"href":"https:\/\/apartmani-sunce.com\/hu\/wp-json\/wp\/v2\/pages\/4482","targetHints":{"allow":["GET"]}}],"collection":[{"href":"https:\/\/apartmani-sunce.com\/hu\/wp-json\/wp\/v2\/pages"}],"about":[{"href":"https:\/\/apartmani-sunce.com\/hu\/wp-json\/wp\/v2\/types\/page"}],"author":[{"embeddable":true,"href":"https:\/\/apartmani-sunce.com\/hu\/wp-json\/wp\/v2\/users\/1"}],"replies":[{"embeddable":true,"href":"https:\/\/apartmani-sunce.com\/hu\/wp-json\/wp\/v2\/comments?post=4482"}],"version-history":[{"count":9,"href":"https:\/\/apartmani-sunce.com\/hu\/wp-json\/wp\/v2\/pages\/4482\/revisions"}],"predecessor-version":[{"id":4886,"href":"https:\/\/apartmani-sunce.com\/hu\/wp-json\/wp\/v2\/pages\/4482\/revisions\/4886"}],"wp:attachment":[{"href":"https:\/\/apartmani-sunce.com\/hu\/wp-json\/wp\/v2\/media?parent=4482"}],"curies":[{"name":"wp","href":"https:\/\/api.w.org\/{rel}","templated":true}]}}