{"id":4479,"date":"2019-07-14T04:18:37","date_gmt":"2019-07-14T04:18:37","guid":{"rendered":"https:\/\/apartmani-sunce.com\/otok-vir\/"},"modified":"2022-01-26T19:58:42","modified_gmt":"2022-01-26T19:58:42","slug":"otok-vir","status":"publish","type":"page","link":"https:\/\/apartmani-sunce.com\/hu\/otok-vir\/","title":{"rendered":"Otok Vir"},"content":{"rendered":"\t\t<div data-elementor-type=\"wp-post\" data-elementor-id=\"4479\" class=\"elementor elementor-4479\" data-elementor-settings=\"[]\">\n\t\t\t\t\t\t\t<div class=\"elementor-section-wrap\">\n\t\t\t\t\t\t\t<section class=\"elementor-section elementor-top-section elementor-element elementor-element-6478b3c elementor-section-boxed elementor-section-height-default elementor-section-height-default\" data-id=\"6478b3c\" data-element_type=\"section\">\n\t\t\t\t\t\t<div class=\"elementor-container elementor-column-gap-default\">\n\t\t\t\t\t<div class=\"elementor-column elementor-col-100 elementor-top-column elementor-element elementor-element-5486345\" data-id=\"5486345\" data-element_type=\"column\">\n\t\t\t<div class=\"elementor-widget-wrap elementor-element-populated\">\n\t\t\t\t\t\t\t\t<section class=\"elementor-section elementor-inner-section elementor-element elementor-element-a948b73 elementor-section-boxed elementor-section-height-default elementor-section-height-default\" data-id=\"a948b73\" data-element_type=\"section\">\n\t\t\t\t\t\t<div class=\"elementor-container elementor-column-gap-default\">\n\t\t\t\t\t<div class=\"elementor-column elementor-col-50 elementor-inner-column elementor-element elementor-element-1bbf3fc\" data-id=\"1bbf3fc\" data-element_type=\"column\">\n\t\t\t<div class=\"elementor-widget-wrap elementor-element-populated\">\n\t\t\t\t\t\t\t\t<div class=\"elementor-element elementor-element-6982691 elementor-widget elementor-widget-image\" data-id=\"6982691\" data-element_type=\"widget\" data-widget_type=\"image.default\">\n\t\t\t\t<div class=\"elementor-widget-container\">\n\t\t\t<style>\/*! elementor - v3.5.4 - 23-01-2022 *\/\n.elementor-widget-image{text-align:center}.elementor-widget-image a{display:inline-block}.elementor-widget-image a img[src$=\".svg\"]{width:48px}.elementor-widget-image img{vertical-align:middle;display:inline-block}<\/style>\t\t\t\t\t\t\t\t\t\t\t\t<img loading=\"lazy\" decoding=\"async\" width=\"600\" height=\"401\" src=\"https:\/\/apartmani-sunce.com\/wp-content\/uploads\/2021\/12\/croatia-4561320_1920-1024x685.jpg\" class=\"attachment-large size-large\" alt=\"\" srcset=\"https:\/\/apartmani-sunce.com\/wp-content\/uploads\/2021\/12\/croatia-4561320_1920-1024x685.jpg 1024w, https:\/\/apartmani-sunce.com\/wp-content\/uploads\/2021\/12\/croatia-4561320_1920-300x201.jpg 300w, https:\/\/apartmani-sunce.com\/wp-content\/uploads\/2021\/12\/croatia-4561320_1920-768x514.jpg 768w, https:\/\/apartmani-sunce.com\/wp-content\/uploads\/2021\/12\/croatia-4561320_1920-1536x1027.jpg 1536w, https:\/\/apartmani-sunce.com\/wp-content\/uploads\/2021\/12\/croatia-4561320_1920-700x468.jpg 700w, https:\/\/apartmani-sunce.com\/wp-content\/uploads\/2021\/12\/croatia-4561320_1920.jpg 1920w\" sizes=\"auto, (max-width: 600px) 100vw, 600px\" \/>\t\t\t\t\t\t\t\t\t\t\t\t\t\t\t<\/div>\n\t\t\t\t<\/div>\n\t\t\t\t\t<\/div>\n\t\t<\/div>\n\t\t\t\t<div class=\"elementor-column elementor-col-50 elementor-inner-column elementor-element elementor-element-8afa7c7\" data-id=\"8afa7c7\" data-element_type=\"column\">\n\t\t\t<div class=\"elementor-widget-wrap elementor-element-populated\">\n\t\t\t\t\t\t\t\t<div class=\"elementor-element elementor-element-e036bea elementor-widget elementor-widget-text-editor\" data-id=\"e036bea\" data-element_type=\"widget\" data-widget_type=\"text-editor.default\">\n\t\t\t\t<div class=\"elementor-widget-container\">\n\t\t\t<style>\/*! elementor - v3.5.4 - 23-01-2022 *\/\n.elementor-widget-text-editor.elementor-drop-cap-view-stacked .elementor-drop-cap{background-color:#818a91;color:#fff}.elementor-widget-text-editor.elementor-drop-cap-view-framed .elementor-drop-cap{color:#818a91;border:3px solid;background-color:transparent}.elementor-widget-text-editor:not(.elementor-drop-cap-view-default) .elementor-drop-cap{margin-top:8px}.elementor-widget-text-editor:not(.elementor-drop-cap-view-default) .elementor-drop-cap-letter{width:1em;height:1em}.elementor-widget-text-editor .elementor-drop-cap{float:left;text-align:center;line-height:1;font-size:50px}.elementor-widget-text-editor .elementor-drop-cap-letter{display:inline-block}<\/style>        <div class=\"elementor-text-editor elementor-clearfix\">A horv\u00e1torsz\u00e1gi Vir szigete az orsz\u00e1g egyik legszebb \u00e9s legidillikusabb nyaral\u00f3helye. \u00c9szak-Dalm\u00e1ci\u00e1ban tal\u00e1lhat\u00f3, m\u00e9rete 22 km2, egyben Horv\u00e1torsz\u00e1g egyik kisebb \u00fcd\u00fcl\u0151szigete. Vir egyed\u00fcl\u00e1ll\u00f3 strandjai az \u00fasz\u00e1s igazi paradicsom\u00e1v\u00e1 teszik ezt a szigetet. Horv\u00e1torsz\u00e1gban neh\u00e9z b\u00e1rhol is tal\u00e1lni nagyobb s\u0171r\u0171s\u00e9g\u0171, gy\u00f6ny\u00f6r\u0171 homokos strandokat, ez\u00e9rt ezeket sok turista k\u00fcl\u00f6n \u00e9rt\u00e9keli. A szigetet mintegy 300 m\u00e9ter hossz\u00fa h\u00edd k\u00f6ti \u00f6ssze Zadar r\u00e9gi\u00f3 sz\u00e1razf\u00f6ldi r\u00e9sz\u00e9vel. Turistak\u00e9nt \u00e9lvezheti a sziget egyed\u00fcl\u00e1ll\u00f3 \u00e9rz\u00e9s\u00e9t, \u00e9s el\u00e9g mobilis lehet ahhoz, hogy komp n\u00e9lk\u00fcl fedezze fel a gy\u00f6ny\u00f6r\u0171 Zadar r\u00e9gi\u00f3t aut\u00f3val vagy busszal.\n\nVir meglehet\u0151sen s\u00edk, ez\u00e9rt alkalmas ker\u00e9kp\u00e1roz\u00e1sra. Legmagasabb pontja a 112 m\u00e9ter magas Barbinjak &#8222;hegy&#8221;, amelyhez gy\u00f6ny\u00f6r\u0171 s\u00e9t\u00e1nyok vezetnek. Vir sziget\u00e9nek legfontosabb nevezetess\u00e9gei a var\u00e1zslatos Szent Gy\u00f6rgy-k\u00e1polna. a Kastelina er\u0151d (17. sz\u00e1zadi er\u0151d) \u00e9s a Lanterna vil\u00e1g\u00edt\u00f3torony, amely jelenleg f\u0151leg luxus \u00fcd\u00fcl\u0151helyk\u00e9nt \u00fczemel.\n\nA sziget legvonz\u00f3bb r\u00e9sze minden bizonnyal az \u00e9szaki part. Itt l\u00e1tv\u00e1nyos v\u00f6r\u00f6s szikl\u00e1k, a t\u00fcrkizk\u00e9k sz\u00edn\u0171 tenger \u00e9s sz\u00e1mtalan homokos strand v\u00e1rja \u00d6nt. A part ment\u00e9n hegyi ker\u00e9kp\u00e1roz\u00e1sra \u00e9s t\u00far\u00e1z\u00e1sra alkalmas \u00f6sv\u00e9nyek h\u00faz\u00f3dnak, ahol megcsod\u00e1lhatja ezeket a fest\u0151i term\u00e9szeti t\u00e1jakat.\n<\/div>\n        \t\t<\/div>\n\t\t\t\t<\/div>\n\t\t\t\t\t<\/div>\n\t\t<\/div>\n\t\t\t\t\t\t\t<\/div>\n\t\t<\/section>\n\t\t\t\t\t<\/div>\n\t\t<\/div>\n\t\t\t\t\t\t\t<\/div>\n\t\t<\/section>\n\t\t\t\t\t\t<\/div>\n\t\t\t\t\t<\/div>\n\t\t","protected":false},"excerpt":{"rendered":"<p>A horv\u00e1torsz\u00e1gi Vir szigete az orsz\u00e1g egyik legszebb \u00e9s legidillikusabb nyaral\u00f3helye. \u00c9szak-Dalm\u00e1ci\u00e1ban tal\u00e1lhat\u00f3, m\u00e9rete 22 km2, egyben Horv\u00e1torsz\u00e1g egyik kisebb \u00fcd\u00fcl\u0151szigete. Vir egyed\u00fcl\u00e1ll\u00f3 strandjai az \u00fasz\u00e1s igazi paradicsom\u00e1v\u00e1 teszik ezt a szigetet. Horv\u00e1torsz\u00e1gban neh\u00e9z b\u00e1rhol is tal\u00e1lni nagyobb s\u0171r\u0171s\u00e9g\u0171, gy\u00f6ny\u00f6r\u0171 homokos strandokat, ez\u00e9rt ezeket sok turista k\u00fcl\u00f6n \u00e9rt\u00e9keli. A szigetet mintegy 300 m\u00e9ter hossz\u00fa h\u00edd &hellip; <span class=\"more-link-wrap\"><a href=\"https:\/\/apartmani-sunce.com\/hu\/otok-vir\/\" class=\"more-link\">Read More <span class=\"screen-reader-text\"> &#8222;Otok Vir&#8221;<\/span><\/a><\/span><\/p>\n","protected":false},"author":1,"featured_media":4309,"parent":0,"menu_order":0,"comment_status":"closed","ping_status":"closed","template":"page-elementor.php","meta":{"footnotes":""},"class_list":["post-4479","page","type-page","status-publish","has-post-thumbnail","hentry"],"yoast_head":"<!-- This site is optimized with the Yoast SEO plugin v18.0 - https:\/\/yoast.com\/wordpress\/plugins\/seo\/ -->\n<title>Otok Vir - Apartmani Sunce<\/title>\n<meta name=\"robots\" content=\"index, follow, max-snippet:-1, max-image-preview:large, max-video-preview:-1\" \/>\n<link rel=\"canonical\" href=\"https:\/\/apartmani-sunce.com\/hu\/otok-vir\/\" \/>\n<meta property=\"og:locale\" content=\"hu_HU\" \/>\n<meta property=\"og:type\" content=\"article\" \/>\n<meta property=\"og:title\" content=\"Otok Vir - Apartmani Sunce\" \/>\n<meta property=\"og:description\" content=\"A horv\u00e1torsz\u00e1gi Vir szigete az orsz\u00e1g egyik legszebb \u00e9s legidillikusabb nyaral\u00f3helye. \u00c9szak-Dalm\u00e1ci\u00e1ban tal\u00e1lhat\u00f3, m\u00e9rete 22 km2, egyben Horv\u00e1torsz\u00e1g egyik kisebb \u00fcd\u00fcl\u0151szigete. Vir egyed\u00fcl\u00e1ll\u00f3 strandjai az \u00fasz\u00e1s igazi paradicsom\u00e1v\u00e1 teszik ezt a szigetet. Horv\u00e1torsz\u00e1gban neh\u00e9z b\u00e1rhol is tal\u00e1lni nagyobb s\u0171r\u0171s\u00e9g\u0171, gy\u00f6ny\u00f6r\u0171 homokos strandokat, ez\u00e9rt ezeket sok turista k\u00fcl\u00f6n \u00e9rt\u00e9keli. A szigetet mintegy 300 m\u00e9ter hossz\u00fa h\u00edd &hellip; Read More &quot;Otok Vir&quot;\" \/>\n<meta property=\"og:url\" content=\"https:\/\/apartmani-sunce.com\/hu\/otok-vir\/\" \/>\n<meta property=\"og:site_name\" content=\"Apartmani Sunce\" \/>\n<meta property=\"article:publisher\" content=\"https:\/\/www.facebook.com\/apartmanisuncevir\" \/>\n<meta property=\"article:modified_time\" content=\"2022-01-26T19:58:42+00:00\" \/>\n<meta property=\"og:image\" content=\"https:\/\/apartmani-sunce.com\/wp-content\/uploads\/2021\/12\/20211031_1031090-scaled.jpg\" \/>\n\t<meta property=\"og:image:width\" content=\"2560\" \/>\n\t<meta property=\"og:image:height\" content=\"1920\" \/>\n\t<meta property=\"og:image:type\" content=\"image\/jpeg\" \/>\n<meta name=\"twitter:card\" content=\"summary_large_image\" \/>\n<meta name=\"twitter:label1\" content=\"Becs\u00fclt olvas\u00e1si id\u0151\" \/>\n\t<meta name=\"twitter:data1\" content=\"1 perc\" \/>\n<script type=\"application\/ld+json\" class=\"yoast-schema-graph\">{\"@context\":\"https:\/\/schema.org\",\"@graph\":[{\"@type\":\"Organization\",\"@id\":\"https:\/\/apartmani-sunce.com\/#organization\",\"name\":\"Apartmani Sunce\",\"url\":\"https:\/\/apartmani-sunce.com\/\",\"sameAs\":[\"https:\/\/www.facebook.com\/apartmanisuncevir\"],\"logo\":{\"@type\":\"ImageObject\",\"@id\":\"https:\/\/apartmani-sunce.com\/#logo\",\"inLanguage\":\"hu\",\"url\":\"https:\/\/apartmani-sunce.com\/wp-content\/uploads\/2021\/12\/IMG-20210808-WA0016.jpg\",\"contentUrl\":\"https:\/\/apartmani-sunce.com\/wp-content\/uploads\/2021\/12\/IMG-20210808-WA0016.jpg\",\"width\":1600,\"height\":1200,\"caption\":\"Apartmani Sunce\"},\"image\":{\"@id\":\"https:\/\/apartmani-sunce.com\/#logo\"}},{\"@type\":\"WebSite\",\"@id\":\"https:\/\/apartmani-sunce.com\/#website\",\"url\":\"https:\/\/apartmani-sunce.com\/\",\"name\":\"Apartmani Sunce\",\"description\":\"Apartmani Sunce - Otok Vir\",\"publisher\":{\"@id\":\"https:\/\/apartmani-sunce.com\/#organization\"},\"potentialAction\":[{\"@type\":\"SearchAction\",\"target\":{\"@type\":\"EntryPoint\",\"urlTemplate\":\"https:\/\/apartmani-sunce.com\/?s={search_term_string}\"},\"query-input\":\"required name=search_term_string\"}],\"inLanguage\":\"hu\"},{\"@type\":\"ImageObject\",\"@id\":\"https:\/\/apartmani-sunce.com\/hu\/otok-vir\/#primaryimage\",\"inLanguage\":\"hu\",\"url\":\"https:\/\/apartmani-sunce.com\/wp-content\/uploads\/2021\/12\/20211031_1031090-scaled.jpg\",\"contentUrl\":\"https:\/\/apartmani-sunce.com\/wp-content\/uploads\/2021\/12\/20211031_1031090-scaled.jpg\",\"width\":2560,\"height\":1920},{\"@type\":\"WebPage\",\"@id\":\"https:\/\/apartmani-sunce.com\/hu\/otok-vir\/#webpage\",\"url\":\"https:\/\/apartmani-sunce.com\/hu\/otok-vir\/\",\"name\":\"Otok Vir - Apartmani Sunce\",\"isPartOf\":{\"@id\":\"https:\/\/apartmani-sunce.com\/#website\"},\"primaryImageOfPage\":{\"@id\":\"https:\/\/apartmani-sunce.com\/hu\/otok-vir\/#primaryimage\"},\"datePublished\":\"2019-07-14T04:18:37+00:00\",\"dateModified\":\"2022-01-26T19:58:42+00:00\",\"breadcrumb\":{\"@id\":\"https:\/\/apartmani-sunce.com\/hu\/otok-vir\/#breadcrumb\"},\"inLanguage\":\"hu\",\"potentialAction\":[{\"@type\":\"ReadAction\",\"target\":[\"https:\/\/apartmani-sunce.com\/hu\/otok-vir\/\"]}]},{\"@type\":\"BreadcrumbList\",\"@id\":\"https:\/\/apartmani-sunce.com\/hu\/otok-vir\/#breadcrumb\",\"itemListElement\":[{\"@type\":\"ListItem\",\"position\":1,\"name\":\"Home\",\"item\":\"https:\/\/apartmani-sunce.com\/hu\/\"},{\"@type\":\"ListItem\",\"position\":2,\"name\":\"Otok Vir\"}]}]}<\/script>\n<!-- \/ Yoast SEO plugin. -->","yoast_head_json":{"title":"Otok Vir - Apartmani Sunce","robots":{"index":"index","follow":"follow","max-snippet":"max-snippet:-1","max-image-preview":"max-image-preview:large","max-video-preview":"max-video-preview:-1"},"canonical":"https:\/\/apartmani-sunce.com\/hu\/otok-vir\/","og_locale":"hu_HU","og_type":"article","og_title":"Otok Vir - Apartmani Sunce","og_description":"A horv\u00e1torsz\u00e1gi Vir szigete az orsz\u00e1g egyik legszebb \u00e9s legidillikusabb nyaral\u00f3helye. \u00c9szak-Dalm\u00e1ci\u00e1ban tal\u00e1lhat\u00f3, m\u00e9rete 22 km2, egyben Horv\u00e1torsz\u00e1g egyik kisebb \u00fcd\u00fcl\u0151szigete. Vir egyed\u00fcl\u00e1ll\u00f3 strandjai az \u00fasz\u00e1s igazi paradicsom\u00e1v\u00e1 teszik ezt a szigetet. Horv\u00e1torsz\u00e1gban neh\u00e9z b\u00e1rhol is tal\u00e1lni nagyobb s\u0171r\u0171s\u00e9g\u0171, gy\u00f6ny\u00f6r\u0171 homokos strandokat, ez\u00e9rt ezeket sok turista k\u00fcl\u00f6n \u00e9rt\u00e9keli. A szigetet mintegy 300 m\u00e9ter hossz\u00fa h\u00edd &hellip; Read More \"Otok Vir\"","og_url":"https:\/\/apartmani-sunce.com\/hu\/otok-vir\/","og_site_name":"Apartmani Sunce","article_publisher":"https:\/\/www.facebook.com\/apartmanisuncevir","article_modified_time":"2022-01-26T19:58:42+00:00","og_image":[{"width":2560,"height":1920,"url":"https:\/\/apartmani-sunce.com\/wp-content\/uploads\/2021\/12\/20211031_1031090-scaled.jpg","type":"image\/jpeg"}],"twitter_card":"summary_large_image","twitter_misc":{"Becs\u00fclt olvas\u00e1si id\u0151":"1 perc"},"schema":{"@context":"https:\/\/schema.org","@graph":[{"@type":"Organization","@id":"https:\/\/apartmani-sunce.com\/#organization","name":"Apartmani Sunce","url":"https:\/\/apartmani-sunce.com\/","sameAs":["https:\/\/www.facebook.com\/apartmanisuncevir"],"logo":{"@type":"ImageObject","@id":"https:\/\/apartmani-sunce.com\/#logo","inLanguage":"hu","url":"https:\/\/apartmani-sunce.com\/wp-content\/uploads\/2021\/12\/IMG-20210808-WA0016.jpg","contentUrl":"https:\/\/apartmani-sunce.com\/wp-content\/uploads\/2021\/12\/IMG-20210808-WA0016.jpg","width":1600,"height":1200,"caption":"Apartmani Sunce"},"image":{"@id":"https:\/\/apartmani-sunce.com\/#logo"}},{"@type":"WebSite","@id":"https:\/\/apartmani-sunce.com\/#website","url":"https:\/\/apartmani-sunce.com\/","name":"Apartmani Sunce","description":"Apartmani Sunce - Otok Vir","publisher":{"@id":"https:\/\/apartmani-sunce.com\/#organization"},"potentialAction":[{"@type":"SearchAction","target":{"@type":"EntryPoint","urlTemplate":"https:\/\/apartmani-sunce.com\/?s={search_term_string}"},"query-input":"required name=search_term_string"}],"inLanguage":"hu"},{"@type":"ImageObject","@id":"https:\/\/apartmani-sunce.com\/hu\/otok-vir\/#primaryimage","inLanguage":"hu","url":"https:\/\/apartmani-sunce.com\/wp-content\/uploads\/2021\/12\/20211031_1031090-scaled.jpg","contentUrl":"https:\/\/apartmani-sunce.com\/wp-content\/uploads\/2021\/12\/20211031_1031090-scaled.jpg","width":2560,"height":1920},{"@type":"WebPage","@id":"https:\/\/apartmani-sunce.com\/hu\/otok-vir\/#webpage","url":"https:\/\/apartmani-sunce.com\/hu\/otok-vir\/","name":"Otok Vir - Apartmani Sunce","isPartOf":{"@id":"https:\/\/apartmani-sunce.com\/#website"},"primaryImageOfPage":{"@id":"https:\/\/apartmani-sunce.com\/hu\/otok-vir\/#primaryimage"},"datePublished":"2019-07-14T04:18:37+00:00","dateModified":"2022-01-26T19:58:42+00:00","breadcrumb":{"@id":"https:\/\/apartmani-sunce.com\/hu\/otok-vir\/#breadcrumb"},"inLanguage":"hu","potentialAction":[{"@type":"ReadAction","target":["https:\/\/apartmani-sunce.com\/hu\/otok-vir\/"]}]},{"@type":"BreadcrumbList","@id":"https:\/\/apartmani-sunce.com\/hu\/otok-vir\/#breadcrumb","itemListElement":[{"@type":"ListItem","position":1,"name":"Home","item":"https:\/\/apartmani-sunce.com\/hu\/"},{"@type":"ListItem","position":2,"name":"Otok Vir"}]}]}},"_links":{"self":[{"href":"https:\/\/apartmani-sunce.com\/hu\/wp-json\/wp\/v2\/pages\/4479","targetHints":{"allow":["GET"]}}],"collection":[{"href":"https:\/\/apartmani-sunce.com\/hu\/wp-json\/wp\/v2\/pages"}],"about":[{"href":"https:\/\/apartmani-sunce.com\/hu\/wp-json\/wp\/v2\/types\/page"}],"author":[{"embeddable":true,"href":"https:\/\/apartmani-sunce.com\/hu\/wp-json\/wp\/v2\/users\/1"}],"replies":[{"embeddable":true,"href":"https:\/\/apartmani-sunce.com\/hu\/wp-json\/wp\/v2\/comments?post=4479"}],"version-history":[{"count":3,"href":"https:\/\/apartmani-sunce.com\/hu\/wp-json\/wp\/v2\/pages\/4479\/revisions"}],"predecessor-version":[{"id":4732,"href":"https:\/\/apartmani-sunce.com\/hu\/wp-json\/wp\/v2\/pages\/4479\/revisions\/4732"}],"wp:featuredmedia":[{"embeddable":true,"href":"https:\/\/apartmani-sunce.com\/hu\/wp-json\/wp\/v2\/media\/4309"}],"wp:attachment":[{"href":"https:\/\/apartmani-sunce.com\/hu\/wp-json\/wp\/v2\/media?parent=4479"}],"curies":[{"name":"wp","href":"https:\/\/api.w.org\/{rel}","templated":true}]}}