{"id":4454,"date":"2019-07-24T06:17:53","date_gmt":"2019-07-24T06:17:53","guid":{"rendered":"https:\/\/apartmani-sunce.com\/izleti\/"},"modified":"2022-01-25T22:57:38","modified_gmt":"2022-01-25T22:57:38","slug":"izleti","status":"publish","type":"page","link":"https:\/\/apartmani-sunce.com\/hu\/izleti\/","title":{"rendered":"Izleti"},"content":{"rendered":"\t\t<div data-elementor-type=\"wp-post\" data-elementor-id=\"4454\" class=\"elementor elementor-4454\" data-elementor-settings=\"[]\">\n\t\t\t\t\t\t\t<div class=\"elementor-section-wrap\">\n\t\t\t\t\t\t\t<section class=\"elementor-section elementor-top-section elementor-element elementor-element-cb298b0 elementor-section-boxed elementor-section-height-default elementor-section-height-default\" data-id=\"cb298b0\" data-element_type=\"section\">\n\t\t\t\t\t\t<div class=\"elementor-container elementor-column-gap-default\">\n\t\t\t\t\t<div class=\"elementor-column elementor-col-100 elementor-top-column elementor-element elementor-element-c7edfe4\" data-id=\"c7edfe4\" data-element_type=\"column\">\n\t\t\t<div class=\"elementor-widget-wrap elementor-element-populated\">\n\t\t\t\t\t\t\t\t<div class=\"elementor-element elementor-element-0aa79be elementor-widget elementor-widget-spacer\" data-id=\"0aa79be\" data-element_type=\"widget\" data-widget_type=\"spacer.default\">\n\t\t\t\t<div class=\"elementor-widget-container\">\n\t\t\t\t\t<div class=\"elementor-spacer\">\n\t\t\t<div class=\"elementor-spacer-inner\"><\/div>\n\t\t<\/div>\n\t\t\t\t<\/div>\n\t\t\t\t<\/div>\n\t\t\t\t\t<\/div>\n\t\t<\/div>\n\t\t\t\t\t\t\t<\/div>\n\t\t<\/section>\n\t\t\t\t<div class=\"elementor-section elementor-top-section elementor-element elementor-element-6d9b48d elementor-section-stretched elementor-section-boxed elementor-section-height-default elementor-section-height-default\" data-id=\"6d9b48d\" data-element_type=\"section\" data-settings=\"{&quot;stretch_section&quot;:&quot;section-stretched&quot;}\">\n\t\t\t\t\t\t<div class=\"elementor-container elementor-column-gap-no\">\n\t\t\t\t\t<div class=\"elementor-column elementor-col-33 elementor-top-column elementor-element elementor-element-a5655ab\" data-id=\"a5655ab\" data-element_type=\"column\">\n\t\t\t<div class=\"elementor-widget-wrap elementor-element-populated\">\n\t\t\t\t\t\t\t\t<div class=\"elementor-element elementor-element-10127da animated-fast elementor-position-top imagebox-svg-transform-none elementor-vertical-align-top elementor-invisible elementor-widget elementor-widget-image-box\" data-id=\"10127da\" data-element_type=\"widget\" data-settings=\"{&quot;_animation&quot;:&quot;opal-move-up&quot;}\" data-widget_type=\"image-box.default\">\n\t\t\t\t<div class=\"elementor-widget-container\">\n\t\t\t<style>\/*! elementor - v3.5.4 - 23-01-2022 *\/\n.elementor-widget-image-box .elementor-image-box-content{width:100%}@media (min-width:768px){.elementor-widget-image-box.elementor-position-left .elementor-image-box-wrapper,.elementor-widget-image-box.elementor-position-right .elementor-image-box-wrapper{display:-webkit-box;display:-ms-flexbox;display:flex}.elementor-widget-image-box.elementor-position-right .elementor-image-box-wrapper{text-align:right;-webkit-box-orient:horizontal;-webkit-box-direction:reverse;-ms-flex-direction:row-reverse;flex-direction:row-reverse}.elementor-widget-image-box.elementor-position-left .elementor-image-box-wrapper{text-align:left;-webkit-box-orient:horizontal;-webkit-box-direction:normal;-ms-flex-direction:row;flex-direction:row}.elementor-widget-image-box.elementor-position-top .elementor-image-box-img{margin:auto}.elementor-widget-image-box.elementor-vertical-align-top .elementor-image-box-wrapper{-webkit-box-align:start;-ms-flex-align:start;align-items:flex-start}.elementor-widget-image-box.elementor-vertical-align-middle .elementor-image-box-wrapper{-webkit-box-align:center;-ms-flex-align:center;align-items:center}.elementor-widget-image-box.elementor-vertical-align-bottom .elementor-image-box-wrapper{-webkit-box-align:end;-ms-flex-align:end;align-items:flex-end}}@media (max-width:767px){.elementor-widget-image-box .elementor-image-box-img{margin-left:auto!important;margin-right:auto!important;margin-bottom:15px}}.elementor-widget-image-box .elementor-image-box-img{display:inline-block}.elementor-widget-image-box .elementor-image-box-title a{color:inherit}.elementor-widget-image-box .elementor-image-box-wrapper{text-align:center}.elementor-widget-image-box .elementor-image-box-description{margin:0}<\/style><div class=\"elementor-image-box-wrapper\"><div class=\"elementor-image-framed\"><figure class=\"elementor-image-box-img\"><img loading=\"lazy\" decoding=\"async\" width=\"2560\" height=\"1706\" src=\"https:\/\/apartmani-sunce.com\/wp-content\/uploads\/2022\/01\/Nin-9-scaled-1.jpg\" class=\"elementor-animation-float attachment-full size-full\" alt=\"\" srcset=\"https:\/\/apartmani-sunce.com\/wp-content\/uploads\/2022\/01\/Nin-9-scaled-1.jpg 2560w, https:\/\/apartmani-sunce.com\/wp-content\/uploads\/2022\/01\/Nin-9-scaled-1-300x200.jpg 300w, https:\/\/apartmani-sunce.com\/wp-content\/uploads\/2022\/01\/Nin-9-scaled-1-1024x682.jpg 1024w, https:\/\/apartmani-sunce.com\/wp-content\/uploads\/2022\/01\/Nin-9-scaled-1-768x512.jpg 768w, https:\/\/apartmani-sunce.com\/wp-content\/uploads\/2022\/01\/Nin-9-scaled-1-1536x1024.jpg 1536w, https:\/\/apartmani-sunce.com\/wp-content\/uploads\/2022\/01\/Nin-9-scaled-1-2048x1365.jpg 2048w, https:\/\/apartmani-sunce.com\/wp-content\/uploads\/2022\/01\/Nin-9-scaled-1-700x466.jpg 700w\" sizes=\"auto, (max-width: 2560px) 100vw, 2560px\" \/><\/figure><\/div><div class=\"elementor-image-box-content\"><h3 class=\"elementor-image-box-title\">Nin (12km)<\/h3><p class=\"elementor-image-box-description\">a legr\u00e9gebbi horv\u00e1t kir\u00e1lyi v\u00e1ros. Az \u0151si v\u00e1ros k\u00f6zpontja egy 500 m\u00e9ter \u00e1tm\u00e9r\u0151j\u0171 kis sziget, amelyet k\u00e9t h\u00edd k\u00f6t \u00f6ssze a sz\u00e1razf\u00f6lddel. Itt tal\u00e1lhat\u00f3 a vil\u00e1g legkisebb katedr\u00e1lisa. Itt tal\u00e1lhat\u00f3 egy ezred\u00e9ves hagyom\u00e1nyokkal rendelkez\u0151 s\u00f3barlang is. A legenda szerint, ha meg\u00e9rinti Gergely p\u00fcsp\u00f6k szobr\u00e1nak h\u00fcvelykujj\u00e1t, ezzel biztos\u00edtja a boldogs\u00e1got.<\/p><\/div><\/div>\t\t<\/div>\n\t\t\t\t<\/div>\n\t\t\t\t\t<\/div>\n\t\t<\/div>\n\t\t\t\t<div class=\"elementor-column elementor-col-33 elementor-top-column elementor-element elementor-element-817e986\" data-id=\"817e986\" data-element_type=\"column\">\n\t\t\t<div class=\"elementor-widget-wrap elementor-element-populated\">\n\t\t\t\t\t\t\t\t<div class=\"elementor-element elementor-element-226a8ba animated-fast elementor-position-top imagebox-svg-transform-none elementor-vertical-align-top elementor-invisible elementor-widget elementor-widget-image-box\" data-id=\"226a8ba\" data-element_type=\"widget\" data-settings=\"{&quot;_animation&quot;:&quot;opal-move-up&quot;}\" data-widget_type=\"image-box.default\">\n\t\t\t\t<div class=\"elementor-widget-container\">\n\t\t\t<div class=\"elementor-image-box-wrapper\"><div class=\"elementor-image-framed\"><figure class=\"elementor-image-box-img\"><img loading=\"lazy\" decoding=\"async\" width=\"960\" height=\"720\" src=\"https:\/\/apartmani-sunce.com\/wp-content\/uploads\/2022\/01\/mountain-6248832_960_720.jpg\" class=\"elementor-animation-float attachment-full size-full\" alt=\"\" srcset=\"https:\/\/apartmani-sunce.com\/wp-content\/uploads\/2022\/01\/mountain-6248832_960_720.jpg 960w, https:\/\/apartmani-sunce.com\/wp-content\/uploads\/2022\/01\/mountain-6248832_960_720-300x225.jpg 300w, https:\/\/apartmani-sunce.com\/wp-content\/uploads\/2022\/01\/mountain-6248832_960_720-768x576.jpg 768w, https:\/\/apartmani-sunce.com\/wp-content\/uploads\/2022\/01\/mountain-6248832_960_720-700x525.jpg 700w\" sizes=\"auto, (max-width: 960px) 100vw, 960px\" \/><\/figure><\/div><div class=\"elementor-image-box-content\"><h3 class=\"elementor-image-box-title\">Paklenica (60km)<\/h3><p class=\"elementor-image-box-description\">95 km2 ter\u00fclet\u0171 nemzeti park, amely Velebit d\u00e9li lejt\u0151in h\u00faz\u00f3dik. A Velika \u00e9s a Mala Paklenica foly\u00f3k ter\u00fclet\u00e9t fedi le. A Velebit lejt\u0151ibe f\u00fcgg\u0151legesen bev\u00e9sett kanyonr\u00f3l  ismert.<\/p><\/div><\/div>\t\t<\/div>\n\t\t\t\t<\/div>\n\t\t\t\t\t<\/div>\n\t\t<\/div>\n\t\t\t\t<div class=\"elementor-column elementor-col-33 elementor-top-column elementor-element elementor-element-8438234\" data-id=\"8438234\" data-element_type=\"column\">\n\t\t\t<div class=\"elementor-widget-wrap elementor-element-populated\">\n\t\t\t\t\t\t\t\t<div class=\"elementor-element elementor-element-81e2d83 animated-fast elementor-position-top imagebox-svg-transform-none elementor-vertical-align-top elementor-invisible elementor-widget elementor-widget-image-box\" data-id=\"81e2d83\" data-element_type=\"widget\" data-settings=\"{&quot;_animation&quot;:&quot;opal-move-up&quot;}\" data-widget_type=\"image-box.default\">\n\t\t\t\t<div class=\"elementor-widget-container\">\n\t\t\t<div class=\"elementor-image-box-wrapper\"><div class=\"elementor-image-framed\"><figure class=\"elementor-image-box-img\"><img loading=\"lazy\" decoding=\"async\" width=\"600\" height=\"400\" src=\"https:\/\/apartmani-sunce.com\/wp-content\/uploads\/2022\/01\/depositphotos_31477929-stock-photo-zadar-aerial.webp\" class=\"elementor-animation-float attachment-full size-full\" alt=\"\" srcset=\"https:\/\/apartmani-sunce.com\/wp-content\/uploads\/2022\/01\/depositphotos_31477929-stock-photo-zadar-aerial.webp 600w, https:\/\/apartmani-sunce.com\/wp-content\/uploads\/2022\/01\/depositphotos_31477929-stock-photo-zadar-aerial-300x200.webp 300w\" sizes=\"auto, (max-width: 600px) 100vw, 600px\" \/><\/figure><\/div><div class=\"elementor-image-box-content\"><h3 class=\"elementor-image-box-title\">Zadar (25km)<\/h3><p class=\"elementor-image-box-description\">v\u00e1ros Dalm\u00e1cia k\u00f6zpontj\u00e1ban, kiv\u00e1l\u00f3 kiindul\u00f3pont minden \u00fati c\u00e9lhoz. Zadar egy v\u00e1ros az Adria sz\u00edv\u00e9ben. T\u00f6bb, mint 75.000 lakosa van. Horv\u00e1torsz\u00e1g egyik legszebb \u00f3v\u00e1rosa. Vannak gal\u00e9ri\u00e1k, m\u00fazeumok, t\u00f6rt\u00e9nelmi \u00e9p\u00fcletek, m\u0171eml\u00e9kek, de itt tal\u00e1lhat\u00f3 a \"Nap k\u00f6sz\u00f6nt\u00e9se\" t\u00e9r is.\n<\/p><\/div><\/div>\t\t<\/div>\n\t\t\t\t<\/div>\n\t\t\t\t\t<\/div>\n\t\t<\/div>\n\t\t\t\t\t\t\t<\/div>\n\t\t<\/div>\n\t\t\t\t<div class=\"elementor-section elementor-top-section elementor-element elementor-element-7400869 elementor-section-stretched elementor-section-boxed elementor-section-height-default elementor-section-height-default\" data-id=\"7400869\" data-element_type=\"section\" data-settings=\"{&quot;stretch_section&quot;:&quot;section-stretched&quot;}\">\n\t\t\t\t\t\t<div class=\"elementor-container elementor-column-gap-no\">\n\t\t\t\t\t<div class=\"elementor-column elementor-col-33 elementor-top-column elementor-element elementor-element-a6bcded\" data-id=\"a6bcded\" data-element_type=\"column\">\n\t\t\t<div class=\"elementor-widget-wrap elementor-element-populated\">\n\t\t\t\t\t\t\t\t<div class=\"elementor-element elementor-element-e46b926 animated-fast elementor-position-top imagebox-svg-transform-none elementor-vertical-align-top elementor-invisible elementor-widget elementor-widget-image-box\" data-id=\"e46b926\" data-element_type=\"widget\" data-settings=\"{&quot;_animation&quot;:&quot;opal-move-up&quot;}\" data-widget_type=\"image-box.default\">\n\t\t\t\t<div class=\"elementor-widget-container\">\n\t\t\t<div class=\"elementor-image-box-wrapper\"><div class=\"elementor-image-framed\"><figure class=\"elementor-image-box-img\"><img loading=\"lazy\" decoding=\"async\" width=\"800\" height=\"533\" src=\"https:\/\/apartmani-sunce.com\/wp-content\/uploads\/2022\/01\/dsa.jpg\" class=\"elementor-animation-float attachment-full size-full\" alt=\"\" srcset=\"https:\/\/apartmani-sunce.com\/wp-content\/uploads\/2022\/01\/dsa.jpg 800w, https:\/\/apartmani-sunce.com\/wp-content\/uploads\/2022\/01\/dsa-300x200.jpg 300w, https:\/\/apartmani-sunce.com\/wp-content\/uploads\/2022\/01\/dsa-768x512.jpg 768w, https:\/\/apartmani-sunce.com\/wp-content\/uploads\/2022\/01\/dsa-700x466.jpg 700w\" sizes=\"auto, (max-width: 800px) 100vw, 800px\" \/><\/figure><\/div><div class=\"elementor-image-box-content\"><h3 class=\"elementor-image-box-title\">Kornati<\/h3><\/div><\/div>\t\t<\/div>\n\t\t\t\t<\/div>\n\t\t\t\t<div class=\"elementor-element elementor-element-ae09bf3 animated-fast elementor-position-top imagebox-svg-transform-none elementor-vertical-align-top elementor-invisible elementor-widget elementor-widget-image-box\" data-id=\"ae09bf3\" data-element_type=\"widget\" data-settings=\"{&quot;_animation&quot;:&quot;opal-move-up&quot;}\" data-widget_type=\"image-box.default\">\n\t\t\t\t<div class=\"elementor-widget-container\">\n\t\t\t<div class=\"elementor-image-box-wrapper\"><div class=\"elementor-image-framed\"><figure class=\"elementor-image-box-img\"><img loading=\"lazy\" decoding=\"async\" width=\"970\" height=\"727\" src=\"https:\/\/apartmani-sunce.com\/wp-content\/uploads\/2022\/01\/plitvice-lakes-national-park-in-croatia-landscape.jpg\" class=\"elementor-animation-float attachment-full size-full\" alt=\"\" srcset=\"https:\/\/apartmani-sunce.com\/wp-content\/uploads\/2022\/01\/plitvice-lakes-national-park-in-croatia-landscape.jpg 970w, https:\/\/apartmani-sunce.com\/wp-content\/uploads\/2022\/01\/plitvice-lakes-national-park-in-croatia-landscape-300x225.jpg 300w, https:\/\/apartmani-sunce.com\/wp-content\/uploads\/2022\/01\/plitvice-lakes-national-park-in-croatia-landscape-768x576.jpg 768w, https:\/\/apartmani-sunce.com\/wp-content\/uploads\/2022\/01\/plitvice-lakes-national-park-in-croatia-landscape-700x525.jpg 700w\" sizes=\"auto, (max-width: 970px) 100vw, 970px\" \/><\/figure><\/div><div class=\"elementor-image-box-content\"><h3 class=\"elementor-image-box-title\">Plitvicei-tavak<\/h3><\/div><\/div>\t\t<\/div>\n\t\t\t\t<\/div>\n\t\t\t\t\t<\/div>\n\t\t<\/div>\n\t\t\t\t<div class=\"elementor-column elementor-col-33 elementor-top-column elementor-element elementor-element-e2a4cb4\" data-id=\"e2a4cb4\" data-element_type=\"column\">\n\t\t\t<div class=\"elementor-widget-wrap elementor-element-populated\">\n\t\t\t\t\t\t\t\t<div class=\"elementor-element elementor-element-3b2eda7 animated-fast elementor-position-top imagebox-svg-transform-none elementor-vertical-align-top elementor-invisible elementor-widget elementor-widget-image-box\" data-id=\"3b2eda7\" data-element_type=\"widget\" data-settings=\"{&quot;_animation&quot;:&quot;opal-move-up&quot;}\" data-widget_type=\"image-box.default\">\n\t\t\t\t<div class=\"elementor-widget-container\">\n\t\t\t<div class=\"elementor-image-box-wrapper\"><div class=\"elementor-image-framed\"><figure class=\"elementor-image-box-img\"><img loading=\"lazy\" decoding=\"async\" width=\"612\" height=\"408\" src=\"https:\/\/apartmani-sunce.com\/wp-content\/uploads\/2022\/01\/vransko.jpg\" class=\"elementor-animation-float attachment-full size-full\" alt=\"\" srcset=\"https:\/\/apartmani-sunce.com\/wp-content\/uploads\/2022\/01\/vransko.jpg 612w, https:\/\/apartmani-sunce.com\/wp-content\/uploads\/2022\/01\/vransko-300x200.jpg 300w\" sizes=\"auto, (max-width: 612px) 100vw, 612px\" \/><\/figure><\/div><div class=\"elementor-image-box-content\"><h3 class=\"elementor-image-box-title\">Vrana-t\u00f3<\/h3><\/div><\/div>\t\t<\/div>\n\t\t\t\t<\/div>\n\t\t\t\t\t<\/div>\n\t\t<\/div>\n\t\t\t\t<div class=\"elementor-column elementor-col-33 elementor-top-column elementor-element elementor-element-cce73c2\" data-id=\"cce73c2\" data-element_type=\"column\">\n\t\t\t<div class=\"elementor-widget-wrap elementor-element-populated\">\n\t\t\t\t\t\t\t\t<div class=\"elementor-element elementor-element-c200da6 animated-fast elementor-position-top imagebox-svg-transform-none elementor-vertical-align-top elementor-invisible elementor-widget elementor-widget-image-box\" data-id=\"c200da6\" data-element_type=\"widget\" data-settings=\"{&quot;_animation&quot;:&quot;opal-move-up&quot;}\" data-widget_type=\"image-box.default\">\n\t\t\t\t<div class=\"elementor-widget-container\">\n\t\t\t<div class=\"elementor-image-box-wrapper\"><div class=\"elementor-image-framed\"><figure class=\"elementor-image-box-img\"><img loading=\"lazy\" decoding=\"async\" width=\"960\" height=\"540\" src=\"https:\/\/apartmani-sunce.com\/wp-content\/uploads\/2022\/01\/krka.jpg\" class=\"elementor-animation-float attachment-full size-full\" alt=\"\" srcset=\"https:\/\/apartmani-sunce.com\/wp-content\/uploads\/2022\/01\/krka.jpg 960w, https:\/\/apartmani-sunce.com\/wp-content\/uploads\/2022\/01\/krka-300x169.jpg 300w, https:\/\/apartmani-sunce.com\/wp-content\/uploads\/2022\/01\/krka-768x432.jpg 768w, https:\/\/apartmani-sunce.com\/wp-content\/uploads\/2022\/01\/krka-700x394.jpg 700w\" sizes=\"auto, (max-width: 960px) 100vw, 960px\" \/><\/figure><\/div><div class=\"elementor-image-box-content\"><h3 class=\"elementor-image-box-title\">Krka<\/h3><\/div><\/div>\t\t<\/div>\n\t\t\t\t<\/div>\n\t\t\t\t\t<\/div>\n\t\t<\/div>\n\t\t\t\t\t\t\t<\/div>\n\t\t<\/div>\n\t\t\t\t\t\t<\/div>\n\t\t\t\t\t<\/div>\n\t\t","protected":false},"excerpt":{"rendered":"<p>Nin (12km) a legr\u00e9gebbi horv\u00e1t kir\u00e1lyi v\u00e1ros. Az \u0151si v\u00e1ros k\u00f6zpontja egy 500 m\u00e9ter \u00e1tm\u00e9r\u0151j\u0171 kis sziget, amelyet k\u00e9t h\u00edd k\u00f6t \u00f6ssze a sz\u00e1razf\u00f6lddel. Itt tal\u00e1lhat\u00f3 a vil\u00e1g legkisebb katedr\u00e1lisa. Itt tal\u00e1lhat\u00f3 egy ezred\u00e9ves hagyom\u00e1nyokkal rendelkez\u0151 s\u00f3barlang is. A legenda szerint, ha meg\u00e9rinti Gergely p\u00fcsp\u00f6k szobr\u00e1nak h\u00fcvelykujj\u00e1t, ezzel biztos\u00edtja a boldogs\u00e1got. Paklenica (60km) 95 km2 &hellip; <span class=\"more-link-wrap\"><a href=\"https:\/\/apartmani-sunce.com\/hu\/izleti\/\" class=\"more-link\">Read More <span class=\"screen-reader-text\"> &#8222;Izleti&#8221;<\/span><\/a><\/span><\/p>\n","protected":false},"author":1,"featured_media":0,"parent":0,"menu_order":0,"comment_status":"closed","ping_status":"closed","template":"page-elementor.php","meta":{"footnotes":""},"class_list":["post-4454","page","type-page","status-publish","hentry"],"yoast_head":"<!-- This site is optimized with the Yoast SEO plugin v18.0 - https:\/\/yoast.com\/wordpress\/plugins\/seo\/ -->\n<title>Izleti - Apartmani Sunce<\/title>\n<meta name=\"robots\" content=\"index, follow, max-snippet:-1, max-image-preview:large, max-video-preview:-1\" \/>\n<link rel=\"canonical\" href=\"https:\/\/apartmani-sunce.com\/hu\/izleti\/\" \/>\n<meta property=\"og:locale\" content=\"hu_HU\" \/>\n<meta property=\"og:type\" content=\"article\" \/>\n<meta property=\"og:title\" content=\"Izleti - Apartmani Sunce\" \/>\n<meta property=\"og:description\" content=\"Nin (12km) a legr\u00e9gebbi horv\u00e1t kir\u00e1lyi v\u00e1ros. Az \u0151si v\u00e1ros k\u00f6zpontja egy 500 m\u00e9ter \u00e1tm\u00e9r\u0151j\u0171 kis sziget, amelyet k\u00e9t h\u00edd k\u00f6t \u00f6ssze a sz\u00e1razf\u00f6lddel. Itt tal\u00e1lhat\u00f3 a vil\u00e1g legkisebb katedr\u00e1lisa. Itt tal\u00e1lhat\u00f3 egy ezred\u00e9ves hagyom\u00e1nyokkal rendelkez\u0151 s\u00f3barlang is. A legenda szerint, ha meg\u00e9rinti Gergely p\u00fcsp\u00f6k szobr\u00e1nak h\u00fcvelykujj\u00e1t, ezzel biztos\u00edtja a boldogs\u00e1got. Paklenica (60km) 95 km2 &hellip; Read More &quot;Izleti&quot;\" \/>\n<meta property=\"og:url\" content=\"https:\/\/apartmani-sunce.com\/hu\/izleti\/\" \/>\n<meta property=\"og:site_name\" content=\"Apartmani Sunce\" \/>\n<meta property=\"article:publisher\" content=\"https:\/\/www.facebook.com\/apartmanisuncevir\" \/>\n<meta property=\"article:modified_time\" content=\"2022-01-25T22:57:38+00:00\" \/>\n<meta property=\"og:image\" content=\"https:\/\/apartmani-sunce.com\/wp-content\/uploads\/2022\/01\/Nin-9-scaled-1.jpg\" \/>\n<meta name=\"twitter:card\" content=\"summary_large_image\" \/>\n<meta name=\"twitter:label1\" content=\"Becs\u00fclt olvas\u00e1si id\u0151\" \/>\n\t<meta name=\"twitter:data1\" content=\"1 perc\" \/>\n<script type=\"application\/ld+json\" class=\"yoast-schema-graph\">{\"@context\":\"https:\/\/schema.org\",\"@graph\":[{\"@type\":\"Organization\",\"@id\":\"https:\/\/apartmani-sunce.com\/#organization\",\"name\":\"Apartmani Sunce\",\"url\":\"https:\/\/apartmani-sunce.com\/\",\"sameAs\":[\"https:\/\/www.facebook.com\/apartmanisuncevir\"],\"logo\":{\"@type\":\"ImageObject\",\"@id\":\"https:\/\/apartmani-sunce.com\/#logo\",\"inLanguage\":\"hu\",\"url\":\"https:\/\/apartmani-sunce.com\/wp-content\/uploads\/2021\/12\/IMG-20210808-WA0016.jpg\",\"contentUrl\":\"https:\/\/apartmani-sunce.com\/wp-content\/uploads\/2021\/12\/IMG-20210808-WA0016.jpg\",\"width\":1600,\"height\":1200,\"caption\":\"Apartmani Sunce\"},\"image\":{\"@id\":\"https:\/\/apartmani-sunce.com\/#logo\"}},{\"@type\":\"WebSite\",\"@id\":\"https:\/\/apartmani-sunce.com\/#website\",\"url\":\"https:\/\/apartmani-sunce.com\/\",\"name\":\"Apartmani Sunce\",\"description\":\"Apartmani Sunce - Otok Vir\",\"publisher\":{\"@id\":\"https:\/\/apartmani-sunce.com\/#organization\"},\"potentialAction\":[{\"@type\":\"SearchAction\",\"target\":{\"@type\":\"EntryPoint\",\"urlTemplate\":\"https:\/\/apartmani-sunce.com\/?s={search_term_string}\"},\"query-input\":\"required name=search_term_string\"}],\"inLanguage\":\"hu\"},{\"@type\":\"ImageObject\",\"@id\":\"https:\/\/apartmani-sunce.com\/hu\/izleti\/#primaryimage\",\"inLanguage\":\"hu\",\"url\":\"https:\/\/apartmani-sunce.com\/wp-content\/uploads\/2022\/01\/Nin-9-scaled-1.jpg\",\"contentUrl\":\"https:\/\/apartmani-sunce.com\/wp-content\/uploads\/2022\/01\/Nin-9-scaled-1.jpg\",\"width\":2560,\"height\":1706},{\"@type\":\"WebPage\",\"@id\":\"https:\/\/apartmani-sunce.com\/hu\/izleti\/#webpage\",\"url\":\"https:\/\/apartmani-sunce.com\/hu\/izleti\/\",\"name\":\"Izleti - Apartmani Sunce\",\"isPartOf\":{\"@id\":\"https:\/\/apartmani-sunce.com\/#website\"},\"primaryImageOfPage\":{\"@id\":\"https:\/\/apartmani-sunce.com\/hu\/izleti\/#primaryimage\"},\"datePublished\":\"2019-07-24T06:17:53+00:00\",\"dateModified\":\"2022-01-25T22:57:38+00:00\",\"breadcrumb\":{\"@id\":\"https:\/\/apartmani-sunce.com\/hu\/izleti\/#breadcrumb\"},\"inLanguage\":\"hu\",\"potentialAction\":[{\"@type\":\"ReadAction\",\"target\":[\"https:\/\/apartmani-sunce.com\/hu\/izleti\/\"]}]},{\"@type\":\"BreadcrumbList\",\"@id\":\"https:\/\/apartmani-sunce.com\/hu\/izleti\/#breadcrumb\",\"itemListElement\":[{\"@type\":\"ListItem\",\"position\":1,\"name\":\"Home\",\"item\":\"https:\/\/apartmani-sunce.com\/hu\/\"},{\"@type\":\"ListItem\",\"position\":2,\"name\":\"Izleti\"}]}]}<\/script>\n<!-- \/ Yoast SEO plugin. -->","yoast_head_json":{"title":"Izleti - Apartmani Sunce","robots":{"index":"index","follow":"follow","max-snippet":"max-snippet:-1","max-image-preview":"max-image-preview:large","max-video-preview":"max-video-preview:-1"},"canonical":"https:\/\/apartmani-sunce.com\/hu\/izleti\/","og_locale":"hu_HU","og_type":"article","og_title":"Izleti - Apartmani Sunce","og_description":"Nin (12km) a legr\u00e9gebbi horv\u00e1t kir\u00e1lyi v\u00e1ros. Az \u0151si v\u00e1ros k\u00f6zpontja egy 500 m\u00e9ter \u00e1tm\u00e9r\u0151j\u0171 kis sziget, amelyet k\u00e9t h\u00edd k\u00f6t \u00f6ssze a sz\u00e1razf\u00f6lddel. Itt tal\u00e1lhat\u00f3 a vil\u00e1g legkisebb katedr\u00e1lisa. Itt tal\u00e1lhat\u00f3 egy ezred\u00e9ves hagyom\u00e1nyokkal rendelkez\u0151 s\u00f3barlang is. A legenda szerint, ha meg\u00e9rinti Gergely p\u00fcsp\u00f6k szobr\u00e1nak h\u00fcvelykujj\u00e1t, ezzel biztos\u00edtja a boldogs\u00e1got. Paklenica (60km) 95 km2 &hellip; Read More \"Izleti\"","og_url":"https:\/\/apartmani-sunce.com\/hu\/izleti\/","og_site_name":"Apartmani Sunce","article_publisher":"https:\/\/www.facebook.com\/apartmanisuncevir","article_modified_time":"2022-01-25T22:57:38+00:00","og_image":[{"url":"https:\/\/apartmani-sunce.com\/wp-content\/uploads\/2022\/01\/Nin-9-scaled-1.jpg"}],"twitter_card":"summary_large_image","twitter_misc":{"Becs\u00fclt olvas\u00e1si id\u0151":"1 perc"},"schema":{"@context":"https:\/\/schema.org","@graph":[{"@type":"Organization","@id":"https:\/\/apartmani-sunce.com\/#organization","name":"Apartmani Sunce","url":"https:\/\/apartmani-sunce.com\/","sameAs":["https:\/\/www.facebook.com\/apartmanisuncevir"],"logo":{"@type":"ImageObject","@id":"https:\/\/apartmani-sunce.com\/#logo","inLanguage":"hu","url":"https:\/\/apartmani-sunce.com\/wp-content\/uploads\/2021\/12\/IMG-20210808-WA0016.jpg","contentUrl":"https:\/\/apartmani-sunce.com\/wp-content\/uploads\/2021\/12\/IMG-20210808-WA0016.jpg","width":1600,"height":1200,"caption":"Apartmani Sunce"},"image":{"@id":"https:\/\/apartmani-sunce.com\/#logo"}},{"@type":"WebSite","@id":"https:\/\/apartmani-sunce.com\/#website","url":"https:\/\/apartmani-sunce.com\/","name":"Apartmani Sunce","description":"Apartmani Sunce - Otok Vir","publisher":{"@id":"https:\/\/apartmani-sunce.com\/#organization"},"potentialAction":[{"@type":"SearchAction","target":{"@type":"EntryPoint","urlTemplate":"https:\/\/apartmani-sunce.com\/?s={search_term_string}"},"query-input":"required name=search_term_string"}],"inLanguage":"hu"},{"@type":"ImageObject","@id":"https:\/\/apartmani-sunce.com\/hu\/izleti\/#primaryimage","inLanguage":"hu","url":"https:\/\/apartmani-sunce.com\/wp-content\/uploads\/2022\/01\/Nin-9-scaled-1.jpg","contentUrl":"https:\/\/apartmani-sunce.com\/wp-content\/uploads\/2022\/01\/Nin-9-scaled-1.jpg","width":2560,"height":1706},{"@type":"WebPage","@id":"https:\/\/apartmani-sunce.com\/hu\/izleti\/#webpage","url":"https:\/\/apartmani-sunce.com\/hu\/izleti\/","name":"Izleti - Apartmani Sunce","isPartOf":{"@id":"https:\/\/apartmani-sunce.com\/#website"},"primaryImageOfPage":{"@id":"https:\/\/apartmani-sunce.com\/hu\/izleti\/#primaryimage"},"datePublished":"2019-07-24T06:17:53+00:00","dateModified":"2022-01-25T22:57:38+00:00","breadcrumb":{"@id":"https:\/\/apartmani-sunce.com\/hu\/izleti\/#breadcrumb"},"inLanguage":"hu","potentialAction":[{"@type":"ReadAction","target":["https:\/\/apartmani-sunce.com\/hu\/izleti\/"]}]},{"@type":"BreadcrumbList","@id":"https:\/\/apartmani-sunce.com\/hu\/izleti\/#breadcrumb","itemListElement":[{"@type":"ListItem","position":1,"name":"Home","item":"https:\/\/apartmani-sunce.com\/hu\/"},{"@type":"ListItem","position":2,"name":"Izleti"}]}]}},"_links":{"self":[{"href":"https:\/\/apartmani-sunce.com\/hu\/wp-json\/wp\/v2\/pages\/4454","targetHints":{"allow":["GET"]}}],"collection":[{"href":"https:\/\/apartmani-sunce.com\/hu\/wp-json\/wp\/v2\/pages"}],"about":[{"href":"https:\/\/apartmani-sunce.com\/hu\/wp-json\/wp\/v2\/types\/page"}],"author":[{"embeddable":true,"href":"https:\/\/apartmani-sunce.com\/hu\/wp-json\/wp\/v2\/users\/1"}],"replies":[{"embeddable":true,"href":"https:\/\/apartmani-sunce.com\/hu\/wp-json\/wp\/v2\/comments?post=4454"}],"version-history":[{"count":3,"href":"https:\/\/apartmani-sunce.com\/hu\/wp-json\/wp\/v2\/pages\/4454\/revisions"}],"predecessor-version":[{"id":4464,"href":"https:\/\/apartmani-sunce.com\/hu\/wp-json\/wp\/v2\/pages\/4454\/revisions\/4464"}],"wp:attachment":[{"href":"https:\/\/apartmani-sunce.com\/hu\/wp-json\/wp\/v2\/media?parent=4454"}],"curies":[{"name":"wp","href":"https:\/\/api.w.org\/{rel}","templated":true}]}}