{"id":4484,"date":"2022-01-09T23:20:20","date_gmt":"2022-01-09T23:20:20","guid":{"rendered":"https:\/\/apartmani-sunce.com\/plaze\/"},"modified":"2022-01-26T18:54:10","modified_gmt":"2022-01-26T18:54:10","slug":"plaze","status":"publish","type":"page","link":"https:\/\/apartmani-sunce.com\/de\/plaze\/","title":{"rendered":"Str\u00e4nde"},"content":{"rendered":"\t\t<div data-elementor-type=\"wp-page\" data-elementor-id=\"4484\" class=\"elementor elementor-4484\" data-elementor-settings=\"[]\">\n\t\t\t\t\t\t\t<div class=\"elementor-section-wrap\">\n\t\t\t\t\t\t\t<section class=\"elementor-section elementor-top-section elementor-element elementor-element-1c7690d elementor-section-boxed elementor-section-height-default elementor-section-height-default\" data-id=\"1c7690d\" data-element_type=\"section\">\n\t\t\t\t\t\t<div class=\"elementor-container elementor-column-gap-default\">\n\t\t\t\t\t<div class=\"elementor-column elementor-col-33 elementor-top-column elementor-element elementor-element-26ac825\" data-id=\"26ac825\" data-element_type=\"column\">\n\t\t\t<div class=\"elementor-widget-wrap elementor-element-populated\">\n\t\t\t\t\t\t\t\t<div class=\"elementor-element elementor-element-065792d elementor-position-top imagebox-svg-transform-none elementor-vertical-align-top elementor-widget elementor-widget-image-box\" data-id=\"065792d\" data-element_type=\"widget\" data-widget_type=\"image-box.default\">\n\t\t\t\t<div class=\"elementor-widget-container\">\n\t\t\t<style>\/*! elementor - v3.5.4 - 23-01-2022 *\/\n.elementor-widget-image-box .elementor-image-box-content{width:100%}@media (min-width:768px){.elementor-widget-image-box.elementor-position-left .elementor-image-box-wrapper,.elementor-widget-image-box.elementor-position-right .elementor-image-box-wrapper{display:-webkit-box;display:-ms-flexbox;display:flex}.elementor-widget-image-box.elementor-position-right .elementor-image-box-wrapper{text-align:right;-webkit-box-orient:horizontal;-webkit-box-direction:reverse;-ms-flex-direction:row-reverse;flex-direction:row-reverse}.elementor-widget-image-box.elementor-position-left .elementor-image-box-wrapper{text-align:left;-webkit-box-orient:horizontal;-webkit-box-direction:normal;-ms-flex-direction:row;flex-direction:row}.elementor-widget-image-box.elementor-position-top .elementor-image-box-img{margin:auto}.elementor-widget-image-box.elementor-vertical-align-top .elementor-image-box-wrapper{-webkit-box-align:start;-ms-flex-align:start;align-items:flex-start}.elementor-widget-image-box.elementor-vertical-align-middle .elementor-image-box-wrapper{-webkit-box-align:center;-ms-flex-align:center;align-items:center}.elementor-widget-image-box.elementor-vertical-align-bottom .elementor-image-box-wrapper{-webkit-box-align:end;-ms-flex-align:end;align-items:flex-end}}@media (max-width:767px){.elementor-widget-image-box .elementor-image-box-img{margin-left:auto!important;margin-right:auto!important;margin-bottom:15px}}.elementor-widget-image-box .elementor-image-box-img{display:inline-block}.elementor-widget-image-box .elementor-image-box-title a{color:inherit}.elementor-widget-image-box .elementor-image-box-wrapper{text-align:center}.elementor-widget-image-box .elementor-image-box-description{margin:0}<\/style><div class=\"elementor-image-box-wrapper\"><div class=\"elementor-image-framed\"><figure class=\"elementor-image-box-img\"><img loading=\"lazy\" decoding=\"async\" width=\"524\" height=\"350\" src=\"https:\/\/apartmani-sunce.com\/wp-content\/uploads\/2022\/01\/Jadro-Vir-otok-Vir_0_350.jpg\" class=\"attachment-full size-full\" alt=\"\" srcset=\"https:\/\/apartmani-sunce.com\/wp-content\/uploads\/2022\/01\/Jadro-Vir-otok-Vir_0_350.jpg 524w, https:\/\/apartmani-sunce.com\/wp-content\/uploads\/2022\/01\/Jadro-Vir-otok-Vir_0_350-300x200.jpg 300w\" sizes=\"auto, (max-width: 524px) 100vw, 524px\" \/><\/figure><\/div><div class=\"elementor-image-box-content\"><h5 class=\"elementor-image-box-title\">Jadro<\/h5><p class=\"elementor-image-box-description\">Der Strand von Jadro ist einer der beliebtesten Str\u00e4nde in Vir, da er das gr\u00f6\u00dfte Touristenzentrum der Insel\nist. Es erwartet Sie ein sehr sauberer Kiesstrand mit feinsandigem Grund. Das Meer f\u00e4llt hier langsam ab,\nwas besonders von Familien mit Kindern gesch\u00e4tzt wird. Dar\u00fcber hinaus erwartet Sie eine gro\u00dfe Auswahl\nan Sport- und Freizeitaktivit\u00e4ten und zahlreiche Restaurants, Strandbars und Caf\u00e9s runden das touristische\nAngebot ab. Am Strand k\u00f6nnen Liegest\u00fchle und Sonnenschirme gemietet werden.<\/p><\/div><\/div>\t\t<\/div>\n\t\t\t\t<\/div>\n\t\t\t\t<div class=\"elementor-element elementor-element-0e49775 elementor-position-top imagebox-svg-transform-none elementor-vertical-align-top elementor-widget elementor-widget-image-box\" data-id=\"0e49775\" data-element_type=\"widget\" data-widget_type=\"image-box.default\">\n\t\t\t\t<div class=\"elementor-widget-container\">\n\t\t\t<div class=\"elementor-image-box-wrapper\"><div class=\"elementor-image-framed\"><figure class=\"elementor-image-box-img\"><img loading=\"lazy\" decoding=\"async\" width=\"640\" height=\"431\" src=\"https:\/\/apartmani-sunce.com\/wp-content\/uploads\/2022\/01\/b0d5cc15-f94c-4a27-b723-b4dbd225e32e_l.jpg\" class=\"attachment-full size-full\" alt=\"\" srcset=\"https:\/\/apartmani-sunce.com\/wp-content\/uploads\/2022\/01\/b0d5cc15-f94c-4a27-b723-b4dbd225e32e_l.jpg 640w, https:\/\/apartmani-sunce.com\/wp-content\/uploads\/2022\/01\/b0d5cc15-f94c-4a27-b723-b4dbd225e32e_l-300x202.jpg 300w\" sizes=\"auto, (max-width: 640px) 100vw, 640px\" \/><\/figure><\/div><div class=\"elementor-image-box-content\"><h5 class=\"elementor-image-box-title\">\u017ditna<\/h5><p class=\"elementor-image-box-description\">Diese sch\u00f6ne, langgestreckte Bucht liegt im Norden von Vir und ist eines der wichtigsten\nTouristenzentren der Insel. Hier finden Sie einen feinen Kiesstrand, der sehr flach ins Meer abf\u00e4llt. Der\nBoden hier ist teilweise sandig, was besonders von Familien mit Kindern, aber auch von \u00e4lteren\nMenschen gesch\u00e4tzt wird. Das touristische Angebot ist hier hervorragend: Eine gro\u00dfe Auswahl an\nRestaurants, Caf\u00e9s und Bistros erwartet Sie ebenso wie eine gro\u00dfe Auswahl an Wassersport- und\nFreizeitaktivit\u00e4ten.<\/p><\/div><\/div>\t\t<\/div>\n\t\t\t\t<\/div>\n\t\t\t\t\t<\/div>\n\t\t<\/div>\n\t\t\t\t<div class=\"elementor-column elementor-col-33 elementor-top-column elementor-element elementor-element-2cd4122\" data-id=\"2cd4122\" data-element_type=\"column\">\n\t\t\t<div class=\"elementor-widget-wrap elementor-element-populated\">\n\t\t\t\t\t\t\t\t<div class=\"elementor-element elementor-element-5b2950f elementor-position-top imagebox-svg-transform-none elementor-vertical-align-top elementor-widget elementor-widget-image-box\" data-id=\"5b2950f\" data-element_type=\"widget\" data-widget_type=\"image-box.default\">\n\t\t\t\t<div class=\"elementor-widget-container\">\n\t\t\t<div class=\"elementor-image-box-wrapper\"><div class=\"elementor-image-framed\"><figure class=\"elementor-image-box-img\"><img loading=\"lazy\" decoding=\"async\" width=\"720\" height=\"480\" src=\"https:\/\/apartmani-sunce.com\/wp-content\/uploads\/2022\/01\/plaza-sapavac-7920-vir_157236586201.jpg\" class=\"attachment-full size-full\" alt=\"\" srcset=\"https:\/\/apartmani-sunce.com\/wp-content\/uploads\/2022\/01\/plaza-sapavac-7920-vir_157236586201.jpg 720w, https:\/\/apartmani-sunce.com\/wp-content\/uploads\/2022\/01\/plaza-sapavac-7920-vir_157236586201-300x200.jpg 300w, https:\/\/apartmani-sunce.com\/wp-content\/uploads\/2022\/01\/plaza-sapavac-7920-vir_157236586201-700x467.jpg 700w\" sizes=\"auto, (max-width: 720px) 100vw, 720px\" \/><\/figure><\/div><div class=\"elementor-image-box-content\"><h5 class=\"elementor-image-box-title\">Sapavac<\/h5><p class=\"elementor-image-box-description\">Der Strand Sapavac ist ein idyllischer Sandstrand im S\u00fcden der Insel. Diese ruhige Bucht ist ein sehr\nflacher Strand, dessen Schlamm eine heilende Wirkung bei rheumatischen Erkrankungen haben soll.\nDirekt neben dem Strand Sapavac befindet sich die Festung Ka\u0161telina, eine der Hauptattraktionen der\nInsel.<\/p><\/div><\/div>\t\t<\/div>\n\t\t\t\t<\/div>\n\t\t\t\t<div class=\"elementor-element elementor-element-758f592 elementor-position-top imagebox-svg-transform-none elementor-vertical-align-top elementor-widget elementor-widget-image-box\" data-id=\"758f592\" data-element_type=\"widget\" data-widget_type=\"image-box.default\">\n\t\t\t\t<div class=\"elementor-widget-container\">\n\t\t\t<div class=\"elementor-image-box-wrapper\"><div class=\"elementor-image-framed\"><figure class=\"elementor-image-box-img\"><img loading=\"lazy\" decoding=\"async\" width=\"1599\" height=\"899\" src=\"https:\/\/apartmani-sunce.com\/wp-content\/uploads\/2022\/01\/IMG-20211029-WA0024.jpg\" class=\"attachment-full size-full\" alt=\"\" srcset=\"https:\/\/apartmani-sunce.com\/wp-content\/uploads\/2022\/01\/IMG-20211029-WA0024.jpg 1599w, https:\/\/apartmani-sunce.com\/wp-content\/uploads\/2022\/01\/IMG-20211029-WA0024-300x169.jpg 300w, https:\/\/apartmani-sunce.com\/wp-content\/uploads\/2022\/01\/IMG-20211029-WA0024-1024x576.jpg 1024w, https:\/\/apartmani-sunce.com\/wp-content\/uploads\/2022\/01\/IMG-20211029-WA0024-768x432.jpg 768w, https:\/\/apartmani-sunce.com\/wp-content\/uploads\/2022\/01\/IMG-20211029-WA0024-1536x864.jpg 1536w, https:\/\/apartmani-sunce.com\/wp-content\/uploads\/2022\/01\/IMG-20211029-WA0024-700x394.jpg 700w\" sizes=\"auto, (max-width: 1599px) 100vw, 1599px\" \/><\/figure><\/div><div class=\"elementor-image-box-content\"><h5 class=\"elementor-image-box-title\">Stra\u017ea<\/h5><p class=\"elementor-image-box-description\">Ein sch\u00f6ner und ausgezeichneter Strand f\u00fcr einen ruhigen Urlaub auf Vir ist der Strand Stra\u017ea. Dieser\nKiesstrand begeistert mit einer wahrhaft idyllischen Atmosph\u00e4re, wundersch\u00f6nem kristallklarem Wasser\nund fantastischen Ausblicken auf die Berge der Insel Pag. Besucher sind von dem \u00e4u\u00dferst entspannten Flair und der wundersch\u00f6nen Landschaft begeistert.<\/p><\/div><\/div>\t\t<\/div>\n\t\t\t\t<\/div>\n\t\t\t\t\t<\/div>\n\t\t<\/div>\n\t\t\t\t<div class=\"elementor-column elementor-col-33 elementor-top-column elementor-element elementor-element-fa7d9fe\" data-id=\"fa7d9fe\" data-element_type=\"column\">\n\t\t\t<div class=\"elementor-widget-wrap elementor-element-populated\">\n\t\t\t\t\t\t\t\t<div class=\"elementor-element elementor-element-f495f57 elementor-position-top imagebox-svg-transform-none elementor-vertical-align-top elementor-widget elementor-widget-image-box\" data-id=\"f495f57\" data-element_type=\"widget\" data-widget_type=\"image-box.default\">\n\t\t\t\t<div class=\"elementor-widget-container\">\n\t\t\t<div class=\"elementor-image-box-wrapper\"><div class=\"elementor-image-framed\"><figure class=\"elementor-image-box-img\"><img loading=\"lazy\" decoding=\"async\" width=\"467\" height=\"467\" src=\"https:\/\/apartmani-sunce.com\/wp-content\/uploads\/2022\/01\/lifestyleputovanjaplaza-duboka-draga-nesto-je-sto-ovoga-ljeta-morate-637596160694776295_467_467.jpeg\" class=\"attachment-full size-full\" alt=\"\" srcset=\"https:\/\/apartmani-sunce.com\/wp-content\/uploads\/2022\/01\/lifestyleputovanjaplaza-duboka-draga-nesto-je-sto-ovoga-ljeta-morate-637596160694776295_467_467.jpeg 467w, https:\/\/apartmani-sunce.com\/wp-content\/uploads\/2022\/01\/lifestyleputovanjaplaza-duboka-draga-nesto-je-sto-ovoga-ljeta-morate-637596160694776295_467_467-300x300.jpeg 300w, https:\/\/apartmani-sunce.com\/wp-content\/uploads\/2022\/01\/lifestyleputovanjaplaza-duboka-draga-nesto-je-sto-ovoga-ljeta-morate-637596160694776295_467_467-150x150.jpeg 150w, https:\/\/apartmani-sunce.com\/wp-content\/uploads\/2022\/01\/lifestyleputovanjaplaza-duboka-draga-nesto-je-sto-ovoga-ljeta-morate-637596160694776295_467_467-400x400.jpeg 400w, https:\/\/apartmani-sunce.com\/wp-content\/uploads\/2022\/01\/lifestyleputovanjaplaza-duboka-draga-nesto-je-sto-ovoga-ljeta-morate-637596160694776295_467_467-100x100.jpeg 100w\" sizes=\"auto, (max-width: 467px) 100vw, 467px\" \/><\/figure><\/div><div class=\"elementor-image-box-content\"><h5 class=\"elementor-image-box-title\">Duboka Draga<\/h5><p class=\"elementor-image-box-description\">F\u00fcr viele Besucher ist die malerische Plaza Duboka Draga der sch\u00f6nste Strand auf Vir. Diese\nwundersch\u00f6ne Naturbucht liegt im Norden der Insel und besticht vor allem durch ihre roten Klippen und\nden wundersch\u00f6nen feinen Natursandstrand. Auch die Farben des Meeres sind hier fantastisch und bilden\neinen spektakul\u00e4ren Kontrast zu den roten Felsen<\/p><\/div><\/div>\t\t<\/div>\n\t\t\t\t<\/div>\n\t\t\t\t\t<\/div>\n\t\t<\/div>\n\t\t\t\t\t\t\t<\/div>\n\t\t<\/section>\n\t\t\t\t\t\t<\/div>\n\t\t\t\t\t<\/div>\n\t\t","protected":false},"excerpt":{"rendered":"<p>Jadro Der Strand von Jadro ist einer der beliebtesten Str\u00e4nde in Vir, da er das gr\u00f6\u00dfte Touristenzentrum der Insel ist. Es erwartet Sie ein sehr sauberer Kiesstrand mit feinsandigem Grund. Das Meer f\u00e4llt hier langsam ab, was besonders von Familien mit Kindern gesch\u00e4tzt wird. Dar\u00fcber hinaus erwartet Sie eine gro\u00dfe Auswahl an Sport- und Freizeitaktivit\u00e4ten &hellip; <span class=\"more-link-wrap\"><a href=\"https:\/\/apartmani-sunce.com\/de\/plaze\/\" class=\"more-link\">Read More <span class=\"screen-reader-text\"> &#8222;Str\u00e4nde&#8220;<\/span><\/a><\/span><\/p>\n","protected":false},"author":1,"featured_media":0,"parent":0,"menu_order":0,"comment_status":"closed","ping_status":"closed","template":"","meta":{"footnotes":""},"class_list":["post-4484","page","type-page","status-publish","hentry"],"yoast_head":"<!-- This site is optimized with the Yoast SEO plugin v18.0 - https:\/\/yoast.com\/wordpress\/plugins\/seo\/ -->\n<title>Str\u00e4nde - Apartmani Sunce<\/title>\n<meta name=\"robots\" content=\"index, follow, max-snippet:-1, max-image-preview:large, max-video-preview:-1\" \/>\n<link rel=\"canonical\" href=\"https:\/\/apartmani-sunce.com\/de\/plaze\/\" \/>\n<meta property=\"og:locale\" content=\"de_DE\" \/>\n<meta property=\"og:type\" content=\"article\" \/>\n<meta property=\"og:title\" content=\"Str\u00e4nde - Apartmani Sunce\" \/>\n<meta property=\"og:description\" content=\"Jadro Der Strand von Jadro ist einer der beliebtesten Str\u00e4nde in Vir, da er das gr\u00f6\u00dfte Touristenzentrum der Insel ist. Es erwartet Sie ein sehr sauberer Kiesstrand mit feinsandigem Grund. Das Meer f\u00e4llt hier langsam ab, was besonders von Familien mit Kindern gesch\u00e4tzt wird. Dar\u00fcber hinaus erwartet Sie eine gro\u00dfe Auswahl an Sport- und Freizeitaktivit\u00e4ten &hellip; Read More &quot;Str\u00e4nde&quot;\" \/>\n<meta property=\"og:url\" content=\"https:\/\/apartmani-sunce.com\/de\/plaze\/\" \/>\n<meta property=\"og:site_name\" content=\"Apartmani Sunce\" \/>\n<meta property=\"article:publisher\" content=\"https:\/\/www.facebook.com\/apartmanisuncevir\" \/>\n<meta property=\"article:modified_time\" content=\"2022-01-26T18:54:10+00:00\" \/>\n<meta property=\"og:image\" content=\"https:\/\/apartmani-sunce.com\/wp-content\/uploads\/2022\/01\/Jadro-Vir-otok-Vir_0_350.jpg\" \/>\n<meta name=\"twitter:card\" content=\"summary_large_image\" \/>\n<meta name=\"twitter:label1\" content=\"Gesch\u00e4tzte Lesezeit\" \/>\n\t<meta name=\"twitter:data1\" content=\"2\u00a0Minuten\" \/>\n<script type=\"application\/ld+json\" class=\"yoast-schema-graph\">{\"@context\":\"https:\/\/schema.org\",\"@graph\":[{\"@type\":\"Organization\",\"@id\":\"https:\/\/apartmani-sunce.com\/#organization\",\"name\":\"Apartmani Sunce\",\"url\":\"https:\/\/apartmani-sunce.com\/\",\"sameAs\":[\"https:\/\/www.facebook.com\/apartmanisuncevir\"],\"logo\":{\"@type\":\"ImageObject\",\"@id\":\"https:\/\/apartmani-sunce.com\/#logo\",\"inLanguage\":\"de\",\"url\":\"https:\/\/apartmani-sunce.com\/wp-content\/uploads\/2021\/12\/IMG-20210808-WA0016.jpg\",\"contentUrl\":\"https:\/\/apartmani-sunce.com\/wp-content\/uploads\/2021\/12\/IMG-20210808-WA0016.jpg\",\"width\":1600,\"height\":1200,\"caption\":\"Apartmani Sunce\"},\"image\":{\"@id\":\"https:\/\/apartmani-sunce.com\/#logo\"}},{\"@type\":\"WebSite\",\"@id\":\"https:\/\/apartmani-sunce.com\/#website\",\"url\":\"https:\/\/apartmani-sunce.com\/\",\"name\":\"Apartmani Sunce\",\"description\":\"Apartmani Sunce - Otok Vir\",\"publisher\":{\"@id\":\"https:\/\/apartmani-sunce.com\/#organization\"},\"potentialAction\":[{\"@type\":\"SearchAction\",\"target\":{\"@type\":\"EntryPoint\",\"urlTemplate\":\"https:\/\/apartmani-sunce.com\/?s={search_term_string}\"},\"query-input\":\"required name=search_term_string\"}],\"inLanguage\":\"de\"},{\"@type\":\"ImageObject\",\"@id\":\"https:\/\/apartmani-sunce.com\/de\/plaze\/#primaryimage\",\"inLanguage\":\"de\",\"url\":\"https:\/\/apartmani-sunce.com\/wp-content\/uploads\/2022\/01\/Jadro-Vir-otok-Vir_0_350.jpg\",\"contentUrl\":\"https:\/\/apartmani-sunce.com\/wp-content\/uploads\/2022\/01\/Jadro-Vir-otok-Vir_0_350.jpg\",\"width\":524,\"height\":350},{\"@type\":\"WebPage\",\"@id\":\"https:\/\/apartmani-sunce.com\/de\/plaze\/#webpage\",\"url\":\"https:\/\/apartmani-sunce.com\/de\/plaze\/\",\"name\":\"Str\u00e4nde - Apartmani Sunce\",\"isPartOf\":{\"@id\":\"https:\/\/apartmani-sunce.com\/#website\"},\"primaryImageOfPage\":{\"@id\":\"https:\/\/apartmani-sunce.com\/de\/plaze\/#primaryimage\"},\"datePublished\":\"2022-01-09T23:20:20+00:00\",\"dateModified\":\"2022-01-26T18:54:10+00:00\",\"breadcrumb\":{\"@id\":\"https:\/\/apartmani-sunce.com\/de\/plaze\/#breadcrumb\"},\"inLanguage\":\"de\",\"potentialAction\":[{\"@type\":\"ReadAction\",\"target\":[\"https:\/\/apartmani-sunce.com\/de\/plaze\/\"]}]},{\"@type\":\"BreadcrumbList\",\"@id\":\"https:\/\/apartmani-sunce.com\/de\/plaze\/#breadcrumb\",\"itemListElement\":[{\"@type\":\"ListItem\",\"position\":1,\"name\":\"Home\",\"item\":\"https:\/\/apartmani-sunce.com\/de\/\"},{\"@type\":\"ListItem\",\"position\":2,\"name\":\"Str\u00e4nde\"}]}]}<\/script>\n<!-- \/ Yoast SEO plugin. -->","yoast_head_json":{"title":"Str\u00e4nde - Apartmani Sunce","robots":{"index":"index","follow":"follow","max-snippet":"max-snippet:-1","max-image-preview":"max-image-preview:large","max-video-preview":"max-video-preview:-1"},"canonical":"https:\/\/apartmani-sunce.com\/de\/plaze\/","og_locale":"de_DE","og_type":"article","og_title":"Str\u00e4nde - Apartmani Sunce","og_description":"Jadro Der Strand von Jadro ist einer der beliebtesten Str\u00e4nde in Vir, da er das gr\u00f6\u00dfte Touristenzentrum der Insel ist. Es erwartet Sie ein sehr sauberer Kiesstrand mit feinsandigem Grund. Das Meer f\u00e4llt hier langsam ab, was besonders von Familien mit Kindern gesch\u00e4tzt wird. Dar\u00fcber hinaus erwartet Sie eine gro\u00dfe Auswahl an Sport- und Freizeitaktivit\u00e4ten &hellip; Read More \"Str\u00e4nde\"","og_url":"https:\/\/apartmani-sunce.com\/de\/plaze\/","og_site_name":"Apartmani Sunce","article_publisher":"https:\/\/www.facebook.com\/apartmanisuncevir","article_modified_time":"2022-01-26T18:54:10+00:00","og_image":[{"url":"https:\/\/apartmani-sunce.com\/wp-content\/uploads\/2022\/01\/Jadro-Vir-otok-Vir_0_350.jpg"}],"twitter_card":"summary_large_image","twitter_misc":{"Gesch\u00e4tzte Lesezeit":"2\u00a0Minuten"},"schema":{"@context":"https:\/\/schema.org","@graph":[{"@type":"Organization","@id":"https:\/\/apartmani-sunce.com\/#organization","name":"Apartmani Sunce","url":"https:\/\/apartmani-sunce.com\/","sameAs":["https:\/\/www.facebook.com\/apartmanisuncevir"],"logo":{"@type":"ImageObject","@id":"https:\/\/apartmani-sunce.com\/#logo","inLanguage":"de","url":"https:\/\/apartmani-sunce.com\/wp-content\/uploads\/2021\/12\/IMG-20210808-WA0016.jpg","contentUrl":"https:\/\/apartmani-sunce.com\/wp-content\/uploads\/2021\/12\/IMG-20210808-WA0016.jpg","width":1600,"height":1200,"caption":"Apartmani Sunce"},"image":{"@id":"https:\/\/apartmani-sunce.com\/#logo"}},{"@type":"WebSite","@id":"https:\/\/apartmani-sunce.com\/#website","url":"https:\/\/apartmani-sunce.com\/","name":"Apartmani Sunce","description":"Apartmani Sunce - Otok Vir","publisher":{"@id":"https:\/\/apartmani-sunce.com\/#organization"},"potentialAction":[{"@type":"SearchAction","target":{"@type":"EntryPoint","urlTemplate":"https:\/\/apartmani-sunce.com\/?s={search_term_string}"},"query-input":"required name=search_term_string"}],"inLanguage":"de"},{"@type":"ImageObject","@id":"https:\/\/apartmani-sunce.com\/de\/plaze\/#primaryimage","inLanguage":"de","url":"https:\/\/apartmani-sunce.com\/wp-content\/uploads\/2022\/01\/Jadro-Vir-otok-Vir_0_350.jpg","contentUrl":"https:\/\/apartmani-sunce.com\/wp-content\/uploads\/2022\/01\/Jadro-Vir-otok-Vir_0_350.jpg","width":524,"height":350},{"@type":"WebPage","@id":"https:\/\/apartmani-sunce.com\/de\/plaze\/#webpage","url":"https:\/\/apartmani-sunce.com\/de\/plaze\/","name":"Str\u00e4nde - Apartmani Sunce","isPartOf":{"@id":"https:\/\/apartmani-sunce.com\/#website"},"primaryImageOfPage":{"@id":"https:\/\/apartmani-sunce.com\/de\/plaze\/#primaryimage"},"datePublished":"2022-01-09T23:20:20+00:00","dateModified":"2022-01-26T18:54:10+00:00","breadcrumb":{"@id":"https:\/\/apartmani-sunce.com\/de\/plaze\/#breadcrumb"},"inLanguage":"de","potentialAction":[{"@type":"ReadAction","target":["https:\/\/apartmani-sunce.com\/de\/plaze\/"]}]},{"@type":"BreadcrumbList","@id":"https:\/\/apartmani-sunce.com\/de\/plaze\/#breadcrumb","itemListElement":[{"@type":"ListItem","position":1,"name":"Home","item":"https:\/\/apartmani-sunce.com\/de\/"},{"@type":"ListItem","position":2,"name":"Str\u00e4nde"}]}]}},"_links":{"self":[{"href":"https:\/\/apartmani-sunce.com\/de\/wp-json\/wp\/v2\/pages\/4484","targetHints":{"allow":["GET"]}}],"collection":[{"href":"https:\/\/apartmani-sunce.com\/de\/wp-json\/wp\/v2\/pages"}],"about":[{"href":"https:\/\/apartmani-sunce.com\/de\/wp-json\/wp\/v2\/types\/page"}],"author":[{"embeddable":true,"href":"https:\/\/apartmani-sunce.com\/de\/wp-json\/wp\/v2\/users\/1"}],"replies":[{"embeddable":true,"href":"https:\/\/apartmani-sunce.com\/de\/wp-json\/wp\/v2\/comments?post=4484"}],"version-history":[{"count":4,"href":"https:\/\/apartmani-sunce.com\/de\/wp-json\/wp\/v2\/pages\/4484\/revisions"}],"predecessor-version":[{"id":4614,"href":"https:\/\/apartmani-sunce.com\/de\/wp-json\/wp\/v2\/pages\/4484\/revisions\/4614"}],"wp:attachment":[{"href":"https:\/\/apartmani-sunce.com\/de\/wp-json\/wp\/v2\/media?parent=4484"}],"curies":[{"name":"wp","href":"https:\/\/api.w.org\/{rel}","templated":true}]}}