{"id":4478,"date":"2019-07-14T04:18:37","date_gmt":"2019-07-14T04:18:37","guid":{"rendered":"https:\/\/apartmani-sunce.com\/otok-vir\/"},"modified":"2022-01-26T18:55:33","modified_gmt":"2022-01-26T18:55:33","slug":"otok-vir","status":"publish","type":"page","link":"https:\/\/apartmani-sunce.com\/de\/otok-vir\/","title":{"rendered":"Die Insel Vir"},"content":{"rendered":"\t\t<div data-elementor-type=\"wp-post\" data-elementor-id=\"4478\" class=\"elementor elementor-4478\" data-elementor-settings=\"[]\">\n\t\t\t\t\t\t\t<div class=\"elementor-section-wrap\">\n\t\t\t\t\t\t\t<section class=\"elementor-section elementor-top-section elementor-element elementor-element-6478b3c elementor-section-boxed elementor-section-height-default elementor-section-height-default\" data-id=\"6478b3c\" data-element_type=\"section\">\n\t\t\t\t\t\t<div class=\"elementor-container elementor-column-gap-default\">\n\t\t\t\t\t<div class=\"elementor-column elementor-col-100 elementor-top-column elementor-element elementor-element-5486345\" data-id=\"5486345\" data-element_type=\"column\">\n\t\t\t<div class=\"elementor-widget-wrap elementor-element-populated\">\n\t\t\t\t\t\t\t\t<section class=\"elementor-section elementor-inner-section elementor-element elementor-element-a948b73 elementor-section-boxed elementor-section-height-default elementor-section-height-default\" data-id=\"a948b73\" data-element_type=\"section\">\n\t\t\t\t\t\t<div class=\"elementor-container elementor-column-gap-default\">\n\t\t\t\t\t<div class=\"elementor-column elementor-col-50 elementor-inner-column elementor-element elementor-element-1bbf3fc\" data-id=\"1bbf3fc\" data-element_type=\"column\">\n\t\t\t<div class=\"elementor-widget-wrap elementor-element-populated\">\n\t\t\t\t\t\t\t\t<div class=\"elementor-element elementor-element-6982691 elementor-widget elementor-widget-image\" data-id=\"6982691\" data-element_type=\"widget\" data-widget_type=\"image.default\">\n\t\t\t\t<div class=\"elementor-widget-container\">\n\t\t\t<style>\/*! elementor - v3.5.4 - 23-01-2022 *\/\n.elementor-widget-image{text-align:center}.elementor-widget-image a{display:inline-block}.elementor-widget-image a img[src$=\".svg\"]{width:48px}.elementor-widget-image img{vertical-align:middle;display:inline-block}<\/style>\t\t\t\t\t\t\t\t\t\t\t\t<img loading=\"lazy\" decoding=\"async\" width=\"600\" height=\"401\" src=\"https:\/\/apartmani-sunce.com\/wp-content\/uploads\/2021\/12\/croatia-4561320_1920-1024x685.jpg\" class=\"attachment-large size-large\" alt=\"\" srcset=\"https:\/\/apartmani-sunce.com\/wp-content\/uploads\/2021\/12\/croatia-4561320_1920-1024x685.jpg 1024w, https:\/\/apartmani-sunce.com\/wp-content\/uploads\/2021\/12\/croatia-4561320_1920-300x201.jpg 300w, https:\/\/apartmani-sunce.com\/wp-content\/uploads\/2021\/12\/croatia-4561320_1920-768x514.jpg 768w, https:\/\/apartmani-sunce.com\/wp-content\/uploads\/2021\/12\/croatia-4561320_1920-1536x1027.jpg 1536w, https:\/\/apartmani-sunce.com\/wp-content\/uploads\/2021\/12\/croatia-4561320_1920-700x468.jpg 700w, https:\/\/apartmani-sunce.com\/wp-content\/uploads\/2021\/12\/croatia-4561320_1920.jpg 1920w\" sizes=\"auto, (max-width: 600px) 100vw, 600px\" \/>\t\t\t\t\t\t\t\t\t\t\t\t\t\t\t<\/div>\n\t\t\t\t<\/div>\n\t\t\t\t\t<\/div>\n\t\t<\/div>\n\t\t\t\t<div class=\"elementor-column elementor-col-50 elementor-inner-column elementor-element elementor-element-8afa7c7\" data-id=\"8afa7c7\" data-element_type=\"column\">\n\t\t\t<div class=\"elementor-widget-wrap elementor-element-populated\">\n\t\t\t\t\t\t\t\t<div class=\"elementor-element elementor-element-e036bea elementor-widget elementor-widget-text-editor\" data-id=\"e036bea\" data-element_type=\"widget\" data-widget_type=\"text-editor.default\">\n\t\t\t\t<div class=\"elementor-widget-container\">\n\t\t\t<style>\/*! elementor - v3.5.4 - 23-01-2022 *\/\n.elementor-widget-text-editor.elementor-drop-cap-view-stacked .elementor-drop-cap{background-color:#818a91;color:#fff}.elementor-widget-text-editor.elementor-drop-cap-view-framed .elementor-drop-cap{color:#818a91;border:3px solid;background-color:transparent}.elementor-widget-text-editor:not(.elementor-drop-cap-view-default) .elementor-drop-cap{margin-top:8px}.elementor-widget-text-editor:not(.elementor-drop-cap-view-default) .elementor-drop-cap-letter{width:1em;height:1em}.elementor-widget-text-editor .elementor-drop-cap{float:left;text-align:center;line-height:1;font-size:50px}.elementor-widget-text-editor .elementor-drop-cap-letter{display:inline-block}<\/style>        <div class=\"elementor-text-editor elementor-clearfix\">Die Insel Vir in Kroatien ist eines der sch\u00f6nsten und idyllischsten Urlaubsziele des Landes. Sie liegt in\nNorddalmatien und ist mit einer Gr\u00f6\u00dfe von 22km2 eine der kleineren Urlaubsinseln in Kroatien. Die\neinzigartigen Str\u00e4nde von Vira machen diese Insel zu einem wahren Badeparadies. Es ist schwer,\nirgendwo in Kroatien eine h\u00f6here Dichte an sch\u00f6nen Sandstr\u00e4nden zu finden, die viele Touristen\nsch\u00e4tzen. Die Insel ist durch eine etwa 300 Meter lange Br\u00fccke mit dem Festland der Region Zadar\nverbunden. Als Tourist k\u00f6nnen Sie das einzigartige Inselgef\u00fchl genie\u00dfen und sind mobil genug, um die\nwundersch\u00f6ne Region Zadar mit dem Auto oder Bus ohne F\u00e4hre zu erkunden.Der Whirlpool ist ziemlich\nflach und daher gut zum Radfahren. Der h\u00f6chste Punkt ist der 112 Meter hohe &#8222;Berg&#8220; Barbinjak, zu dem\nsch\u00f6ne Promenaden f\u00fchren. Die wichtigsten Sehensw\u00fcrdigkeiten der Insel Vir sind die bezaubernde\nKapelle St. Juraj, die venezianische Festung Ka\u0161telina (17. Jahrhundert Festung) und der Leuchtturm\nLanterna, der derzeit als besonders luxuri\u00f6se Ferienunterkunft betrieben wird.\nDer beeindruckendste Teil der Insel ist sicherlich die K\u00fcste im Norden. Spektakul\u00e4re rote Felsen mit\nt\u00fcrkisblauen Meeresfarben und unz\u00e4hlige Sandstr\u00e4nde erwarten Sie hier. Entlang der K\u00fcste gibt es\nMountainbike- und Wanderwege, auf denen Sie diese malerischen Naturlandschaften genie\u00dfen k\u00f6nnen.<\/div>\n        \t\t<\/div>\n\t\t\t\t<\/div>\n\t\t\t\t\t<\/div>\n\t\t<\/div>\n\t\t\t\t\t\t\t<\/div>\n\t\t<\/section>\n\t\t\t\t\t<\/div>\n\t\t<\/div>\n\t\t\t\t\t\t\t<\/div>\n\t\t<\/section>\n\t\t\t\t\t\t<\/div>\n\t\t\t\t\t<\/div>\n\t\t","protected":false},"excerpt":{"rendered":"<p>Die Insel Vir in Kroatien ist eines der sch\u00f6nsten und idyllischsten Urlaubsziele des Landes. Sie liegt in Norddalmatien und ist mit einer Gr\u00f6\u00dfe von 22km2 eine der kleineren Urlaubsinseln in Kroatien. Die einzigartigen Str\u00e4nde von Vira machen diese Insel zu einem wahren Badeparadies. Es ist schwer, irgendwo in Kroatien eine h\u00f6here Dichte an sch\u00f6nen Sandstr\u00e4nden &hellip; <span class=\"more-link-wrap\"><a href=\"https:\/\/apartmani-sunce.com\/de\/otok-vir\/\" class=\"more-link\">Read More <span class=\"screen-reader-text\"> &#8222;Die Insel Vir&#8220;<\/span><\/a><\/span><\/p>\n","protected":false},"author":1,"featured_media":4308,"parent":0,"menu_order":0,"comment_status":"closed","ping_status":"closed","template":"page-elementor.php","meta":{"footnotes":""},"class_list":["post-4478","page","type-page","status-publish","has-post-thumbnail","hentry"],"yoast_head":"<!-- This site is optimized with the Yoast SEO plugin v18.0 - https:\/\/yoast.com\/wordpress\/plugins\/seo\/ -->\n<title>Die Insel Vir - Apartmani Sunce<\/title>\n<meta name=\"robots\" content=\"index, follow, max-snippet:-1, max-image-preview:large, max-video-preview:-1\" \/>\n<link rel=\"canonical\" href=\"https:\/\/apartmani-sunce.com\/de\/otok-vir\/\" \/>\n<meta property=\"og:locale\" content=\"de_DE\" \/>\n<meta property=\"og:type\" content=\"article\" \/>\n<meta property=\"og:title\" content=\"Die Insel Vir - Apartmani Sunce\" \/>\n<meta property=\"og:description\" content=\"Die Insel Vir in Kroatien ist eines der sch\u00f6nsten und idyllischsten Urlaubsziele des Landes. Sie liegt in Norddalmatien und ist mit einer Gr\u00f6\u00dfe von 22km2 eine der kleineren Urlaubsinseln in Kroatien. Die einzigartigen Str\u00e4nde von Vira machen diese Insel zu einem wahren Badeparadies. Es ist schwer, irgendwo in Kroatien eine h\u00f6here Dichte an sch\u00f6nen Sandstr\u00e4nden &hellip; Read More &quot;Die Insel Vir&quot;\" \/>\n<meta property=\"og:url\" content=\"https:\/\/apartmani-sunce.com\/de\/otok-vir\/\" \/>\n<meta property=\"og:site_name\" content=\"Apartmani Sunce\" \/>\n<meta property=\"article:publisher\" content=\"https:\/\/www.facebook.com\/apartmanisuncevir\" \/>\n<meta property=\"article:modified_time\" content=\"2022-01-26T18:55:33+00:00\" \/>\n<meta property=\"og:image\" content=\"https:\/\/apartmani-sunce.com\/wp-content\/uploads\/2021\/12\/20211031_1031090-scaled.jpg\" \/>\n\t<meta property=\"og:image:width\" content=\"2560\" \/>\n\t<meta property=\"og:image:height\" content=\"1920\" \/>\n\t<meta property=\"og:image:type\" content=\"image\/jpeg\" \/>\n<meta name=\"twitter:card\" content=\"summary_large_image\" \/>\n<meta name=\"twitter:label1\" content=\"Gesch\u00e4tzte Lesezeit\" \/>\n\t<meta name=\"twitter:data1\" content=\"1\u00a0Minute\" \/>\n<script type=\"application\/ld+json\" class=\"yoast-schema-graph\">{\"@context\":\"https:\/\/schema.org\",\"@graph\":[{\"@type\":\"Organization\",\"@id\":\"https:\/\/apartmani-sunce.com\/#organization\",\"name\":\"Apartmani Sunce\",\"url\":\"https:\/\/apartmani-sunce.com\/\",\"sameAs\":[\"https:\/\/www.facebook.com\/apartmanisuncevir\"],\"logo\":{\"@type\":\"ImageObject\",\"@id\":\"https:\/\/apartmani-sunce.com\/#logo\",\"inLanguage\":\"de\",\"url\":\"https:\/\/apartmani-sunce.com\/wp-content\/uploads\/2021\/12\/IMG-20210808-WA0016.jpg\",\"contentUrl\":\"https:\/\/apartmani-sunce.com\/wp-content\/uploads\/2021\/12\/IMG-20210808-WA0016.jpg\",\"width\":1600,\"height\":1200,\"caption\":\"Apartmani Sunce\"},\"image\":{\"@id\":\"https:\/\/apartmani-sunce.com\/#logo\"}},{\"@type\":\"WebSite\",\"@id\":\"https:\/\/apartmani-sunce.com\/#website\",\"url\":\"https:\/\/apartmani-sunce.com\/\",\"name\":\"Apartmani Sunce\",\"description\":\"Apartmani Sunce - Otok Vir\",\"publisher\":{\"@id\":\"https:\/\/apartmani-sunce.com\/#organization\"},\"potentialAction\":[{\"@type\":\"SearchAction\",\"target\":{\"@type\":\"EntryPoint\",\"urlTemplate\":\"https:\/\/apartmani-sunce.com\/?s={search_term_string}\"},\"query-input\":\"required name=search_term_string\"}],\"inLanguage\":\"de\"},{\"@type\":\"ImageObject\",\"@id\":\"https:\/\/apartmani-sunce.com\/de\/otok-vir\/#primaryimage\",\"inLanguage\":\"de\",\"url\":\"https:\/\/apartmani-sunce.com\/wp-content\/uploads\/2021\/12\/20211031_1031090-scaled.jpg\",\"contentUrl\":\"https:\/\/apartmani-sunce.com\/wp-content\/uploads\/2021\/12\/20211031_1031090-scaled.jpg\",\"width\":2560,\"height\":1920},{\"@type\":\"WebPage\",\"@id\":\"https:\/\/apartmani-sunce.com\/de\/otok-vir\/#webpage\",\"url\":\"https:\/\/apartmani-sunce.com\/de\/otok-vir\/\",\"name\":\"Die Insel Vir - Apartmani Sunce\",\"isPartOf\":{\"@id\":\"https:\/\/apartmani-sunce.com\/#website\"},\"primaryImageOfPage\":{\"@id\":\"https:\/\/apartmani-sunce.com\/de\/otok-vir\/#primaryimage\"},\"datePublished\":\"2019-07-14T04:18:37+00:00\",\"dateModified\":\"2022-01-26T18:55:33+00:00\",\"breadcrumb\":{\"@id\":\"https:\/\/apartmani-sunce.com\/de\/otok-vir\/#breadcrumb\"},\"inLanguage\":\"de\",\"potentialAction\":[{\"@type\":\"ReadAction\",\"target\":[\"https:\/\/apartmani-sunce.com\/de\/otok-vir\/\"]}]},{\"@type\":\"BreadcrumbList\",\"@id\":\"https:\/\/apartmani-sunce.com\/de\/otok-vir\/#breadcrumb\",\"itemListElement\":[{\"@type\":\"ListItem\",\"position\":1,\"name\":\"Home\",\"item\":\"https:\/\/apartmani-sunce.com\/de\/\"},{\"@type\":\"ListItem\",\"position\":2,\"name\":\"Die Insel Vir\"}]}]}<\/script>\n<!-- \/ Yoast SEO plugin. -->","yoast_head_json":{"title":"Die Insel Vir - Apartmani Sunce","robots":{"index":"index","follow":"follow","max-snippet":"max-snippet:-1","max-image-preview":"max-image-preview:large","max-video-preview":"max-video-preview:-1"},"canonical":"https:\/\/apartmani-sunce.com\/de\/otok-vir\/","og_locale":"de_DE","og_type":"article","og_title":"Die Insel Vir - Apartmani Sunce","og_description":"Die Insel Vir in Kroatien ist eines der sch\u00f6nsten und idyllischsten Urlaubsziele des Landes. Sie liegt in Norddalmatien und ist mit einer Gr\u00f6\u00dfe von 22km2 eine der kleineren Urlaubsinseln in Kroatien. Die einzigartigen Str\u00e4nde von Vira machen diese Insel zu einem wahren Badeparadies. Es ist schwer, irgendwo in Kroatien eine h\u00f6here Dichte an sch\u00f6nen Sandstr\u00e4nden &hellip; Read More \"Die Insel Vir\"","og_url":"https:\/\/apartmani-sunce.com\/de\/otok-vir\/","og_site_name":"Apartmani Sunce","article_publisher":"https:\/\/www.facebook.com\/apartmanisuncevir","article_modified_time":"2022-01-26T18:55:33+00:00","og_image":[{"width":2560,"height":1920,"url":"https:\/\/apartmani-sunce.com\/wp-content\/uploads\/2021\/12\/20211031_1031090-scaled.jpg","type":"image\/jpeg"}],"twitter_card":"summary_large_image","twitter_misc":{"Gesch\u00e4tzte Lesezeit":"1\u00a0Minute"},"schema":{"@context":"https:\/\/schema.org","@graph":[{"@type":"Organization","@id":"https:\/\/apartmani-sunce.com\/#organization","name":"Apartmani Sunce","url":"https:\/\/apartmani-sunce.com\/","sameAs":["https:\/\/www.facebook.com\/apartmanisuncevir"],"logo":{"@type":"ImageObject","@id":"https:\/\/apartmani-sunce.com\/#logo","inLanguage":"de","url":"https:\/\/apartmani-sunce.com\/wp-content\/uploads\/2021\/12\/IMG-20210808-WA0016.jpg","contentUrl":"https:\/\/apartmani-sunce.com\/wp-content\/uploads\/2021\/12\/IMG-20210808-WA0016.jpg","width":1600,"height":1200,"caption":"Apartmani Sunce"},"image":{"@id":"https:\/\/apartmani-sunce.com\/#logo"}},{"@type":"WebSite","@id":"https:\/\/apartmani-sunce.com\/#website","url":"https:\/\/apartmani-sunce.com\/","name":"Apartmani Sunce","description":"Apartmani Sunce - Otok Vir","publisher":{"@id":"https:\/\/apartmani-sunce.com\/#organization"},"potentialAction":[{"@type":"SearchAction","target":{"@type":"EntryPoint","urlTemplate":"https:\/\/apartmani-sunce.com\/?s={search_term_string}"},"query-input":"required name=search_term_string"}],"inLanguage":"de"},{"@type":"ImageObject","@id":"https:\/\/apartmani-sunce.com\/de\/otok-vir\/#primaryimage","inLanguage":"de","url":"https:\/\/apartmani-sunce.com\/wp-content\/uploads\/2021\/12\/20211031_1031090-scaled.jpg","contentUrl":"https:\/\/apartmani-sunce.com\/wp-content\/uploads\/2021\/12\/20211031_1031090-scaled.jpg","width":2560,"height":1920},{"@type":"WebPage","@id":"https:\/\/apartmani-sunce.com\/de\/otok-vir\/#webpage","url":"https:\/\/apartmani-sunce.com\/de\/otok-vir\/","name":"Die Insel Vir - Apartmani Sunce","isPartOf":{"@id":"https:\/\/apartmani-sunce.com\/#website"},"primaryImageOfPage":{"@id":"https:\/\/apartmani-sunce.com\/de\/otok-vir\/#primaryimage"},"datePublished":"2019-07-14T04:18:37+00:00","dateModified":"2022-01-26T18:55:33+00:00","breadcrumb":{"@id":"https:\/\/apartmani-sunce.com\/de\/otok-vir\/#breadcrumb"},"inLanguage":"de","potentialAction":[{"@type":"ReadAction","target":["https:\/\/apartmani-sunce.com\/de\/otok-vir\/"]}]},{"@type":"BreadcrumbList","@id":"https:\/\/apartmani-sunce.com\/de\/otok-vir\/#breadcrumb","itemListElement":[{"@type":"ListItem","position":1,"name":"Home","item":"https:\/\/apartmani-sunce.com\/de\/"},{"@type":"ListItem","position":2,"name":"Die Insel Vir"}]}]}},"_links":{"self":[{"href":"https:\/\/apartmani-sunce.com\/de\/wp-json\/wp\/v2\/pages\/4478","targetHints":{"allow":["GET"]}}],"collection":[{"href":"https:\/\/apartmani-sunce.com\/de\/wp-json\/wp\/v2\/pages"}],"about":[{"href":"https:\/\/apartmani-sunce.com\/de\/wp-json\/wp\/v2\/types\/page"}],"author":[{"embeddable":true,"href":"https:\/\/apartmani-sunce.com\/de\/wp-json\/wp\/v2\/users\/1"}],"replies":[{"embeddable":true,"href":"https:\/\/apartmani-sunce.com\/de\/wp-json\/wp\/v2\/comments?post=4478"}],"version-history":[{"count":4,"href":"https:\/\/apartmani-sunce.com\/de\/wp-json\/wp\/v2\/pages\/4478\/revisions"}],"predecessor-version":[{"id":4618,"href":"https:\/\/apartmani-sunce.com\/de\/wp-json\/wp\/v2\/pages\/4478\/revisions\/4618"}],"wp:featuredmedia":[{"embeddable":true,"href":"https:\/\/apartmani-sunce.com\/de\/wp-json\/wp\/v2\/media\/4308"}],"wp:attachment":[{"href":"https:\/\/apartmani-sunce.com\/de\/wp-json\/wp\/v2\/media?parent=4478"}],"curies":[{"name":"wp","href":"https:\/\/api.w.org\/{rel}","templated":true}]}}