{"id":4453,"date":"2019-07-24T06:17:53","date_gmt":"2019-07-24T06:17:53","guid":{"rendered":"https:\/\/apartmani-sunce.com\/izleti\/"},"modified":"2022-01-26T18:49:01","modified_gmt":"2022-01-26T18:49:01","slug":"izleti","status":"publish","type":"page","link":"https:\/\/apartmani-sunce.com\/de\/izleti\/","title":{"rendered":"Ausfl\u00fcge"},"content":{"rendered":"\t\t<div data-elementor-type=\"wp-post\" data-elementor-id=\"4453\" class=\"elementor elementor-4453\" data-elementor-settings=\"[]\">\n\t\t\t\t\t\t\t<div class=\"elementor-section-wrap\">\n\t\t\t\t\t\t\t<section class=\"elementor-section elementor-top-section elementor-element elementor-element-cb298b0 elementor-section-boxed elementor-section-height-default elementor-section-height-default\" data-id=\"cb298b0\" data-element_type=\"section\">\n\t\t\t\t\t\t<div class=\"elementor-container elementor-column-gap-default\">\n\t\t\t\t\t<div class=\"elementor-column elementor-col-100 elementor-top-column elementor-element elementor-element-c7edfe4\" data-id=\"c7edfe4\" data-element_type=\"column\">\n\t\t\t<div class=\"elementor-widget-wrap elementor-element-populated\">\n\t\t\t\t\t\t\t\t<div class=\"elementor-element elementor-element-0aa79be elementor-widget elementor-widget-spacer\" data-id=\"0aa79be\" data-element_type=\"widget\" data-widget_type=\"spacer.default\">\n\t\t\t\t<div class=\"elementor-widget-container\">\n\t\t\t\t\t<div class=\"elementor-spacer\">\n\t\t\t<div class=\"elementor-spacer-inner\"><\/div>\n\t\t<\/div>\n\t\t\t\t<\/div>\n\t\t\t\t<\/div>\n\t\t\t\t\t<\/div>\n\t\t<\/div>\n\t\t\t\t\t\t\t<\/div>\n\t\t<\/section>\n\t\t\t\t<div class=\"elementor-section elementor-top-section elementor-element elementor-element-6d9b48d elementor-section-stretched elementor-section-boxed elementor-section-height-default elementor-section-height-default\" data-id=\"6d9b48d\" data-element_type=\"section\" data-settings=\"{&quot;stretch_section&quot;:&quot;section-stretched&quot;}\">\n\t\t\t\t\t\t<div class=\"elementor-container elementor-column-gap-no\">\n\t\t\t\t\t<div class=\"elementor-column elementor-col-33 elementor-top-column elementor-element elementor-element-a5655ab\" data-id=\"a5655ab\" data-element_type=\"column\">\n\t\t\t<div class=\"elementor-widget-wrap elementor-element-populated\">\n\t\t\t\t\t\t\t\t<div class=\"elementor-element elementor-element-10127da animated-fast elementor-position-top imagebox-svg-transform-none elementor-vertical-align-top elementor-invisible elementor-widget elementor-widget-image-box\" data-id=\"10127da\" data-element_type=\"widget\" data-settings=\"{&quot;_animation&quot;:&quot;opal-move-up&quot;}\" data-widget_type=\"image-box.default\">\n\t\t\t\t<div class=\"elementor-widget-container\">\n\t\t\t<style>\/*! elementor - v3.5.4 - 23-01-2022 *\/\n.elementor-widget-image-box .elementor-image-box-content{width:100%}@media (min-width:768px){.elementor-widget-image-box.elementor-position-left .elementor-image-box-wrapper,.elementor-widget-image-box.elementor-position-right .elementor-image-box-wrapper{display:-webkit-box;display:-ms-flexbox;display:flex}.elementor-widget-image-box.elementor-position-right .elementor-image-box-wrapper{text-align:right;-webkit-box-orient:horizontal;-webkit-box-direction:reverse;-ms-flex-direction:row-reverse;flex-direction:row-reverse}.elementor-widget-image-box.elementor-position-left .elementor-image-box-wrapper{text-align:left;-webkit-box-orient:horizontal;-webkit-box-direction:normal;-ms-flex-direction:row;flex-direction:row}.elementor-widget-image-box.elementor-position-top .elementor-image-box-img{margin:auto}.elementor-widget-image-box.elementor-vertical-align-top .elementor-image-box-wrapper{-webkit-box-align:start;-ms-flex-align:start;align-items:flex-start}.elementor-widget-image-box.elementor-vertical-align-middle .elementor-image-box-wrapper{-webkit-box-align:center;-ms-flex-align:center;align-items:center}.elementor-widget-image-box.elementor-vertical-align-bottom .elementor-image-box-wrapper{-webkit-box-align:end;-ms-flex-align:end;align-items:flex-end}}@media (max-width:767px){.elementor-widget-image-box .elementor-image-box-img{margin-left:auto!important;margin-right:auto!important;margin-bottom:15px}}.elementor-widget-image-box .elementor-image-box-img{display:inline-block}.elementor-widget-image-box .elementor-image-box-title a{color:inherit}.elementor-widget-image-box .elementor-image-box-wrapper{text-align:center}.elementor-widget-image-box .elementor-image-box-description{margin:0}<\/style><div class=\"elementor-image-box-wrapper\"><div class=\"elementor-image-framed\"><figure class=\"elementor-image-box-img\"><img loading=\"lazy\" decoding=\"async\" width=\"2560\" height=\"1706\" src=\"https:\/\/apartmani-sunce.com\/wp-content\/uploads\/2022\/01\/Nin-9-scaled-1.jpg\" class=\"elementor-animation-float attachment-full size-full\" alt=\"\" srcset=\"https:\/\/apartmani-sunce.com\/wp-content\/uploads\/2022\/01\/Nin-9-scaled-1.jpg 2560w, https:\/\/apartmani-sunce.com\/wp-content\/uploads\/2022\/01\/Nin-9-scaled-1-300x200.jpg 300w, https:\/\/apartmani-sunce.com\/wp-content\/uploads\/2022\/01\/Nin-9-scaled-1-1024x682.jpg 1024w, https:\/\/apartmani-sunce.com\/wp-content\/uploads\/2022\/01\/Nin-9-scaled-1-768x512.jpg 768w, https:\/\/apartmani-sunce.com\/wp-content\/uploads\/2022\/01\/Nin-9-scaled-1-1536x1024.jpg 1536w, https:\/\/apartmani-sunce.com\/wp-content\/uploads\/2022\/01\/Nin-9-scaled-1-2048x1365.jpg 2048w, https:\/\/apartmani-sunce.com\/wp-content\/uploads\/2022\/01\/Nin-9-scaled-1-700x466.jpg 700w\" sizes=\"auto, (max-width: 2560px) 100vw, 2560px\" \/><\/figure><\/div><div class=\"elementor-image-box-content\"><h3 class=\"elementor-image-box-title\">Nin (12km)<\/h3><p class=\"elementor-image-box-description\">die \u00e4lteste kroatische K\u00f6nigsstadt. Das Zentrum der antiken Stadt ist eine Insel mit einem\nDurchmesser von 500 m, die durch zwei Br\u00fccken mit dem Festland verbunden ist. Es hat die kleinste\nKathedrale der Welt. Es hat eine Saline mit einer tausendj\u00e4hrigen Tradition. Ber\u00fchrt man den Daumen der\nStatue des Bischofs Gregor von Nin \u2013 sagt die Legende \u2013 hat man sich das Gl\u00fcck gesichert.<\/p><\/div><\/div>\t\t<\/div>\n\t\t\t\t<\/div>\n\t\t\t\t\t<\/div>\n\t\t<\/div>\n\t\t\t\t<div class=\"elementor-column elementor-col-33 elementor-top-column elementor-element elementor-element-817e986\" data-id=\"817e986\" data-element_type=\"column\">\n\t\t\t<div class=\"elementor-widget-wrap elementor-element-populated\">\n\t\t\t\t\t\t\t\t<div class=\"elementor-element elementor-element-226a8ba animated-fast elementor-position-top imagebox-svg-transform-none elementor-vertical-align-top elementor-invisible elementor-widget elementor-widget-image-box\" data-id=\"226a8ba\" data-element_type=\"widget\" data-settings=\"{&quot;_animation&quot;:&quot;opal-move-up&quot;}\" data-widget_type=\"image-box.default\">\n\t\t\t\t<div class=\"elementor-widget-container\">\n\t\t\t<div class=\"elementor-image-box-wrapper\"><div class=\"elementor-image-framed\"><figure class=\"elementor-image-box-img\"><img loading=\"lazy\" decoding=\"async\" width=\"960\" height=\"720\" src=\"https:\/\/apartmani-sunce.com\/wp-content\/uploads\/2022\/01\/mountain-6248832_960_720.jpg\" class=\"elementor-animation-float attachment-full size-full\" alt=\"\" srcset=\"https:\/\/apartmani-sunce.com\/wp-content\/uploads\/2022\/01\/mountain-6248832_960_720.jpg 960w, https:\/\/apartmani-sunce.com\/wp-content\/uploads\/2022\/01\/mountain-6248832_960_720-300x225.jpg 300w, https:\/\/apartmani-sunce.com\/wp-content\/uploads\/2022\/01\/mountain-6248832_960_720-768x576.jpg 768w, https:\/\/apartmani-sunce.com\/wp-content\/uploads\/2022\/01\/mountain-6248832_960_720-700x525.jpg 700w\" sizes=\"auto, (max-width: 960px) 100vw, 960px\" \/><\/figure><\/div><div class=\"elementor-image-box-content\"><h3 class=\"elementor-image-box-title\">Paklenica (60km)<\/h3><p class=\"elementor-image-box-description\">Nationalpark mit einer Fl\u00e4che von 95 km2 an den H\u00e4ngen des s\u00fcdlichen Velebit. Es\numfasst das Gebiet der Fl\u00fcsse Velika und Mala Paklenica. Bekannt f\u00fcr das Canyon-Gebiet, das vertikal in\ndie H\u00e4nge des Velebit eingeschnitten ist.<\/p><\/div><\/div>\t\t<\/div>\n\t\t\t\t<\/div>\n\t\t\t\t\t<\/div>\n\t\t<\/div>\n\t\t\t\t<div class=\"elementor-column elementor-col-33 elementor-top-column elementor-element elementor-element-8438234\" data-id=\"8438234\" data-element_type=\"column\">\n\t\t\t<div class=\"elementor-widget-wrap elementor-element-populated\">\n\t\t\t\t\t\t\t\t<div class=\"elementor-element elementor-element-81e2d83 animated-fast elementor-position-top imagebox-svg-transform-none elementor-vertical-align-top elementor-invisible elementor-widget elementor-widget-image-box\" data-id=\"81e2d83\" data-element_type=\"widget\" data-settings=\"{&quot;_animation&quot;:&quot;opal-move-up&quot;}\" data-widget_type=\"image-box.default\">\n\t\t\t\t<div class=\"elementor-widget-container\">\n\t\t\t<div class=\"elementor-image-box-wrapper\"><div class=\"elementor-image-framed\"><figure class=\"elementor-image-box-img\"><img loading=\"lazy\" decoding=\"async\" width=\"600\" height=\"400\" src=\"https:\/\/apartmani-sunce.com\/wp-content\/uploads\/2022\/01\/depositphotos_31477929-stock-photo-zadar-aerial.webp\" class=\"elementor-animation-float attachment-full size-full\" alt=\"\" srcset=\"https:\/\/apartmani-sunce.com\/wp-content\/uploads\/2022\/01\/depositphotos_31477929-stock-photo-zadar-aerial.webp 600w, https:\/\/apartmani-sunce.com\/wp-content\/uploads\/2022\/01\/depositphotos_31477929-stock-photo-zadar-aerial-300x200.webp 300w\" sizes=\"auto, (max-width: 600px) 100vw, 600px\" \/><\/figure><\/div><div class=\"elementor-image-box-content\"><h3 class=\"elementor-image-box-title\">Zadar (25km)<\/h3><p class=\"elementor-image-box-description\">eine Stadt im Zentrum Dalmatiens, ein ausgezeichneter Ausgangspunkt f\u00fcr jedes Ziel.\nZadar ist eine Stadt im Herzen der Adria. Dort leben mehr als 75.000 Menschen. Es ist eine der sch\u00f6nsten\nAltst\u00e4dte Kroatiens. Hier finden Sie Galerien, Museen, historische Geb\u00e4ude, Denkm\u00e4ler, eine\nMeeresorgel und den Platz \"Gru\u00df an die Sonne\".<\/p><\/div><\/div>\t\t<\/div>\n\t\t\t\t<\/div>\n\t\t\t\t\t<\/div>\n\t\t<\/div>\n\t\t\t\t\t\t\t<\/div>\n\t\t<\/div>\n\t\t\t\t<div class=\"elementor-section elementor-top-section elementor-element elementor-element-7400869 elementor-section-stretched elementor-section-boxed elementor-section-height-default elementor-section-height-default\" data-id=\"7400869\" data-element_type=\"section\" data-settings=\"{&quot;stretch_section&quot;:&quot;section-stretched&quot;}\">\n\t\t\t\t\t\t<div class=\"elementor-container elementor-column-gap-no\">\n\t\t\t\t\t<div class=\"elementor-column elementor-col-33 elementor-top-column elementor-element elementor-element-a6bcded\" data-id=\"a6bcded\" data-element_type=\"column\">\n\t\t\t<div class=\"elementor-widget-wrap elementor-element-populated\">\n\t\t\t\t\t\t\t\t<div class=\"elementor-element elementor-element-e46b926 animated-fast elementor-position-top imagebox-svg-transform-none elementor-vertical-align-top elementor-invisible elementor-widget elementor-widget-image-box\" data-id=\"e46b926\" data-element_type=\"widget\" data-settings=\"{&quot;_animation&quot;:&quot;opal-move-up&quot;}\" data-widget_type=\"image-box.default\">\n\t\t\t\t<div class=\"elementor-widget-container\">\n\t\t\t<div class=\"elementor-image-box-wrapper\"><div class=\"elementor-image-framed\"><figure class=\"elementor-image-box-img\"><img loading=\"lazy\" decoding=\"async\" width=\"800\" height=\"533\" src=\"https:\/\/apartmani-sunce.com\/wp-content\/uploads\/2022\/01\/dsa.jpg\" class=\"elementor-animation-float attachment-full size-full\" alt=\"\" srcset=\"https:\/\/apartmani-sunce.com\/wp-content\/uploads\/2022\/01\/dsa.jpg 800w, https:\/\/apartmani-sunce.com\/wp-content\/uploads\/2022\/01\/dsa-300x200.jpg 300w, https:\/\/apartmani-sunce.com\/wp-content\/uploads\/2022\/01\/dsa-768x512.jpg 768w, https:\/\/apartmani-sunce.com\/wp-content\/uploads\/2022\/01\/dsa-700x466.jpg 700w\" sizes=\"auto, (max-width: 800px) 100vw, 800px\" \/><\/figure><\/div><div class=\"elementor-image-box-content\"><h3 class=\"elementor-image-box-title\">Kornati<\/h3><\/div><\/div>\t\t<\/div>\n\t\t\t\t<\/div>\n\t\t\t\t<div class=\"elementor-element elementor-element-ae09bf3 animated-fast elementor-position-top imagebox-svg-transform-none elementor-vertical-align-top elementor-invisible elementor-widget elementor-widget-image-box\" data-id=\"ae09bf3\" data-element_type=\"widget\" data-settings=\"{&quot;_animation&quot;:&quot;opal-move-up&quot;}\" data-widget_type=\"image-box.default\">\n\t\t\t\t<div class=\"elementor-widget-container\">\n\t\t\t<div class=\"elementor-image-box-wrapper\"><div class=\"elementor-image-framed\"><figure class=\"elementor-image-box-img\"><img loading=\"lazy\" decoding=\"async\" width=\"970\" height=\"727\" src=\"https:\/\/apartmani-sunce.com\/wp-content\/uploads\/2022\/01\/plitvice-lakes-national-park-in-croatia-landscape.jpg\" class=\"elementor-animation-float attachment-full size-full\" alt=\"\" srcset=\"https:\/\/apartmani-sunce.com\/wp-content\/uploads\/2022\/01\/plitvice-lakes-national-park-in-croatia-landscape.jpg 970w, https:\/\/apartmani-sunce.com\/wp-content\/uploads\/2022\/01\/plitvice-lakes-national-park-in-croatia-landscape-300x225.jpg 300w, https:\/\/apartmani-sunce.com\/wp-content\/uploads\/2022\/01\/plitvice-lakes-national-park-in-croatia-landscape-768x576.jpg 768w, https:\/\/apartmani-sunce.com\/wp-content\/uploads\/2022\/01\/plitvice-lakes-national-park-in-croatia-landscape-700x525.jpg 700w\" sizes=\"auto, (max-width: 970px) 100vw, 970px\" \/><\/figure><\/div><div class=\"elementor-image-box-content\"><h3 class=\"elementor-image-box-title\">Plitvicer Seen<\/h3><\/div><\/div>\t\t<\/div>\n\t\t\t\t<\/div>\n\t\t\t\t\t<\/div>\n\t\t<\/div>\n\t\t\t\t<div class=\"elementor-column elementor-col-33 elementor-top-column elementor-element elementor-element-e2a4cb4\" data-id=\"e2a4cb4\" data-element_type=\"column\">\n\t\t\t<div class=\"elementor-widget-wrap elementor-element-populated\">\n\t\t\t\t\t\t\t\t<div class=\"elementor-element elementor-element-3b2eda7 animated-fast elementor-position-top imagebox-svg-transform-none elementor-vertical-align-top elementor-invisible elementor-widget elementor-widget-image-box\" data-id=\"3b2eda7\" data-element_type=\"widget\" data-settings=\"{&quot;_animation&quot;:&quot;opal-move-up&quot;}\" data-widget_type=\"image-box.default\">\n\t\t\t\t<div class=\"elementor-widget-container\">\n\t\t\t<div class=\"elementor-image-box-wrapper\"><div class=\"elementor-image-framed\"><figure class=\"elementor-image-box-img\"><img loading=\"lazy\" decoding=\"async\" width=\"612\" height=\"408\" src=\"https:\/\/apartmani-sunce.com\/wp-content\/uploads\/2022\/01\/vransko.jpg\" class=\"elementor-animation-float attachment-full size-full\" alt=\"\" srcset=\"https:\/\/apartmani-sunce.com\/wp-content\/uploads\/2022\/01\/vransko.jpg 612w, https:\/\/apartmani-sunce.com\/wp-content\/uploads\/2022\/01\/vransko-300x200.jpg 300w\" sizes=\"auto, (max-width: 612px) 100vw, 612px\" \/><\/figure><\/div><div class=\"elementor-image-box-content\"><h3 class=\"elementor-image-box-title\">Vrana-See<\/h3><\/div><\/div>\t\t<\/div>\n\t\t\t\t<\/div>\n\t\t\t\t\t<\/div>\n\t\t<\/div>\n\t\t\t\t<div class=\"elementor-column elementor-col-33 elementor-top-column elementor-element elementor-element-cce73c2\" data-id=\"cce73c2\" data-element_type=\"column\">\n\t\t\t<div class=\"elementor-widget-wrap elementor-element-populated\">\n\t\t\t\t\t\t\t\t<div class=\"elementor-element elementor-element-c200da6 animated-fast elementor-position-top imagebox-svg-transform-none elementor-vertical-align-top elementor-invisible elementor-widget elementor-widget-image-box\" data-id=\"c200da6\" data-element_type=\"widget\" data-settings=\"{&quot;_animation&quot;:&quot;opal-move-up&quot;}\" data-widget_type=\"image-box.default\">\n\t\t\t\t<div class=\"elementor-widget-container\">\n\t\t\t<div class=\"elementor-image-box-wrapper\"><div class=\"elementor-image-framed\"><figure class=\"elementor-image-box-img\"><img loading=\"lazy\" decoding=\"async\" width=\"960\" height=\"540\" src=\"https:\/\/apartmani-sunce.com\/wp-content\/uploads\/2022\/01\/krka.jpg\" class=\"elementor-animation-float attachment-full size-full\" alt=\"\" srcset=\"https:\/\/apartmani-sunce.com\/wp-content\/uploads\/2022\/01\/krka.jpg 960w, https:\/\/apartmani-sunce.com\/wp-content\/uploads\/2022\/01\/krka-300x169.jpg 300w, https:\/\/apartmani-sunce.com\/wp-content\/uploads\/2022\/01\/krka-768x432.jpg 768w, https:\/\/apartmani-sunce.com\/wp-content\/uploads\/2022\/01\/krka-700x394.jpg 700w\" sizes=\"auto, (max-width: 960px) 100vw, 960px\" \/><\/figure><\/div><div class=\"elementor-image-box-content\"><h3 class=\"elementor-image-box-title\">Krka<\/h3><\/div><\/div>\t\t<\/div>\n\t\t\t\t<\/div>\n\t\t\t\t\t<\/div>\n\t\t<\/div>\n\t\t\t\t\t\t\t<\/div>\n\t\t<\/div>\n\t\t\t\t\t\t<\/div>\n\t\t\t\t\t<\/div>\n\t\t","protected":false},"excerpt":{"rendered":"<p>Nin (12km) die \u00e4lteste kroatische K\u00f6nigsstadt. Das Zentrum der antiken Stadt ist eine Insel mit einem Durchmesser von 500 m, die durch zwei Br\u00fccken mit dem Festland verbunden ist. Es hat die kleinste Kathedrale der Welt. Es hat eine Saline mit einer tausendj\u00e4hrigen Tradition. Ber\u00fchrt man den Daumen der Statue des Bischofs Gregor von Nin &hellip; <span class=\"more-link-wrap\"><a href=\"https:\/\/apartmani-sunce.com\/de\/izleti\/\" class=\"more-link\">Read More <span class=\"screen-reader-text\"> &#8222;Ausfl\u00fcge&#8220;<\/span><\/a><\/span><\/p>\n","protected":false},"author":1,"featured_media":0,"parent":0,"menu_order":0,"comment_status":"closed","ping_status":"closed","template":"page-elementor.php","meta":{"footnotes":""},"class_list":["post-4453","page","type-page","status-publish","hentry"],"yoast_head":"<!-- This site is optimized with the Yoast SEO plugin v18.0 - https:\/\/yoast.com\/wordpress\/plugins\/seo\/ -->\n<title>Ausfl\u00fcge - Apartmani Sunce<\/title>\n<meta name=\"robots\" content=\"index, follow, max-snippet:-1, max-image-preview:large, max-video-preview:-1\" \/>\n<link rel=\"canonical\" href=\"https:\/\/apartmani-sunce.com\/de\/izleti\/\" \/>\n<meta property=\"og:locale\" content=\"de_DE\" \/>\n<meta property=\"og:type\" content=\"article\" \/>\n<meta property=\"og:title\" content=\"Ausfl\u00fcge - Apartmani Sunce\" \/>\n<meta property=\"og:description\" content=\"Nin (12km) die \u00e4lteste kroatische K\u00f6nigsstadt. Das Zentrum der antiken Stadt ist eine Insel mit einem Durchmesser von 500 m, die durch zwei Br\u00fccken mit dem Festland verbunden ist. Es hat die kleinste Kathedrale der Welt. Es hat eine Saline mit einer tausendj\u00e4hrigen Tradition. Ber\u00fchrt man den Daumen der Statue des Bischofs Gregor von Nin &hellip; Read More &quot;Ausfl\u00fcge&quot;\" \/>\n<meta property=\"og:url\" content=\"https:\/\/apartmani-sunce.com\/de\/izleti\/\" \/>\n<meta property=\"og:site_name\" content=\"Apartmani Sunce\" \/>\n<meta property=\"article:publisher\" content=\"https:\/\/www.facebook.com\/apartmanisuncevir\" \/>\n<meta property=\"article:modified_time\" content=\"2022-01-26T18:49:01+00:00\" \/>\n<meta property=\"og:image\" content=\"https:\/\/apartmani-sunce.com\/wp-content\/uploads\/2022\/01\/Nin-9-scaled-1.jpg\" \/>\n<meta name=\"twitter:card\" content=\"summary_large_image\" \/>\n<meta name=\"twitter:label1\" content=\"Gesch\u00e4tzte Lesezeit\" \/>\n\t<meta name=\"twitter:data1\" content=\"1\u00a0Minute\" \/>\n<script type=\"application\/ld+json\" class=\"yoast-schema-graph\">{\"@context\":\"https:\/\/schema.org\",\"@graph\":[{\"@type\":\"Organization\",\"@id\":\"https:\/\/apartmani-sunce.com\/#organization\",\"name\":\"Apartmani Sunce\",\"url\":\"https:\/\/apartmani-sunce.com\/\",\"sameAs\":[\"https:\/\/www.facebook.com\/apartmanisuncevir\"],\"logo\":{\"@type\":\"ImageObject\",\"@id\":\"https:\/\/apartmani-sunce.com\/#logo\",\"inLanguage\":\"de\",\"url\":\"https:\/\/apartmani-sunce.com\/wp-content\/uploads\/2021\/12\/IMG-20210808-WA0016.jpg\",\"contentUrl\":\"https:\/\/apartmani-sunce.com\/wp-content\/uploads\/2021\/12\/IMG-20210808-WA0016.jpg\",\"width\":1600,\"height\":1200,\"caption\":\"Apartmani Sunce\"},\"image\":{\"@id\":\"https:\/\/apartmani-sunce.com\/#logo\"}},{\"@type\":\"WebSite\",\"@id\":\"https:\/\/apartmani-sunce.com\/#website\",\"url\":\"https:\/\/apartmani-sunce.com\/\",\"name\":\"Apartmani Sunce\",\"description\":\"Apartmani Sunce - Otok Vir\",\"publisher\":{\"@id\":\"https:\/\/apartmani-sunce.com\/#organization\"},\"potentialAction\":[{\"@type\":\"SearchAction\",\"target\":{\"@type\":\"EntryPoint\",\"urlTemplate\":\"https:\/\/apartmani-sunce.com\/?s={search_term_string}\"},\"query-input\":\"required name=search_term_string\"}],\"inLanguage\":\"de\"},{\"@type\":\"ImageObject\",\"@id\":\"https:\/\/apartmani-sunce.com\/de\/izleti\/#primaryimage\",\"inLanguage\":\"de\",\"url\":\"https:\/\/apartmani-sunce.com\/wp-content\/uploads\/2022\/01\/Nin-9-scaled-1.jpg\",\"contentUrl\":\"https:\/\/apartmani-sunce.com\/wp-content\/uploads\/2022\/01\/Nin-9-scaled-1.jpg\",\"width\":2560,\"height\":1706},{\"@type\":\"WebPage\",\"@id\":\"https:\/\/apartmani-sunce.com\/de\/izleti\/#webpage\",\"url\":\"https:\/\/apartmani-sunce.com\/de\/izleti\/\",\"name\":\"Ausfl\u00fcge - Apartmani Sunce\",\"isPartOf\":{\"@id\":\"https:\/\/apartmani-sunce.com\/#website\"},\"primaryImageOfPage\":{\"@id\":\"https:\/\/apartmani-sunce.com\/de\/izleti\/#primaryimage\"},\"datePublished\":\"2019-07-24T06:17:53+00:00\",\"dateModified\":\"2022-01-26T18:49:01+00:00\",\"breadcrumb\":{\"@id\":\"https:\/\/apartmani-sunce.com\/de\/izleti\/#breadcrumb\"},\"inLanguage\":\"de\",\"potentialAction\":[{\"@type\":\"ReadAction\",\"target\":[\"https:\/\/apartmani-sunce.com\/de\/izleti\/\"]}]},{\"@type\":\"BreadcrumbList\",\"@id\":\"https:\/\/apartmani-sunce.com\/de\/izleti\/#breadcrumb\",\"itemListElement\":[{\"@type\":\"ListItem\",\"position\":1,\"name\":\"Home\",\"item\":\"https:\/\/apartmani-sunce.com\/de\/\"},{\"@type\":\"ListItem\",\"position\":2,\"name\":\"Ausfl\u00fcge\"}]}]}<\/script>\n<!-- \/ Yoast SEO plugin. -->","yoast_head_json":{"title":"Ausfl\u00fcge - Apartmani Sunce","robots":{"index":"index","follow":"follow","max-snippet":"max-snippet:-1","max-image-preview":"max-image-preview:large","max-video-preview":"max-video-preview:-1"},"canonical":"https:\/\/apartmani-sunce.com\/de\/izleti\/","og_locale":"de_DE","og_type":"article","og_title":"Ausfl\u00fcge - Apartmani Sunce","og_description":"Nin (12km) die \u00e4lteste kroatische K\u00f6nigsstadt. Das Zentrum der antiken Stadt ist eine Insel mit einem Durchmesser von 500 m, die durch zwei Br\u00fccken mit dem Festland verbunden ist. Es hat die kleinste Kathedrale der Welt. Es hat eine Saline mit einer tausendj\u00e4hrigen Tradition. Ber\u00fchrt man den Daumen der Statue des Bischofs Gregor von Nin &hellip; Read More \"Ausfl\u00fcge\"","og_url":"https:\/\/apartmani-sunce.com\/de\/izleti\/","og_site_name":"Apartmani Sunce","article_publisher":"https:\/\/www.facebook.com\/apartmanisuncevir","article_modified_time":"2022-01-26T18:49:01+00:00","og_image":[{"url":"https:\/\/apartmani-sunce.com\/wp-content\/uploads\/2022\/01\/Nin-9-scaled-1.jpg"}],"twitter_card":"summary_large_image","twitter_misc":{"Gesch\u00e4tzte Lesezeit":"1\u00a0Minute"},"schema":{"@context":"https:\/\/schema.org","@graph":[{"@type":"Organization","@id":"https:\/\/apartmani-sunce.com\/#organization","name":"Apartmani Sunce","url":"https:\/\/apartmani-sunce.com\/","sameAs":["https:\/\/www.facebook.com\/apartmanisuncevir"],"logo":{"@type":"ImageObject","@id":"https:\/\/apartmani-sunce.com\/#logo","inLanguage":"de","url":"https:\/\/apartmani-sunce.com\/wp-content\/uploads\/2021\/12\/IMG-20210808-WA0016.jpg","contentUrl":"https:\/\/apartmani-sunce.com\/wp-content\/uploads\/2021\/12\/IMG-20210808-WA0016.jpg","width":1600,"height":1200,"caption":"Apartmani Sunce"},"image":{"@id":"https:\/\/apartmani-sunce.com\/#logo"}},{"@type":"WebSite","@id":"https:\/\/apartmani-sunce.com\/#website","url":"https:\/\/apartmani-sunce.com\/","name":"Apartmani Sunce","description":"Apartmani Sunce - Otok Vir","publisher":{"@id":"https:\/\/apartmani-sunce.com\/#organization"},"potentialAction":[{"@type":"SearchAction","target":{"@type":"EntryPoint","urlTemplate":"https:\/\/apartmani-sunce.com\/?s={search_term_string}"},"query-input":"required name=search_term_string"}],"inLanguage":"de"},{"@type":"ImageObject","@id":"https:\/\/apartmani-sunce.com\/de\/izleti\/#primaryimage","inLanguage":"de","url":"https:\/\/apartmani-sunce.com\/wp-content\/uploads\/2022\/01\/Nin-9-scaled-1.jpg","contentUrl":"https:\/\/apartmani-sunce.com\/wp-content\/uploads\/2022\/01\/Nin-9-scaled-1.jpg","width":2560,"height":1706},{"@type":"WebPage","@id":"https:\/\/apartmani-sunce.com\/de\/izleti\/#webpage","url":"https:\/\/apartmani-sunce.com\/de\/izleti\/","name":"Ausfl\u00fcge - Apartmani Sunce","isPartOf":{"@id":"https:\/\/apartmani-sunce.com\/#website"},"primaryImageOfPage":{"@id":"https:\/\/apartmani-sunce.com\/de\/izleti\/#primaryimage"},"datePublished":"2019-07-24T06:17:53+00:00","dateModified":"2022-01-26T18:49:01+00:00","breadcrumb":{"@id":"https:\/\/apartmani-sunce.com\/de\/izleti\/#breadcrumb"},"inLanguage":"de","potentialAction":[{"@type":"ReadAction","target":["https:\/\/apartmani-sunce.com\/de\/izleti\/"]}]},{"@type":"BreadcrumbList","@id":"https:\/\/apartmani-sunce.com\/de\/izleti\/#breadcrumb","itemListElement":[{"@type":"ListItem","position":1,"name":"Home","item":"https:\/\/apartmani-sunce.com\/de\/"},{"@type":"ListItem","position":2,"name":"Ausfl\u00fcge"}]}]}},"_links":{"self":[{"href":"https:\/\/apartmani-sunce.com\/de\/wp-json\/wp\/v2\/pages\/4453","targetHints":{"allow":["GET"]}}],"collection":[{"href":"https:\/\/apartmani-sunce.com\/de\/wp-json\/wp\/v2\/pages"}],"about":[{"href":"https:\/\/apartmani-sunce.com\/de\/wp-json\/wp\/v2\/types\/page"}],"author":[{"embeddable":true,"href":"https:\/\/apartmani-sunce.com\/de\/wp-json\/wp\/v2\/users\/1"}],"replies":[{"embeddable":true,"href":"https:\/\/apartmani-sunce.com\/de\/wp-json\/wp\/v2\/comments?post=4453"}],"version-history":[{"count":4,"href":"https:\/\/apartmani-sunce.com\/de\/wp-json\/wp\/v2\/pages\/4453\/revisions"}],"predecessor-version":[{"id":4610,"href":"https:\/\/apartmani-sunce.com\/de\/wp-json\/wp\/v2\/pages\/4453\/revisions\/4610"}],"wp:attachment":[{"href":"https:\/\/apartmani-sunce.com\/de\/wp-json\/wp\/v2\/media?parent=4453"}],"curies":[{"name":"wp","href":"https:\/\/api.w.org\/{rel}","templated":true}]}}